{"id":99,"date":"2023-04-03T20:29:59","date_gmt":"2023-04-03T18:29:59","guid":{"rendered":"https:\/\/iicstoccolma.esteri.it\/chi-siamo\/"},"modified":"2025-11-10T11:14:13","modified_gmt":"2025-11-10T10:14:13","slug":"chi-siamo","status":"publish","type":"page","link":"https:\/\/iicstoccolma.esteri.it\/sv\/chi-siamo\/","title":{"rendered":"Om oss"},"content":{"rendered":"<h5>V\u00e4lkommen till Italienska Kulturinstitutets hemsida!<\/h5>\n<p>Italienska Kulturinstitutet &#8221;C.M. Lerici&#8221; \u00e4r en del av Italienska Utrikesdepartementet (MAECI) och dess uppgift \u00e4r att fungera som en <strong>f\u00f6rbindelsel\u00e4nk mellan Italien och Sverige<\/strong> samt att fr\u00e4mja kulturarbetet l\u00e4nderna emellan. Institutet utf\u00f6r detta arbete genom att bl.a.:<\/p>\n<ul>\n<li>Organisera <a href=\"https:\/\/iicstoccolma.esteri.it\/sv\/gli_eventi\/calendario\/\">evenemang<\/a>, s\u00e5som konserter, filmvisningar, f\u00f6redrag, utst\u00e4llningar m.m.<\/li>\n<li>Tillhandah\u00e5lla ett <a href=\"https:\/\/iicstoccolma.esteri.it\/sv\/lingua-e-cultura\/biblioteca\/\">bibliotek<\/a> med \u00f6ver 25.000 titlar<\/li>\n<li>Ge ut italienska b\u00f6cker p\u00e5 svenska inom bokserien <a href=\"https:\/\/iicstoccolma.esteri.it\/sv\/lingua-e-cultura\/pubblicazioni-delliic\/cartaditalia\/\">Cartaditalia<\/a><\/li>\n<li>Organisera residenser inom modedesign, fotografi och musik<\/li>\n<li>F\u00f6rmedla <a href=\"https:\/\/iicstoccolma.esteri.it\/sv\/lingua-e-cultura\/borse-di-studio\/\">bidrag<\/a> f\u00f6r italienskastudier i Italien, forskningsprojekt och \u00f6vers\u00e4ttning<\/li>\n<li>Organisera spr\u00e5ktestet <a href=\"https:\/\/iicstoccolma.esteri.it\/sv\/lingua-e-cultura\/certificazioni\/\">PLIDA<\/a><\/li>\n<\/ul>\n<p>Intitutet ligger i en byggnad p\u00e5 G\u00e4rdet ritad och inredd av Gio Ponti. F\u00f6r att l\u00e4sa mer om byggnadens historia, <a href=\"https:\/\/iicstoccolma.esteri.it\/sv\/chi-siamo\/la-sede\/\">klicka h\u00e4r<\/a>. F\u00f6r att se v\u00e4gbeskrivning och aktuella \u00f6ppettider, <a href=\"https:\/\/iicstoccolma.esteri.it\/sv\/chi-siamo\/contatti\/\">klicka h\u00e4r<\/a>.<\/p>\n","protected":false},"excerpt":{"rendered":"V\u00e4lkommen till Italienska Kulturinstitutets hemsida! Italienska Kulturinstitutet &#8221;C.M. Lerici&#8221; \u00e4r en del av Italienska Utrikesdepartementet (MAECI) och dess uppgift \u00e4r att fungera som en f\u00f6rbindelsel\u00e4nk mellan Italien och Sverige samt att fr\u00e4mja kulturarbetet l\u00e4nderna emellan. Institutet utf\u00f6r detta arbete genom att bl.a.: Organisera evenemang, s\u00e5som konserter, filmvisningar, f\u00f6redrag, utst\u00e4llningar m.m. Tillhandah\u00e5lla ett bibliotek med \u00f6ver [&hellip;]","protected":false},"author":1,"featured_media":0,"parent":0,"menu_order":2,"comment_status":"closed","ping_status":"closed","template":"","meta":{"footnotes":""},"class_list":["post-99","page","type-page","status-publish","hentry"],"_links":{"self":[{"href":"https:\/\/iicstoccolma.esteri.it\/sv\/wp-json\/wp\/v2\/pages\/99","targetHints":{"allow":["GET"]}}],"collection":[{"href":"https:\/\/iicstoccolma.esteri.it\/sv\/wp-json\/wp\/v2\/pages"}],"about":[{"href":"https:\/\/iicstoccolma.esteri.it\/sv\/wp-json\/wp\/v2\/types\/page"}],"author":[{"embeddable":true,"href":"https:\/\/iicstoccolma.esteri.it\/sv\/wp-json\/wp\/v2\/users\/1"}],"replies":[{"embeddable":true,"href":"https:\/\/iicstoccolma.esteri.it\/sv\/wp-json\/wp\/v2\/comments?post=99"}],"version-history":[{"count":8,"href":"https:\/\/iicstoccolma.esteri.it\/sv\/wp-json\/wp\/v2\/pages\/99\/revisions"}],"predecessor-version":[{"id":50791,"href":"https:\/\/iicstoccolma.esteri.it\/sv\/wp-json\/wp\/v2\/pages\/99\/revisions\/50791"}],"wp:attachment":[{"href":"https:\/\/iicstoccolma.esteri.it\/sv\/wp-json\/wp\/v2\/media?parent=99"}],"curies":[{"name":"wp","href":"https:\/\/api.w.org\/{rel}","templated":true}]}}