{"id":926,"date":"2023-11-01T11:50:10","date_gmt":"2023-11-01T10:50:10","guid":{"rendered":"https:\/\/iicstoccolma.esteri.it\/chi-siamo\/la-sede\/visite-guidate\/"},"modified":"2024-05-22T09:47:34","modified_gmt":"2024-05-22T07:47:34","slug":"visite-guidate","status":"publish","type":"page","link":"https:\/\/iicstoccolma.esteri.it\/sv\/chi-siamo\/contatti\/visite-guidate\/","title":{"rendered":"Guidade visningar"},"content":{"rendered":"<p>Italienska Kulturinstitutet erbjuder guidade visningar av Institutet f\u00f6r <strong>grupper mellan 10-25 personer<\/strong> f\u00f6r <strong>80 kronor <\/strong>(8 euro) per person.<\/p>\n<p>F\u00f6r mer information och f\u00f6r att boka beh\u00f6ver du <strong>skicka en f\u00f6rfr\u00e5gan<\/strong> minst 15 dagar innan till f\u00f6ljande mailadress: <strong><a class=\"focus--mouse\" href=\"mailto:stockholm.segreteria@esteri.it\" data-focus-mouse=\"true\">stockholm.segreteria@esteri.it<\/a><\/strong>.<\/p>\n","protected":false},"excerpt":{"rendered":"Italienska Kulturinstitutet erbjuder guidade visningar av Institutet f\u00f6r grupper mellan 10-25 personer f\u00f6r 80 kronor (8 euro) per person. F\u00f6r mer information och f\u00f6r att boka beh\u00f6ver du skicka en f\u00f6rfr\u00e5gan minst 15 dagar innan till f\u00f6ljande mailadress: stockholm.segreteria@esteri.it.","protected":false},"author":8,"featured_media":0,"parent":103,"menu_order":9,"comment_status":"closed","ping_status":"closed","template":"","meta":{"footnotes":""},"class_list":["post-926","page","type-page","status-publish","hentry"],"_links":{"self":[{"href":"https:\/\/iicstoccolma.esteri.it\/sv\/wp-json\/wp\/v2\/pages\/926","targetHints":{"allow":["GET"]}}],"collection":[{"href":"https:\/\/iicstoccolma.esteri.it\/sv\/wp-json\/wp\/v2\/pages"}],"about":[{"href":"https:\/\/iicstoccolma.esteri.it\/sv\/wp-json\/wp\/v2\/types\/page"}],"author":[{"embeddable":true,"href":"https:\/\/iicstoccolma.esteri.it\/sv\/wp-json\/wp\/v2\/users\/8"}],"replies":[{"embeddable":true,"href":"https:\/\/iicstoccolma.esteri.it\/sv\/wp-json\/wp\/v2\/comments?post=926"}],"version-history":[{"count":7,"href":"https:\/\/iicstoccolma.esteri.it\/sv\/wp-json\/wp\/v2\/pages\/926\/revisions"}],"predecessor-version":[{"id":37358,"href":"https:\/\/iicstoccolma.esteri.it\/sv\/wp-json\/wp\/v2\/pages\/926\/revisions\/37358"}],"up":[{"embeddable":true,"href":"https:\/\/iicstoccolma.esteri.it\/sv\/wp-json\/wp\/v2\/pages\/103"}],"wp:attachment":[{"href":"https:\/\/iicstoccolma.esteri.it\/sv\/wp-json\/wp\/v2\/media?parent=926"}],"curies":[{"name":"wp","href":"https:\/\/api.w.org\/{rel}","templated":true}]}}