{"id":750,"date":"2023-10-13T13:00:28","date_gmt":"2023-10-13T11:00:28","guid":{"rendered":"https:\/\/iicstoccolma.esteri.it\/chi-siamo\/la-sede\/proiezioni\/retrospettiva-su-fellini\/"},"modified":"2024-10-16T11:30:41","modified_gmt":"2024-10-16T09:30:41","slug":"retrospettiva-su-fellini","status":"publish","type":"page","link":"https:\/\/iicstoccolma.esteri.it\/sv\/chi-siamo\/la-sede\/retrospettiva-su-fellini\/","title":{"rendered":"Felliniretrospektiv"},"content":{"rendered":"<h5><strong>Italienska Kulturinstitutet i Stockholm<\/strong>\u00a0samarbetar med\u00a0<strong>Svenska Filminstitutet<\/strong>\u00a0f\u00f6r att visa alla\u00a0<strong>Federico Fellinis filmer<\/strong>\u00a0p\u00e5 bio.<\/h5>\n<p>&nbsp;<\/p>\n<p><img loading=\"lazy\" decoding=\"async\" class=\"wp-image-770 img-fluid aligncenter\" src=\"https:\/\/iicstoccolma.esteri.it\/wp-content\/uploads\/2023\/10\/3-1-300x191.png\" alt=\"\" width=\"827\" height=\"527\" srcset=\"https:\/\/iicstoccolma.esteri.it\/wp-content\/uploads\/2023\/10\/3-1-300x191.png 300w, https:\/\/iicstoccolma.esteri.it\/wp-content\/uploads\/2023\/10\/3-1-768x489.png 768w, https:\/\/iicstoccolma.esteri.it\/wp-content\/uploads\/2023\/10\/3-1.png 886w\" sizes=\"auto, (max-width: 827px) 100vw, 827px\" \/><\/p>\n<p>De nitton filmerna kommer visas p\u00e5 Filmhusets biografer &#8211;\u00a0<strong><a href=\"https:\/\/www.filminstitutet.se\/sv\/se-och-samtala-om-film\/cinemateket-stockholm\/program\/\">Bio Victor<\/a>\u00a0i Stockhom,\u00a0<a href=\"https:\/\/www.filminstitutet.se\/sv\/se-och-samtala-om-film\/Cinemateket-Goteborg\/program\/\">Capitol<\/a>\u00a0i G\u00f6teborg,\u00a0<a href=\"https:\/\/www.filminstitutet.se\/sv\/se-och-samtala-om-film\/Cinemateket-Malmo\/program\/\">Spegeln<\/a>\u00a0i Malm\u00f6<\/strong>\u00a0&#8211; och biljetterna k\u00f6ps p\u00e5 Filminstitutets hemsida. Vi p\u00e5 IIC erbjuder\u00a0<strong>tio gratisbiljetter<\/strong>\u00a0till v\u00e5r publik som kan bokas via v\u00e5r\u00a0hemsida. Felliniretrospektiven ing\u00e5r i temat\u00a0<strong>&#8221;<a href=\"https:\/\/www.filminstitutet.se\/sv\/se-och-samtala-om-film\/cinemateket-stockholm\/cinemateket-hosten-2023-logn\/\">l\u00f6gn<\/a>&#8221;<\/strong>, som \u00e4r centralt f\u00f6r Filmusets visningar den h\u00e4r h\u00f6sten.<\/p>\n<p>Se hela programmet nedan.<\/p>\n<p><strong>Stockholm<\/strong><\/p>\n<ul>\n<li>24 augusti &#8211; 8 \u00bd<\/li>\n<li>30 augusti &#8211;\u00a0Landsv\u00e4gen<\/li>\n<li>3 september &#8211;\u00a0G\u00e4nget<\/li>\n<li>7\u00a0september &#8211;\u00a0Rampljusens barn<\/li>\n<li>13\u00a0september &#8211; Fellinis Satyricon<\/li>\n<li>17\u00a0september &#8211;\u00a0Det ljuva livet<\/li>\n<li>21\u00a0september &#8211;\u00a0Och skeppet g\u00e5r<\/li>\n<li>23\u00a0september &#8211; Fellinis Casanova<\/li>\n<li>28\u00a0september &#8211; Julietta och andarna<\/li>\n<li>1 oktober &#8211;\u00a0Kvinnostaden<\/li>\n<li>5\u00a0oktober &#8211; Fellinis Roma<\/li>\n<li>7\u00a0oktober &#8211;\u00a0Cabirias n\u00e4tter<\/li>\n<li>19\u00a0oktober &#8211; Fellinis Amarcord<\/li>\n<li>24\u00a0oktober &#8211;\u00a0Skurken<\/li>\n<li>28\u00a0oktober &#8211;\u00a0Orkesterrepititionen<\/li>\n<li>31\u00a0oktober &#8211;\u00a0Den vita schejken<\/li>\n<li>9 november &#8211;\u00a0M\u00e5nens r\u00f6st<\/li>\n<li>19\u00a0november &#8211; Ginger &amp; Fred<\/li>\n<li>26\u00a0november\u00a0&#8211; Intervista<\/li>\n<\/ul>\n<p><strong>G\u00f6teborg<\/strong><\/p>\n<ul>\n<li>2 september, kl. 14:00 &#8211;\u00a0<a href=\"https:\/\/www.filminstitutet.se\/sv\/se-och-samtala-om-film\/Cinemateket-Goteborg\/filmer\/?filmId=1336&amp;cityId=2\">Det ljuva livet<\/a><\/li>\n<li>3 oktober, kl. 18:30 &#8211;\u00a0<a href=\"https:\/\/www.filminstitutet.se\/sv\/se-och-samtala-om-film\/Cinemateket-Goteborg\/filmer\/?filmId=5151&amp;cityId=2\">La strada<\/a><\/li>\n<li>4 november, kl. 14:00 &#8211;\u00a0<a href=\"https:\/\/www.filminstitutet.se\/sv\/se-och-samtala-om-film\/Cinemateket-Goteborg\/filmer\/?filmId=3834&amp;cityId=2\">Cabirias n\u00e4tter<\/a><\/li>\n<li>2 december, kl. 14:00 &#8211;\u00a0<a href=\"https:\/\/www.filminstitutet.se\/sv\/se-och-samtala-om-film\/Cinemateket-Goteborg\/filmer\/?filmId=13605&amp;cityId=2\">M\u00e5nens r\u00f6st<\/a><\/li>\n<\/ul>\n<p><strong>Malm\u00f6<\/strong><\/p>\n<ul>\n<li>29 augusti, kl. 18:00 &#8211;\u00a0<a href=\"https:\/\/www.filminstitutet.se\/sv\/se-och-samtala-om-film\/Cinemateket-Malmo\/filmer\/?filmId=1336&amp;cityId=3\">Det ljuva livet<\/a><\/li>\n<li>14 november, kl. 18:00 &#8211;\u00a0<a href=\"https:\/\/www.filminstitutet.se\/sv\/se-och-samtala-om-film\/Cinemateket-Malmo\/filmer\/?filmId=5151&amp;cityId=3\">La strada<\/a><\/li>\n<li>5 december, kl. 18:00 &#8211;\u00a0<a href=\"https:\/\/www.filminstitutet.se\/sv\/se-och-samtala-om-film\/Cinemateket-Malmo\/filmer\/?filmId=13605&amp;cityId=3\">M\u00e5nens r\u00f6st<\/a><\/li>\n<\/ul>\n<p>&nbsp;<\/p>\n<p><img loading=\"lazy\" decoding=\"async\" class=\"alignnone size-medium wp-image-779 img-fluid\" src=\"https:\/\/iicstoccolma.esteri.it\/wp-content\/uploads\/2023\/10\/LOGO3_kolon_Cinemateket_svart_genomskinlig_bakgrund-300x39.png\" alt=\"\" width=\"300\" height=\"39\" srcset=\"https:\/\/iicstoccolma.esteri.it\/wp-content\/uploads\/2023\/10\/LOGO3_kolon_Cinemateket_svart_genomskinlig_bakgrund-300x39.png 300w, https:\/\/iicstoccolma.esteri.it\/wp-content\/uploads\/2023\/10\/LOGO3_kolon_Cinemateket_svart_genomskinlig_bakgrund-768x101.png 768w, https:\/\/iicstoccolma.esteri.it\/wp-content\/uploads\/2023\/10\/LOGO3_kolon_Cinemateket_svart_genomskinlig_bakgrund.png 800w\" sizes=\"auto, (max-width: 300px) 100vw, 300px\" \/><\/p>\n","protected":false},"excerpt":{"rendered":"Italienska Kulturinstitutet i Stockholm\u00a0samarbetar med\u00a0Svenska Filminstitutet\u00a0f\u00f6r att visa alla\u00a0Federico Fellinis filmer\u00a0p\u00e5 bio. &nbsp; De nitton filmerna kommer visas p\u00e5 Filmhusets biografer &#8211;\u00a0Bio Victor\u00a0i Stockhom,\u00a0Capitol\u00a0i G\u00f6teborg,\u00a0Spegeln\u00a0i Malm\u00f6\u00a0&#8211; och biljetterna k\u00f6ps p\u00e5 Filminstitutets hemsida. Vi p\u00e5 IIC erbjuder\u00a0tio gratisbiljetter\u00a0till v\u00e5r publik som kan bokas via v\u00e5r\u00a0hemsida. Felliniretrospektiven ing\u00e5r i temat\u00a0&#8221;l\u00f6gn&#8221;, som \u00e4r centralt f\u00f6r Filmusets visningar den [&hellip;]","protected":false},"author":5,"featured_media":0,"parent":102,"menu_order":1,"comment_status":"closed","ping_status":"closed","template":"","meta":{"footnotes":""},"class_list":["post-750","page","type-page","status-publish","hentry"],"_links":{"self":[{"href":"https:\/\/iicstoccolma.esteri.it\/sv\/wp-json\/wp\/v2\/pages\/750","targetHints":{"allow":["GET"]}}],"collection":[{"href":"https:\/\/iicstoccolma.esteri.it\/sv\/wp-json\/wp\/v2\/pages"}],"about":[{"href":"https:\/\/iicstoccolma.esteri.it\/sv\/wp-json\/wp\/v2\/types\/page"}],"author":[{"embeddable":true,"href":"https:\/\/iicstoccolma.esteri.it\/sv\/wp-json\/wp\/v2\/users\/5"}],"replies":[{"embeddable":true,"href":"https:\/\/iicstoccolma.esteri.it\/sv\/wp-json\/wp\/v2\/comments?post=750"}],"version-history":[{"count":9,"href":"https:\/\/iicstoccolma.esteri.it\/sv\/wp-json\/wp\/v2\/pages\/750\/revisions"}],"predecessor-version":[{"id":781,"href":"https:\/\/iicstoccolma.esteri.it\/sv\/wp-json\/wp\/v2\/pages\/750\/revisions\/781"}],"up":[{"embeddable":true,"href":"https:\/\/iicstoccolma.esteri.it\/sv\/wp-json\/wp\/v2\/pages\/102"}],"wp:attachment":[{"href":"https:\/\/iicstoccolma.esteri.it\/sv\/wp-json\/wp\/v2\/media?parent=750"}],"curies":[{"name":"wp","href":"https:\/\/api.w.org\/{rel}","templated":true}]}}