{"id":727,"date":"2023-06-07T09:56:03","date_gmt":"2023-06-07T07:56:03","guid":{"rendered":"https:\/\/iicstoccolma.esteri.it\/amministrazione-trasparente\/bandi-di-concorso\/"},"modified":"2026-03-20T14:27:25","modified_gmt":"2026-03-20T13:27:25","slug":"bandi-di-concorso","status":"publish","type":"page","link":"https:\/\/iicstoccolma.esteri.it\/sv\/amministrazione-trasparente\/bandi-di-concorso\/","title":{"rendered":"Lediga jobb"},"content":{"rendered":"<p><strong>ITALIENSKA KULTURINSTITUTET I STOCKHOLM \u2013 ANSLAG PUBLICERAT F\u00d6R ANST\u00c4LLNING AV EN TJ\u00c4NST SOM ADMINISTRATIV KOLLABORAT\u00d6R P\u00c5 VISSTIDSANST\u00c4LLNING (SISTA ANS\u00d6KNINGSDAG: 7 APRIL 2026)<\/strong><\/p>\n<p>Anslag 20 mars 2026: anslag publicerat f\u00f6r urvalsproceduren f\u00f6r en visstidsanst\u00e4llning av en anst\u00e4lld f\u00f6r tj\u00e4nsten som administrativ kollaborat\u00f6r.<\/p>\n<ul>\n<li>Klicka\u00a0<a href=\"https:\/\/iicstoccolma.esteri.it\/wp-content\/uploads\/2026\/03\/Avviso-di-assunzione.pdf\">h\u00e4r<\/a>\u00a0f\u00f6r att ladda ner anslaget (giltigt t.o.m. kl. 18 den 7 april 2026).<\/li>\n<li>Klicka <a href=\"https:\/\/iicstoccolma.esteri.it\/wp-content\/uploads\/2026\/03\/Atto-di-delega.pdf\">h\u00e4r<\/a> f\u00f6r att ladda ner delegationsdeklareringen.<\/li>\n<\/ul>\n<p><strong><span style=\"text-decoration: underline;\">Tidigare utlysningar<\/span><\/strong><\/p>\n<p><strong>ITALIENSKA KULTURINSTITUTET I STOCKHOLM \u2013 ANSLAG PUBLICERAT F\u00d6R FAST ANST\u00c4LLNING AV EN TJ\u00c4NST SOM CHAUFF\u00d6R-RECEPTIONIST (SISTA ANS\u00d6KNINGSDAG: 16 APRIL 2025)<\/strong><\/p>\n<p>Anslag 17 MARS 2025: anslag publicerat f\u00f6r urvalsproceduren f\u00f6r en fast heltidsanst\u00e4llning av en anst\u00e4lld f\u00f6r tj\u00e4nsten som chauff\u00f6r-receptionist.<\/p>\n<ul>\n<li>Klicka <a href=\"https:\/\/iicstoccolma.esteri.it\/wp-content\/uploads\/2025\/05\/12-Graduatoria-Finale-idonei-1.pdf\">h\u00e4r<\/a> f\u00f6r att ladda ner rankningen av kandidaterna (uppladdad 23\/05\/2025).<\/li>\n<li>Klicka\u00a0<a href=\"https:\/\/iicstoccolma.esteri.it\/wp-content\/uploads\/2025\/03\/Avviso-di-assunzione.pdf\">h\u00e4r<\/a>\u00a0f\u00f6r att ladda ner anslaget (giltigt t.o.m. kl. 23:59 den 16 april 2025).<\/li>\n<li>Klicka <a href=\"https:\/\/iicstoccolma.esteri.it\/wp-content\/uploads\/2025\/03\/Fac-simile-di-Domanda.doc\">h\u00e4r<\/a> f\u00f6r att ladda ner fac-similen f\u00f6r ans\u00f6kan.<\/li>\n<\/ul>\n<p><strong>ITALIENSKA KULTURINSTITUTET I STOCKHOLM &#8211; ANSLAG PUBLICERAT F\u00d6R ANST\u00c4LLNING AV EN TJ\u00c4NST SOM ADMINISTRATIV KOLLABORAT\u00d6R P\u00c5 VISSTIDSANST\u00c4LLNING (SISTA ANS\u00d6KNINGSDAG: 12 AUGUSTI 2024<\/strong><strong>)<\/strong><\/p>\n<p>Anslag 23 juli 2024: anslag publicerat f\u00f6r urvalsproceduren f\u00f6r en visstidsanst\u00e4llning av en anst\u00e4lld f\u00f6r tj\u00e4nsten som administrativ kollaborat\u00f6r.<\/p>\n<ul>\n<li>Klicka <a href=\"https:\/\/iicstoccolma.esteri.it\/wp-content\/uploads\/2024\/07\/Avviso-di-assunzione.pdf\">h\u00e4r<\/a> f\u00f6r att ladda ner anslaget (giltigt t.o.m. kl. 18 den 12 augusti 2024).<\/li>\n<\/ul>\n<p>&nbsp;<\/p>\n<p>F\u00f6r utlysningar innan 2024, v\u00e4nligen konsultera den italienska versionen av den h\u00e4r sidan.<\/p>\n<hr \/>\n<p><em>Senast uppdaterad: 20 mars 2026<\/em><\/p>\n","protected":false},"excerpt":{"rendered":"ITALIENSKA KULTURINSTITUTET I STOCKHOLM \u2013 ANSLAG PUBLICERAT F\u00d6R ANST\u00c4LLNING AV EN TJ\u00c4NST SOM ADMINISTRATIV KOLLABORAT\u00d6R P\u00c5 VISSTIDSANST\u00c4LLNING (SISTA ANS\u00d6KNINGSDAG: 7 APRIL 2026) Anslag 20 mars 2026: anslag publicerat f\u00f6r urvalsproceduren f\u00f6r en visstidsanst\u00e4llning av en anst\u00e4lld f\u00f6r tj\u00e4nsten som administrativ kollaborat\u00f6r. Klicka\u00a0h\u00e4r\u00a0f\u00f6r att ladda ner anslaget (giltigt t.o.m. kl. 18 den 7 april 2026). Klicka [&hellip;]","protected":false},"author":2,"featured_media":0,"parent":129,"menu_order":4,"comment_status":"closed","ping_status":"closed","template":"","meta":{"footnotes":""},"class_list":["post-727","page","type-page","status-publish","hentry"],"_links":{"self":[{"href":"https:\/\/iicstoccolma.esteri.it\/sv\/wp-json\/wp\/v2\/pages\/727","targetHints":{"allow":["GET"]}}],"collection":[{"href":"https:\/\/iicstoccolma.esteri.it\/sv\/wp-json\/wp\/v2\/pages"}],"about":[{"href":"https:\/\/iicstoccolma.esteri.it\/sv\/wp-json\/wp\/v2\/types\/page"}],"author":[{"embeddable":true,"href":"https:\/\/iicstoccolma.esteri.it\/sv\/wp-json\/wp\/v2\/users\/2"}],"replies":[{"embeddable":true,"href":"https:\/\/iicstoccolma.esteri.it\/sv\/wp-json\/wp\/v2\/comments?post=727"}],"version-history":[{"count":7,"href":"https:\/\/iicstoccolma.esteri.it\/sv\/wp-json\/wp\/v2\/pages\/727\/revisions"}],"predecessor-version":[{"id":54925,"href":"https:\/\/iicstoccolma.esteri.it\/sv\/wp-json\/wp\/v2\/pages\/727\/revisions\/54925"}],"up":[{"embeddable":true,"href":"https:\/\/iicstoccolma.esteri.it\/sv\/wp-json\/wp\/v2\/pages\/129"}],"wp:attachment":[{"href":"https:\/\/iicstoccolma.esteri.it\/sv\/wp-json\/wp\/v2\/media?parent=727"}],"curies":[{"name":"wp","href":"https:\/\/api.w.org\/{rel}","templated":true}]}}