{"id":710,"date":"2023-10-13T11:47:43","date_gmt":"2023-10-13T09:47:43","guid":{"rendered":"https:\/\/iicstoccolma.esteri.it\/chi-siamo\/contatti\/tirocini\/"},"modified":"2026-03-19T14:57:47","modified_gmt":"2026-03-19T13:57:47","slug":"tirocini","status":"publish","type":"page","link":"https:\/\/iicstoccolma.esteri.it\/sv\/chi-siamo\/contatti\/tirocini\/","title":{"rendered":"Praktik och lediga jobb"},"content":{"rendered":"<p><strong>Praktik<\/strong><br \/>\nPraktik p\u00e5 Italienska Kulturinstitutet erbjuds under trem\u00e5nadersperioder till studenter vid diverse Universitet i Italien genom programmet <a href=\"https:\/\/www.tirocinicrui.it\/programmi-bandi-definitivo\/maeci\/\">MAECI-CRUI<\/a>. F\u00f6r att l\u00e4sa mer om hur man ans\u00f6ker v\u00e4nligen bes\u00f6k deras hemsida. Institutet har dessv\u00e4rre ingen m\u00f6jlighet att arrangera andra former av praktik \u00e4n den ovan n\u00e4mnda.<\/p>\n<p><strong>Lediga jobb<\/strong><br \/>\nItalienska Kulturinstitutet tar inte emot spontana jobbans\u00f6kningar. Alla lediga jobb utannonseras <strong><a href=\"https:\/\/iicstoccolma.esteri.it\/sv\/amministrazione-trasparente\/bandi-di-concorso\/\">p\u00e5 v\u00e5r hemsida<\/a><\/strong>.<\/p>\n","protected":false},"excerpt":{"rendered":"Praktik Praktik p\u00e5 Italienska Kulturinstitutet erbjuds under trem\u00e5nadersperioder till studenter vid diverse Universitet i Italien genom programmet MAECI-CRUI. F\u00f6r att l\u00e4sa mer om hur man ans\u00f6ker v\u00e4nligen bes\u00f6k deras hemsida. Institutet har dessv\u00e4rre ingen m\u00f6jlighet att arrangera andra former av praktik \u00e4n den ovan n\u00e4mnda. Lediga jobb Italienska Kulturinstitutet tar inte emot spontana jobbans\u00f6kningar. Alla [&hellip;]","protected":false},"author":8,"featured_media":0,"parent":103,"menu_order":5,"comment_status":"closed","ping_status":"closed","template":"","meta":{"footnotes":""},"class_list":["post-710","page","type-page","status-publish","hentry"],"_links":{"self":[{"href":"https:\/\/iicstoccolma.esteri.it\/sv\/wp-json\/wp\/v2\/pages\/710","targetHints":{"allow":["GET"]}}],"collection":[{"href":"https:\/\/iicstoccolma.esteri.it\/sv\/wp-json\/wp\/v2\/pages"}],"about":[{"href":"https:\/\/iicstoccolma.esteri.it\/sv\/wp-json\/wp\/v2\/types\/page"}],"author":[{"embeddable":true,"href":"https:\/\/iicstoccolma.esteri.it\/sv\/wp-json\/wp\/v2\/users\/8"}],"replies":[{"embeddable":true,"href":"https:\/\/iicstoccolma.esteri.it\/sv\/wp-json\/wp\/v2\/comments?post=710"}],"version-history":[{"count":4,"href":"https:\/\/iicstoccolma.esteri.it\/sv\/wp-json\/wp\/v2\/pages\/710\/revisions"}],"predecessor-version":[{"id":54913,"href":"https:\/\/iicstoccolma.esteri.it\/sv\/wp-json\/wp\/v2\/pages\/710\/revisions\/54913"}],"up":[{"embeddable":true,"href":"https:\/\/iicstoccolma.esteri.it\/sv\/wp-json\/wp\/v2\/pages\/103"}],"wp:attachment":[{"href":"https:\/\/iicstoccolma.esteri.it\/sv\/wp-json\/wp\/v2\/media?parent=710"}],"curies":[{"name":"wp","href":"https:\/\/api.w.org\/{rel}","templated":true}]}}