{"id":662,"date":"2023-10-13T10:09:14","date_gmt":"2023-10-13T08:09:14","guid":{"rendered":"https:\/\/iicstoccolma.esteri.it\/chi-siamo\/la-sede\/organizzare-eventi-presso-listituto\/sala-espositiva\/"},"modified":"2026-03-19T14:59:17","modified_gmt":"2026-03-19T13:59:17","slug":"sala-espositiva","status":"publish","type":"page","link":"https:\/\/iicstoccolma.esteri.it\/sv\/chi-siamo\/contatti\/organizzare-eventi-presso-listituto\/sala-espositiva\/","title":{"rendered":"Utst\u00e4llningssal"},"content":{"rendered":"<p>Utst\u00e4llningssalen anv\u00e4nds vanligen till <strong>tillf\u00e4lliga utst\u00e4llningar<\/strong>.<\/p>\n<p>I kostnaden f\u00f6r hyran\u00a0ing\u00e5r:<\/p>\n<ul>\n<li>plats att h\u00e4nga upp tavlor;<\/li>\n<li>bord;<\/li>\n<li>obevakad parkering och garderob.<\/li>\n<\/ul>\n<p><img loading=\"lazy\" decoding=\"async\" class=\"img-fluid alignnone wp-image-32153 size-full\" src=\"https:\/\/iicstoccolma.esteri.it\/wp-content\/uploads\/2024\/01\/20120216_155758_001.jpg\" alt=\"\" width=\"1866\" height=\"1383\" srcset=\"https:\/\/iicstoccolma.esteri.it\/wp-content\/uploads\/2024\/01\/20120216_155758_001.jpg 1866w, https:\/\/iicstoccolma.esteri.it\/wp-content\/uploads\/2024\/01\/20120216_155758_001-300x222.jpg 300w, https:\/\/iicstoccolma.esteri.it\/wp-content\/uploads\/2024\/01\/20120216_155758_001-1024x759.jpg 1024w, https:\/\/iicstoccolma.esteri.it\/wp-content\/uploads\/2024\/01\/20120216_155758_001-768x569.jpg 768w\" sizes=\"auto, (max-width: 1866px) 100vw, 1866px\" \/><br \/>\n<em>Utst\u00e4llningssalen <\/em><\/p>\n","protected":false},"excerpt":{"rendered":"Utst\u00e4llningssalen anv\u00e4nds vanligen till tillf\u00e4lliga utst\u00e4llningar. I kostnaden f\u00f6r hyran\u00a0ing\u00e5r: plats att h\u00e4nga upp tavlor; bord; obevakad parkering och garderob. Utst\u00e4llningssalen","protected":false},"author":8,"featured_media":0,"parent":529,"menu_order":3,"comment_status":"closed","ping_status":"closed","template":"","meta":{"footnotes":""},"class_list":["post-662","page","type-page","status-publish","hentry"],"_links":{"self":[{"href":"https:\/\/iicstoccolma.esteri.it\/sv\/wp-json\/wp\/v2\/pages\/662","targetHints":{"allow":["GET"]}}],"collection":[{"href":"https:\/\/iicstoccolma.esteri.it\/sv\/wp-json\/wp\/v2\/pages"}],"about":[{"href":"https:\/\/iicstoccolma.esteri.it\/sv\/wp-json\/wp\/v2\/types\/page"}],"author":[{"embeddable":true,"href":"https:\/\/iicstoccolma.esteri.it\/sv\/wp-json\/wp\/v2\/users\/8"}],"replies":[{"embeddable":true,"href":"https:\/\/iicstoccolma.esteri.it\/sv\/wp-json\/wp\/v2\/comments?post=662"}],"version-history":[{"count":5,"href":"https:\/\/iicstoccolma.esteri.it\/sv\/wp-json\/wp\/v2\/pages\/662\/revisions"}],"predecessor-version":[{"id":54915,"href":"https:\/\/iicstoccolma.esteri.it\/sv\/wp-json\/wp\/v2\/pages\/662\/revisions\/54915"}],"up":[{"embeddable":true,"href":"https:\/\/iicstoccolma.esteri.it\/sv\/wp-json\/wp\/v2\/pages\/529"}],"wp:attachment":[{"href":"https:\/\/iicstoccolma.esteri.it\/sv\/wp-json\/wp\/v2\/media?parent=662"}],"curies":[{"name":"wp","href":"https:\/\/api.w.org\/{rel}","templated":true}]}}