{"id":651,"date":"2023-10-13T10:04:45","date_gmt":"2023-10-13T08:04:45","guid":{"rendered":"https:\/\/iicstoccolma.esteri.it\/chi-siamo\/la-sede\/organizzare-eventi-presso-listituto\/sala-rossetti\/"},"modified":"2026-03-19T14:59:43","modified_gmt":"2026-03-19T13:59:43","slug":"sala-rossetti","status":"publish","type":"page","link":"https:\/\/iicstoccolma.esteri.it\/sv\/chi-siamo\/contatti\/organizzare-eventi-presso-listituto\/sala-rossetti\/","title":{"rendered":"Sala Rossetti"},"content":{"rendered":"<p>1962 ritade den italienske arkitekten <a href=\"https:\/\/iicstoccolma.esteri.it\/sv\/chi-siamo\/la-sede\/i-protagonisti-della-storia-delliic\/ferruccio-rossetti\/\"><strong>Ferruccio Rossetti<\/strong><\/a> utbyggnaden av byggnadens atrium och resultatet blev Sala Rossetti som idag b\u00e4r hans namn och inneh\u00e5ller originalm\u00f6bler skapade av Gio Ponti p\u00e5 50-talet.<\/p>\n<p>I kostnaden f\u00f6r hyran\u00a0ing\u00e5r:<\/p>\n<ul>\n<li>bord och stolar;<\/li>\n<li>m\u00f6bler designade av Gio Ponti;<\/li>\n<li>obevakad parkering och garderob.\n<div class=\"entry-content\"><\/div>\n<\/li>\n<\/ul>\n","protected":false},"excerpt":{"rendered":"1962 ritade den italienske arkitekten Ferruccio Rossetti utbyggnaden av byggnadens atrium och resultatet blev Sala Rossetti som idag b\u00e4r hans namn och inneh\u00e5ller originalm\u00f6bler skapade av Gio Ponti p\u00e5 50-talet. I kostnaden f\u00f6r hyran\u00a0ing\u00e5r: bord och stolar; m\u00f6bler designade av Gio Ponti; obevakad parkering och garderob.","protected":false},"author":8,"featured_media":0,"parent":529,"menu_order":2,"comment_status":"closed","ping_status":"closed","template":"","meta":{"footnotes":""},"class_list":["post-651","page","type-page","status-publish","hentry"],"_links":{"self":[{"href":"https:\/\/iicstoccolma.esteri.it\/sv\/wp-json\/wp\/v2\/pages\/651","targetHints":{"allow":["GET"]}}],"collection":[{"href":"https:\/\/iicstoccolma.esteri.it\/sv\/wp-json\/wp\/v2\/pages"}],"about":[{"href":"https:\/\/iicstoccolma.esteri.it\/sv\/wp-json\/wp\/v2\/types\/page"}],"author":[{"embeddable":true,"href":"https:\/\/iicstoccolma.esteri.it\/sv\/wp-json\/wp\/v2\/users\/8"}],"replies":[{"embeddable":true,"href":"https:\/\/iicstoccolma.esteri.it\/sv\/wp-json\/wp\/v2\/comments?post=651"}],"version-history":[{"count":5,"href":"https:\/\/iicstoccolma.esteri.it\/sv\/wp-json\/wp\/v2\/pages\/651\/revisions"}],"predecessor-version":[{"id":31569,"href":"https:\/\/iicstoccolma.esteri.it\/sv\/wp-json\/wp\/v2\/pages\/651\/revisions\/31569"}],"up":[{"embeddable":true,"href":"https:\/\/iicstoccolma.esteri.it\/sv\/wp-json\/wp\/v2\/pages\/529"}],"wp:attachment":[{"href":"https:\/\/iicstoccolma.esteri.it\/sv\/wp-json\/wp\/v2\/media?parent=651"}],"curies":[{"name":"wp","href":"https:\/\/api.w.org\/{rel}","templated":true}]}}