{"id":622,"date":"2023-10-12T12:45:25","date_gmt":"2023-10-12T10:45:25","guid":{"rendered":"https:\/\/iicstoccolma.esteri.it\/lingua-e-cultura\/pubblicazioni-delliic\/cartaditalia\/passi-affrettati\/"},"modified":"2024-01-12T11:46:33","modified_gmt":"2024-01-12T10:46:33","slug":"passi-affrettati","status":"publish","type":"page","link":"https:\/\/iicstoccolma.esteri.it\/sv\/lingua-e-cultura\/pubblicazioni-delliic\/cartaditalia\/passi-affrettati\/","title":{"rendered":"Dacia Maraini, &#8221;Raska steg&#8221;"},"content":{"rendered":"<h5><strong><em>Passi affrettati<\/em> <\/strong>f\u00f6ds som en <strong>teatralisk dialog<\/strong>. Boken skrevs 2007 av\u00a0<strong>Dacia Maraini<\/strong>\u00a0och publicerades samma \u00e5r av Ianieri Edizioni. Texten ber\u00e4ttar historier om\u00a0<strong>sju kvinnliga v\u00e5ldsoffer:<\/strong>\u00a0Lhakpa, Aisha, Civita, Juliette, Amina, Teresa och Viollca.<\/h5>\n<p>&nbsp;<\/p>\n<p>Dacia Maraini ger r\u00f6st \u00e5t utsatta kvinnor genom en serie vittnesm\u00e5l som hon samlat fr\u00e5n <strong>kvinnor fr\u00e5n<\/strong> <strong>olika delar av v\u00e4rlden<\/strong>: fr\u00e5n Kina till Jordanien, fr\u00e5n Nigeria till Kalifornien till Europa.\u00a0Sju ber\u00e4ttelser om kvinnor som tillh\u00f6r olika kulturer och religioner men som delar samma erfarenhet: de \u00e4r v\u00e5ldsoffer. Kvinnornas f\u00f6r\u00f6vare befinner sig oftast i hemmet och \u00e4r f\u00e4der, m\u00e4n, barn eller sambos som borde skydda och \u00e4lska dem och inte beg\u00e5 v\u00e5ld mot dem.<\/p>\n<blockquote>\n<h6><em>Boken \u00e4r en vittnesber\u00e4ttelse, ett manifest, men vill ocks\u00e5 dra uppm\u00e4rksamheten till alla de kvinnor som fortfarande \u00e4r f\u00e4ngslade i ett o\u00f6nskat \u00e4ktenskap, i en v\u00e5ldsam familj, i gamla sedvanor och i den st\u00e4ndiga diskrimineringen som alltid funnits genom historien och som \u00e4r sv\u00e5r att \u00f6vervinna.<br \/>\n&#8211; <\/em>Dacia Maraini<\/h6>\n<\/blockquote>\n<p><em>Passi affrettati<\/em> publiceras under titeln <em>Raska Steg<\/em>\u00a0av det Italienska Kulturinstitutet i Stockholm inom bokserien <strong>Cartaditalia<\/strong>. Boken \u00e4r \u00f6versatt av <strong>Ida Andersen <\/strong>och\u00a0berikad med f\u00f6rord av\u00a0<strong>Kristina Kappelin<\/strong>\u00a0och efterord av\u00a0<strong>Emma Dante<\/strong>.<\/p>\n<p>Id\u00e9n att \u00f6vers\u00e4tta denna text till svenska f\u00f6ddes till f\u00f6ljd av Covid-19-pandemin som under de senaste m\u00e5naderna har tvingat m\u00e4nniskor att stanna hemma vilket har medf\u00f6rt en exponentiell \u00f6kning av kvinnov\u00e5ld b\u00e5de i Europa och i resten av v\u00e4rlden, ett tecken p\u00e5 att kvinnors lidande \u00e4r en problematik som nu \u00e4r relevant mer \u00e4n n\u00e5gonsin.<\/p>\n<blockquote>\n<h6><em>Det l\u00e5ter som en paradox, men i alla l\u00e4nder, b\u00e5de de mest frigjorda och de mest konservativa, \u00e4r kvinnov\u00e5ldets m\u00f6nster mycket likt och uppst\u00e5r fr\u00e5n mannens r\u00e4dsla att f\u00f6rlora den besittning som han tros ha \u00f6ver kvinnan och som han tror \u00f6det tilldelat honom. Den h\u00e4r k\u00e4nslan av besittning \u00e4r n\u00e5got som enligt natur alltid funnits men som under \u00e5rhundradena har kodifierats av de patriarkala samh\u00e4llena.<br \/>\n&#8211; <\/em>Dacia Maraini<\/h6>\n<\/blockquote>\n<p><em>Passi affrettati<\/em>\u00a0\u00e4r en stark och direkt text, byggd runt en teatralisk dialog som vill ge utrymme och mening till det samtida samh\u00e4llets kvinnors lidande. Ett universellt manifest som understryker de konsekvenser och den dagliga inverkan som v\u00e5ld mot kvinnor har i v\u00e5rt samh\u00e4lle.<\/p>\n<p>I samband med att <em>Raska steg<\/em> sl\u00e4pps i Sverige presenterade f\u00f6rfattaren Dacia Maraini sin bok\u00a0under tre tillf\u00e4llen:<\/p>\n<ul>\n<li><strong>Tisdag 22 september, Italienska Kulturinstitutet, kl. 18:00<\/strong><br \/>\n<em>Raska steg: teater f\u00f6r Dacia Marainis kvinnor<br \/>\n<\/em>Dacia Maraini presenterar den svenska \u00f6vers\u00e4ttningen av &#8221;Raska steg&#8221; i samtal med\u00a0Suzanne Osten, svensk dramatiker, regiss\u00f6r, f\u00f6rfattare och l\u00e4rare.<\/li>\n<li><strong>Onsdag 23 september, Stadsarkivet Liljeholmskajen, kl. 17.30<\/strong><br \/>\n<em>Literature and archives \u2013 When real life feeds the written stories. The journey of Dacia Maraini through the archives as a literary source<br \/>\n<\/em>Dacia Maraini reflekterar \u00f6ver f\u00f6rh\u00e5llandet mellan litteratur och arkiv, i dialog med\u00a0Lennart Ploom, arkivarie och chef f\u00f6r Stockholms\u00a0Stadsarkiv.<\/li>\n<li><strong>Torsdag 24 september, Filmhuset, 18.00<br \/>\n<\/strong><em>K\u00e4rlek och fruktan<br \/>\n<\/em>Visning av filmen <em>Paura e Amore<\/em>\u00a0(1988) av Margherete von Trotta; den svenska journalisten\u00a0Jan Lumholdt intervjuar Dacia Maraini kring hennes f\u00f6rh\u00e5llande till filmv\u00e4rlden och kring manuset av von Trottas film.<\/li>\n<\/ul>\n<p>&nbsp;<\/p>\n<p><strong>Handling<\/strong><br \/>\nFem kvinnor ber\u00e4ttar om olika typer av v\u00e5ld de har varit utsatta f\u00f6r. Deras r\u00f6ster kommer fr\u00e5n Tibet, Kalifornien, Italien, Belgien. V\u00e5ld mot kvinnor k\u00e4nner inga gr\u00e4nser och uttrycker sig lika brutalt \u00f6verallt.<\/p>\n<p><strong>F\u00f6rfattaren<br \/>\n<\/strong><span style=\"text-decoration: underline;\">Dacia Maraini<\/span> f\u00f6ddes 1936 i Fiesole i Toskana. Vid tre\u00e5rs\u00e5ldern flyttade hon med familjen till Japan, d\u00e4r hon tillbringade en stor del av sin barndom. Efter kriget flyttade familjen Maraini tillbaka till Italien och bosatte sig i Bagheria p\u00e5 Sicilien. 1954 flyttade Dacia till Rom, d\u00e4r hon studerade p\u00e5 universitetet och inledde sin litter\u00e4ra bana. Hon debuterade 1962 med romanen <em>La Vacanza<\/em> (sv. &#8221;Semestern&#8221;). Samma \u00e5r blev hon tillsammans med den k\u00e4nda italienska f\u00f6rfattaren Alberto Moravia. Paret skiljde sig 1978. I deras umg\u00e4nge ingick personer som f\u00f6rfattaren och filmskaparen Pier Paolo Pasolini och operas\u00e5ngerskan Maria Callas. Redan p\u00e5 60- och 70-talet var Maraini mycket engagerad i den politiska debatten om kvinnor\u00e4ttigheter som utmynnade i folkomr\u00f6stningarna om skilsm\u00e4ssa (1974) och fri abort (1981). P\u00e5 70-talet b\u00f6rjade Maraini skriva teaterpj\u00e4ser, bland andra <em>La donna perfetta<\/em> (sv. &#8221;Den perfekta kvinnan&#8221;, 1974) och <em>Dialogo fra una prostituta e il suo cliente<\/em> (sv. &#8221;Dialogen mellan en prostituerad och hennes kund&#8221;). Med <em>Buio<\/em> (sv. &#8221;M\u00f6rker&#8221;, 1999), vann hon Stregapriset, Italiens mest prestigefulla litteraturpris. Dacia Maraini har ocks\u00e5 skrivit poesi, manus till ett tiotal filmer och m\u00e5nga ess\u00e4er. Idag tillh\u00f6r hon Italiens fr\u00e4msta f\u00f6rfattare.<\/p>\n<p><strong>Omslaget<br \/>\n<img loading=\"lazy\" decoding=\"async\" class=\"alignnone size-medium wp-image-5740 img-fluid\" src=\"https:\/\/iicstoccolma.esteri.it\/wp-content\/uploads\/2023\/11\/CopertineCartadItalia_usodigital_220x300px10-220x300.png\" alt=\"\" width=\"220\" height=\"300\" srcset=\"https:\/\/iicstoccolma.esteri.it\/wp-content\/uploads\/2023\/11\/CopertineCartadItalia_usodigital_220x300px10-220x300.png 220w, https:\/\/iicstoccolma.esteri.it\/wp-content\/uploads\/2023\/11\/CopertineCartadItalia_usodigital_220x300px10-751x1024.png 751w, https:\/\/iicstoccolma.esteri.it\/wp-content\/uploads\/2023\/11\/CopertineCartadItalia_usodigital_220x300px10-768x1047.png 768w, https:\/\/iicstoccolma.esteri.it\/wp-content\/uploads\/2023\/11\/CopertineCartadItalia_usodigital_220x300px10.png 917w\" sizes=\"auto, (max-width: 220px) 100vw, 220px\" \/><br \/>\n<\/strong><\/p>\n<p>&nbsp;<\/p>\n<blockquote>\n<h6><strong><em>JULIETTE: Jag \u00e4r s\u00e5 ledsen f\u00f6r hans skull. Jag tycker synd om honom, jag \u00e4lskar honom. Till l\u00e4karen p\u00e5 akuten sa jag att jag hade ramlat i k\u00f6ket och slagit mig p\u00e5 spiskanten. Advokaten, Marie Bonnard, pratar v\u00e4ldigt sn\u00e4llt med mig, hon s\u00e4ger att jag inte kan ta tillbaka anm\u00e4lningarna hela tiden. Men jag \u00e4r s\u00e5 svag f\u00f6r Pierre. Det \u00e4r bara n\u00e4r han dricker som han blir v\u00e5ldsam.<\/em><br \/>\n&#8211; Citat fr\u00e5n boken<\/strong><\/h6>\n<\/blockquote>\n<p>&nbsp;<\/p>\n<hr \/>\n<p>Volymen kan k\u00f6pas p\u00e5 <strong><a href=\"https:\/\/www.adlibris.com\/se\/bok\/raska-steg-9789151965482\">Adlibris<\/a>,<\/strong>\u00a0<strong><a href=\"https:\/\/www.bokus.com\/bok\/9789151965482\/raska-steg\/\">Bokus,<\/a><\/strong>\u00a0<strong><a href=\"https:\/\/www.amazon.se\/Raska-steg-Dacia-Maraini\/dp\/9151965488\/ref=sr_1_1?crid=32FS6UY5OTLBG&amp;keywords=raska+steg&amp;qid=1697108004&amp;sprefix=rask%2Caps%2C706&amp;sr=8-1\">Amazon<\/a><\/strong> och \u00e4ven p\u00e5 <strong>Italienska Kulturinstitutet <\/strong>(G\u00e4rdesgatan 14, Stockholm).<\/p>\n","protected":false},"excerpt":{"rendered":"Passi affrettati f\u00f6ds som en teatralisk dialog. Boken skrevs 2007 av\u00a0Dacia Maraini\u00a0och publicerades samma \u00e5r av Ianieri Edizioni. Texten ber\u00e4ttar historier om\u00a0sju kvinnliga v\u00e5ldsoffer:\u00a0Lhakpa, Aisha, Civita, Juliette, Amina, Teresa och Viollca. &nbsp; Dacia Maraini ger r\u00f6st \u00e5t utsatta kvinnor genom en serie vittnesm\u00e5l som hon samlat fr\u00e5n kvinnor fr\u00e5n olika delar av v\u00e4rlden: fr\u00e5n Kina [&hellip;]","protected":false},"author":5,"featured_media":0,"parent":281,"menu_order":12,"comment_status":"closed","ping_status":"closed","template":"","meta":{"footnotes":""},"class_list":["post-622","page","type-page","status-publish","hentry"],"_links":{"self":[{"href":"https:\/\/iicstoccolma.esteri.it\/sv\/wp-json\/wp\/v2\/pages\/622","targetHints":{"allow":["GET"]}}],"collection":[{"href":"https:\/\/iicstoccolma.esteri.it\/sv\/wp-json\/wp\/v2\/pages"}],"about":[{"href":"https:\/\/iicstoccolma.esteri.it\/sv\/wp-json\/wp\/v2\/types\/page"}],"author":[{"embeddable":true,"href":"https:\/\/iicstoccolma.esteri.it\/sv\/wp-json\/wp\/v2\/users\/5"}],"replies":[{"embeddable":true,"href":"https:\/\/iicstoccolma.esteri.it\/sv\/wp-json\/wp\/v2\/comments?post=622"}],"version-history":[{"count":7,"href":"https:\/\/iicstoccolma.esteri.it\/sv\/wp-json\/wp\/v2\/pages\/622\/revisions"}],"predecessor-version":[{"id":30631,"href":"https:\/\/iicstoccolma.esteri.it\/sv\/wp-json\/wp\/v2\/pages\/622\/revisions\/30631"}],"up":[{"embeddable":true,"href":"https:\/\/iicstoccolma.esteri.it\/sv\/wp-json\/wp\/v2\/pages\/281"}],"wp:attachment":[{"href":"https:\/\/iicstoccolma.esteri.it\/sv\/wp-json\/wp\/v2\/media?parent=622"}],"curies":[{"name":"wp","href":"https:\/\/api.w.org\/{rel}","templated":true}]}}