{"id":53465,"date":"2026-02-03T15:51:20","date_gmt":"2026-02-03T14:51:20","guid":{"rendered":"https:\/\/iicstoccolma.esteri.it\/amministrazione-trasparente\/bandi-di-gara-e-contratti\/servizi-di-progettazione-e-direzione-lavori-per-ristrutturazione-calcestruzzi\/"},"modified":"2026-04-09T11:31:27","modified_gmt":"2026-04-09T09:31:27","slug":"servizi-di-progettazione-e-direzione-lavori-per-ristrutturazione-calcestruzzi","status":"publish","type":"page","link":"https:\/\/iicstoccolma.esteri.it\/sv\/amministrazione-trasparente\/bandi-di-gara-e-contratti\/servizi-di-progettazione-e-direzione-lavori-per-ristrutturazione-calcestruzzi\/","title":{"rendered":"Planering och arbetsledning f\u00f6r betongrenovering"},"content":{"rendered":"<p>Vi informerar om att det den 29 september 2025 publicerades en utlysning f\u00f6r intresseanm\u00e4lning f\u00f6r deltagandet i ett selektivt f\u00f6rfarande ang\u00e5ende ett utarbetande av en teknisk-ekonomisk f\u00f6rstudie samt utf\u00f6rande av projektering och byggledning f\u00f6r den planerade betongrenoveringen av Nervi-auditoriet och angr\u00e4nsande omr\u00e5den, samt f\u00f6r att f\u00f6rb\u00e4ttra funktionaliteten och tillg\u00e4ngligheten p\u00e5 Italienska kulturinstitutet i Stockholm, med CIG B8691A2E23.<\/p>\n<p>Utlysningen publicerades p\u00e5 <a href=\"https:\/\/maeci.traspare.com\/announcements\/51909\">https:\/\/maeci.traspare.com\/announcements\/51909<\/a> dit vi h\u00e4nvisar f\u00f6r ytterligare information. P\u00e5 samma sida kommer resultatet av urvalsprocessen att rapporteras. Det kommer \u00e4ven att presenteras p\u00e5 denna sida.<\/p>\n","protected":false},"excerpt":{"rendered":"Vi informerar om att det den 29 september 2025 publicerades en utlysning f\u00f6r intresseanm\u00e4lning f\u00f6r deltagandet i ett selektivt f\u00f6rfarande ang\u00e5ende ett utarbetande av en teknisk-ekonomisk f\u00f6rstudie samt utf\u00f6rande av projektering och byggledning f\u00f6r den planerade betongrenoveringen av Nervi-auditoriet och angr\u00e4nsande omr\u00e5den, samt f\u00f6r att f\u00f6rb\u00e4ttra funktionaliteten och tillg\u00e4ngligheten p\u00e5 Italienska kulturinstitutet i Stockholm, med [&hellip;]","protected":false},"author":8,"featured_media":0,"parent":956,"menu_order":4,"comment_status":"closed","ping_status":"closed","template":"","meta":{"footnotes":""},"class_list":["post-53465","page","type-page","status-publish","hentry"],"_links":{"self":[{"href":"https:\/\/iicstoccolma.esteri.it\/sv\/wp-json\/wp\/v2\/pages\/53465","targetHints":{"allow":["GET"]}}],"collection":[{"href":"https:\/\/iicstoccolma.esteri.it\/sv\/wp-json\/wp\/v2\/pages"}],"about":[{"href":"https:\/\/iicstoccolma.esteri.it\/sv\/wp-json\/wp\/v2\/types\/page"}],"author":[{"embeddable":true,"href":"https:\/\/iicstoccolma.esteri.it\/sv\/wp-json\/wp\/v2\/users\/8"}],"replies":[{"embeddable":true,"href":"https:\/\/iicstoccolma.esteri.it\/sv\/wp-json\/wp\/v2\/comments?post=53465"}],"version-history":[{"count":2,"href":"https:\/\/iicstoccolma.esteri.it\/sv\/wp-json\/wp\/v2\/pages\/53465\/revisions"}],"predecessor-version":[{"id":53470,"href":"https:\/\/iicstoccolma.esteri.it\/sv\/wp-json\/wp\/v2\/pages\/53465\/revisions\/53470"}],"up":[{"embeddable":true,"href":"https:\/\/iicstoccolma.esteri.it\/sv\/wp-json\/wp\/v2\/pages\/956"}],"wp:attachment":[{"href":"https:\/\/iicstoccolma.esteri.it\/sv\/wp-json\/wp\/v2\/media?parent=53465"}],"curies":[{"name":"wp","href":"https:\/\/api.w.org\/{rel}","templated":true}]}}