{"id":529,"date":"2023-10-11T15:45:42","date_gmt":"2023-10-11T13:45:42","guid":{"rendered":"https:\/\/iicstoccolma.esteri.it\/chi-siamo\/la-sede\/organizzare-eventi-presso-listituto\/"},"modified":"2025-10-07T09:43:17","modified_gmt":"2025-10-07T07:43:17","slug":"organizzare-eventi-presso-listituto","status":"publish","type":"page","link":"https:\/\/iicstoccolma.esteri.it\/sv\/chi-siamo\/contatti\/organizzare-eventi-presso-listituto\/","title":{"rendered":"Hyra Kulturinstitutet f\u00f6r fotograferingar och evenemang"},"content":{"rendered":"<p>Italienska Kulturinstitutet i Stockholm, ett utm\u00e4rkt exempel p\u00e5 italiensk arkitektur och design i Sverige, invigdes 24 november 1958 i n\u00e4rvaro av kung Gustav VI Adolf. Institutet \u00e4r designat av <strong><a href=\"https:\/\/iicstoccolma.esteri.it\/sv\/chi-siamo\/la-sede\/i-protagonisti-della-storia-delliic\/gio-ponti\/\">Gio Ponti<\/a>\u00a0<\/strong>i samarbete med\u00a0<a href=\"https:\/\/iicstoccolma.esteri.it\/sv\/chi-siamo\/la-sede\/i-protagonisti-della-storia-delliic\/pier-luigi-nervi\/\"><strong>Pier Luigi Nervi<\/strong><\/a> och <a href=\"https:\/\/iicstoccolma.esteri.it\/sv\/chi-siamo\/la-sede\/i-protagonisti-della-storia-delliic\/ferruccio-rossetti\/\"><strong>Ferruccio Rossetti<\/strong><\/a>.<\/p>\n<p>Institutet kan hyras av\u00a0<strong>organisationer, f\u00f6retag, institutioner och dylikt <\/strong>f\u00f6r <strong>event<\/strong> &#8211; ej privata tillst\u00e4llningar- som respekterar Institutet och dess inredning och med m\u00e5l som \u00e4r samenliga med Italienska Kulturinstitutets programplanering och v\u00e4rderingar. Institutet kan \u00e4ven hyras f\u00f6r fotograferingar.<\/p>\n<p><strong>Lokalerna<\/strong> som kan hyras \u00e4r:<\/p>\n<ul>\n<li><a href=\"https:\/\/iicstoccolma.esteri.it\/iic_stoccolma\/it\/avvisi\/organizzare-eventi-presso-l-istituto\/auditorium-nervi.html\"><strong>Auditorium Nervi<\/strong><\/a> (bottenv\u00e5ningen)<\/li>\n<li><a href=\"https:\/\/iicstoccolma.esteri.it\/iic_stoccolma\/it\/avvisi\/organizzare-eventi-presso-l-istituto\/sala-rossetti.html\"><strong>Sala Rossetti<\/strong><\/a> (bottenv\u00e5ningen)<\/li>\n<li><strong><a href=\"https:\/\/iicstoccolma.esteri.it\/iic_stoccolma\/it\/avvisi\/organizzare-eventi-presso-l-istituto\/sala-espositiva.html\">Utst\u00e4llningssal<\/a>\u00a0<\/strong>(en trappa ned utan hiss)<\/li>\n<\/ul>\n<p>Om du \u00e4r intresserad av att hyra Institutet, skicka en formell f\u00f6rfr\u00e5gan till <strong><a class=\"focus--mouse\" href=\"mailto:stockholm.segreteria@esteri.it\" data-focus-mouse=\"true\">stockholm.segreteria@esteri.it<\/a><\/strong>, d\u00e4r du specificerar rummet och de tillbeh\u00f6r du beh\u00f6ver, tillsammans med en <strong>detaljerad beskrivning <\/strong>av projektet. Institutet utv\u00e4rderar din f\u00f6rfr\u00e5gan och \u00e5terkommer till dig med ett prisf\u00f6rslag och d\u00e4refter skrivs ett kontrakt.<\/p>\n","protected":false},"excerpt":{"rendered":"Italienska Kulturinstitutet i Stockholm, ett utm\u00e4rkt exempel p\u00e5 italiensk arkitektur och design i Sverige, invigdes 24 november 1958 i n\u00e4rvaro av kung Gustav VI Adolf. Institutet \u00e4r designat av Gio Ponti\u00a0i samarbete med\u00a0Pier Luigi Nervi och Ferruccio Rossetti. Institutet kan hyras av\u00a0organisationer, f\u00f6retag, institutioner och dylikt f\u00f6r event &#8211; ej privata tillst\u00e4llningar- som respekterar Institutet [&hellip;]","protected":false},"author":8,"featured_media":0,"parent":103,"menu_order":7,"comment_status":"closed","ping_status":"closed","template":"","meta":{"footnotes":""},"class_list":["post-529","page","type-page","status-publish","hentry"],"_links":{"self":[{"href":"https:\/\/iicstoccolma.esteri.it\/sv\/wp-json\/wp\/v2\/pages\/529","targetHints":{"allow":["GET"]}}],"collection":[{"href":"https:\/\/iicstoccolma.esteri.it\/sv\/wp-json\/wp\/v2\/pages"}],"about":[{"href":"https:\/\/iicstoccolma.esteri.it\/sv\/wp-json\/wp\/v2\/types\/page"}],"author":[{"embeddable":true,"href":"https:\/\/iicstoccolma.esteri.it\/sv\/wp-json\/wp\/v2\/users\/8"}],"replies":[{"embeddable":true,"href":"https:\/\/iicstoccolma.esteri.it\/sv\/wp-json\/wp\/v2\/comments?post=529"}],"version-history":[{"count":7,"href":"https:\/\/iicstoccolma.esteri.it\/sv\/wp-json\/wp\/v2\/pages\/529\/revisions"}],"predecessor-version":[{"id":49401,"href":"https:\/\/iicstoccolma.esteri.it\/sv\/wp-json\/wp\/v2\/pages\/529\/revisions\/49401"}],"up":[{"embeddable":true,"href":"https:\/\/iicstoccolma.esteri.it\/sv\/wp-json\/wp\/v2\/pages\/103"}],"wp:attachment":[{"href":"https:\/\/iicstoccolma.esteri.it\/sv\/wp-json\/wp\/v2\/media?parent=529"}],"curies":[{"name":"wp","href":"https:\/\/api.w.org\/{rel}","templated":true}]}}