{"id":517,"date":"2023-10-11T15:34:25","date_gmt":"2023-10-11T13:34:25","guid":{"rendered":"https:\/\/iicstoccolma.esteri.it\/chi-siamo\/la-sede\/diventare-soci\/"},"modified":"2024-03-05T15:35:14","modified_gmt":"2024-03-05T14:35:14","slug":"diventare-soci","status":"publish","type":"page","link":"https:\/\/iicstoccolma.esteri.it\/sv\/lingua-e-cultura\/biblioteca\/diventare-soci\/","title":{"rendered":"Bli medlem"},"content":{"rendered":"<p>F\u00f6r att bli\u00a0<strong>medlem<\/strong> i Italienska Kulturinstitutet \u201dC.M. Lerici\u201d skall man betala in medlemsavgiften p\u00e5 350 kr f\u00f6r vuxna eller 150 kr f\u00f6r pension\u00e4rer (gratis f\u00f6r studerande) till <strong>Bankgirokonto 5831-8452<\/strong>, tillh\u00f6rande Italienska Kulturinstitutet, och specificera att inbetalningen g\u00e4ller medlemskap. Meddela \u00e4ven din adress och e-postadress i samband med inbetalningen!<\/p>\n<p>Du kan \u00e4ven betala ditt medlemskap med <strong>swish<\/strong>! Numret du ska ange \u00e4r\u00a0<strong>1231736339<\/strong>. Skriv ditt namn, efternamn och \u201dmedlemskap\u201d. Meddela \u00e4ven dina personuppgifter (e-mail och postadress) genom att skicka ett mail till <strong><a class=\"focus--mouse\" href=\"mailto:stockholm.segreteria@esteri.it\" data-focus-mouse=\"true\">stockholm.segreteria@esteri.it<\/a><\/strong>.<\/p>\n<p>Medlemskapet g\u00e4ller sedan i\u00a0<strong>12 m\u00e5nader<\/strong>\u00a0from inbetalningsdatumet och ber\u00e4ttigar till f\u00f6ljande:<\/p>\n<ul>\n<li><a href=\"https:\/\/iicstoccolma.esteri.it\/sv\/lingua-e-cultura\/biblioteca\/\">biblioteksl\u00e5n<\/a>;<\/li>\n<li>fritt intr\u00e4de till n\u00e5gra evenemang som institutet arrangerar i samarbete med andra kulturinstitutioner;<\/li>\n<li>fribiljetter till f\u00f6rhandsvisningar av nya filmer.<\/li>\n<\/ul>\n","protected":false},"excerpt":{"rendered":"F\u00f6r att bli\u00a0medlem i Italienska Kulturinstitutet \u201dC.M. Lerici\u201d skall man betala in medlemsavgiften p\u00e5 350 kr f\u00f6r vuxna eller 150 kr f\u00f6r pension\u00e4rer (gratis f\u00f6r studerande) till Bankgirokonto 5831-8452, tillh\u00f6rande Italienska Kulturinstitutet, och specificera att inbetalningen g\u00e4ller medlemskap. Meddela \u00e4ven din adress och e-postadress i samband med inbetalningen! Du kan \u00e4ven betala ditt medlemskap med [&hellip;]","protected":false},"author":8,"featured_media":0,"parent":122,"menu_order":7,"comment_status":"closed","ping_status":"closed","template":"","meta":{"footnotes":""},"class_list":["post-517","page","type-page","status-publish","hentry"],"_links":{"self":[{"href":"https:\/\/iicstoccolma.esteri.it\/sv\/wp-json\/wp\/v2\/pages\/517","targetHints":{"allow":["GET"]}}],"collection":[{"href":"https:\/\/iicstoccolma.esteri.it\/sv\/wp-json\/wp\/v2\/pages"}],"about":[{"href":"https:\/\/iicstoccolma.esteri.it\/sv\/wp-json\/wp\/v2\/types\/page"}],"author":[{"embeddable":true,"href":"https:\/\/iicstoccolma.esteri.it\/sv\/wp-json\/wp\/v2\/users\/8"}],"replies":[{"embeddable":true,"href":"https:\/\/iicstoccolma.esteri.it\/sv\/wp-json\/wp\/v2\/comments?post=517"}],"version-history":[{"count":7,"href":"https:\/\/iicstoccolma.esteri.it\/sv\/wp-json\/wp\/v2\/pages\/517\/revisions"}],"predecessor-version":[{"id":35075,"href":"https:\/\/iicstoccolma.esteri.it\/sv\/wp-json\/wp\/v2\/pages\/517\/revisions\/35075"}],"up":[{"embeddable":true,"href":"https:\/\/iicstoccolma.esteri.it\/sv\/wp-json\/wp\/v2\/pages\/122"}],"wp:attachment":[{"href":"https:\/\/iicstoccolma.esteri.it\/sv\/wp-json\/wp\/v2\/media?parent=517"}],"curies":[{"name":"wp","href":"https:\/\/api.w.org\/{rel}","templated":true}]}}