{"id":511,"date":"2023-10-11T12:27:58","date_gmt":"2023-10-11T10:27:58","guid":{"rendered":"https:\/\/iicstoccolma.esteri.it\/chi-siamo\/contatti\/proposte-culturali\/"},"modified":"2023-12-05T12:14:59","modified_gmt":"2023-12-05T11:14:59","slug":"proposte-culturali","status":"publish","type":"page","link":"https:\/\/iicstoccolma.esteri.it\/sv\/chi-siamo\/contatti\/proposte-culturali\/","title":{"rendered":"Kulturella samarbeten"},"content":{"rendered":"<p><strong>F\u00f6rslag p\u00e5 samarbeten<\/strong> med Italienska Kulturinstitutet i Stockholm emottar vi <em>endast <\/em>via f\u00f6ljande mailadress: <strong><a href=\"mailto:stockholm.proposte@esteri.it\">stockholm.proposte@esteri.it<\/a><\/strong>.<\/p>\n<p>F\u00f6rslag som skickas in till andra mailadresser, via telefon, muntligt eller via post kommer inte att \u00f6verv\u00e4gas. F\u00f6rslagen evalueras av Institutets personal.<\/p>\n<p>De f\u00f6rslag som skickas in l\u00e4ses igenom regelbundet och om det verkar av intresse f\u00f6r Institutet tar vi kontakt f\u00f6r ett fortsatt samarbete.<\/p>\n<p>Vi ber er att inte skicka f\u00f6rfr\u00e5gningar om sponsring, d\u00e5 institutet enligt lag inte f\u00e5r sponsra evenemang.<\/p>\n","protected":false},"excerpt":{"rendered":"F\u00f6rslag p\u00e5 samarbeten med Italienska Kulturinstitutet i Stockholm emottar vi endast via f\u00f6ljande mailadress: stockholm.proposte@esteri.it. F\u00f6rslag som skickas in till andra mailadresser, via telefon, muntligt eller via post kommer inte att \u00f6verv\u00e4gas. F\u00f6rslagen evalueras av Institutets personal. De f\u00f6rslag som skickas in l\u00e4ses igenom regelbundet och om det verkar av intresse f\u00f6r Institutet tar vi [&hellip;]","protected":false},"author":8,"featured_media":0,"parent":103,"menu_order":3,"comment_status":"closed","ping_status":"closed","template":"","meta":{"footnotes":""},"class_list":["post-511","page","type-page","status-publish","hentry"],"_links":{"self":[{"href":"https:\/\/iicstoccolma.esteri.it\/sv\/wp-json\/wp\/v2\/pages\/511","targetHints":{"allow":["GET"]}}],"collection":[{"href":"https:\/\/iicstoccolma.esteri.it\/sv\/wp-json\/wp\/v2\/pages"}],"about":[{"href":"https:\/\/iicstoccolma.esteri.it\/sv\/wp-json\/wp\/v2\/types\/page"}],"author":[{"embeddable":true,"href":"https:\/\/iicstoccolma.esteri.it\/sv\/wp-json\/wp\/v2\/users\/8"}],"replies":[{"embeddable":true,"href":"https:\/\/iicstoccolma.esteri.it\/sv\/wp-json\/wp\/v2\/comments?post=511"}],"version-history":[{"count":6,"href":"https:\/\/iicstoccolma.esteri.it\/sv\/wp-json\/wp\/v2\/pages\/511\/revisions"}],"predecessor-version":[{"id":28902,"href":"https:\/\/iicstoccolma.esteri.it\/sv\/wp-json\/wp\/v2\/pages\/511\/revisions\/28902"}],"up":[{"embeddable":true,"href":"https:\/\/iicstoccolma.esteri.it\/sv\/wp-json\/wp\/v2\/pages\/103"}],"wp:attachment":[{"href":"https:\/\/iicstoccolma.esteri.it\/sv\/wp-json\/wp\/v2\/media?parent=511"}],"curies":[{"name":"wp","href":"https:\/\/api.w.org\/{rel}","templated":true}]}}