{"id":48220,"date":"2025-08-18T12:13:50","date_gmt":"2025-08-18T10:13:50","guid":{"rendered":"https:\/\/iicstoccolma.esteri.it\/amministrazione-trasparente\/bandi-di-gara-e-contratti\/organizzazione-e-gestione-dei-corsi-di-lingua-e-cultura-italiana-presso-listituto-italiano-di-cultura-di-stoccolma\/"},"modified":"2026-03-12T12:12:11","modified_gmt":"2026-03-12T11:12:11","slug":"organizzazione-e-gestione-dei-corsi-di-lingua-e-cultura-italiana-presso-listituto-italiano-di-cultura-di-stoccolma","status":"publish","type":"page","link":"https:\/\/iicstoccolma.esteri.it\/sv\/amministrazione-trasparente\/bandi-di-gara-e-contratti\/organizzazione-e-gestione-dei-corsi-di-lingua-e-cultura-italiana-presso-listituto-italiano-di-cultura-di-stoccolma\/","title":{"rendered":"Organisera och driv kurser i italienska spr\u00e5ket och kulturen p\u00e5 Italienska Kulturinstitutet i Stockholm"},"content":{"rendered":"<p><strong>TIDIGARE ANSLAG<\/strong><\/p>\n<p><strong>ITALIENSKA KULTURINSTITUTET I STOCKHOLM \u2013 ORGANISERA OCH DRIV KURSER I ITALIENSKA UNDER 2026-2029 (SISTA ANS\u00d6KNINGSDAG: 11 MARS 2026)<\/strong><\/p>\n<p>Det har publicerats ett offentligt meddelande f\u00f6r utlysning om intresseanm\u00e4lning f\u00f6r att delta i en f\u00f6rhandlad upphandling avseende tilldelning av uppdraget att <strong>organisera och driva kurser i italienska spr\u00e5ket och kulturen<\/strong> p\u00e5 Italienska Kulturinstitutet i Stockholm under perioden 1 september 2026 \u2013 31 augusti 2029.<\/p>\n<p>Ekonomiska akt\u00f6rer som har r\u00e4tt att utf\u00f6ra s\u00e5dana aktiviteter i Sverige kan skicka sin intresseanm\u00e4lan till <a href=\"mailto:stockholm.segreteria@esteri.it\">stockholm.segreteria@esteri.it<\/a> enligt angivningarna i det offentliga meddelandet, senast 11 mars 2026.<\/p>\n<p><a href=\"https:\/\/iicstoccolma.esteri.it\/wp-content\/uploads\/2026\/02\/Avviso-pubblico-per-manifestazioni-dinteresse-corsi-di-lingua-2026_29_SV-firmato.pdf\">Officiellt anslag &#8211; Organisation av italienskakurser<\/a><\/p>\n<p><a href=\"https:\/\/iicstoccolma.esteri.it\/wp-content\/uploads\/2026\/02\/IIC-Stockholm-Istanza-di-partecipazione-2026-2029-SV.docx\">Intresseanm\u00e4lan<\/a><\/p>\n<p>&nbsp;<\/p>\n<p><strong>ITALIENSKA KULTURINSTITUTET I STOCKHOLM \u2013 ORGANISERA OCH DRIV KURSER I ITALIENSKA UNDER 2026-2028 (SISTA ANS\u00d6KNINGSDAG: 17 SEPTEMBER 2025)<\/strong><\/p>\n<p>Det har publicerats ett offentligt meddelande f\u00f6r utlysning om intresseanm\u00e4lning f\u00f6r att delta i en f\u00f6rhandlad upphandling avseende tilldelning av uppdraget att <strong>organisera och driva kurser i italienska spr\u00e5ket och kulturen<\/strong> p\u00e5 Italienska Kulturinstitutet i Stockholm under perioden 1 januari 2026 \u2013 31 december 2028.<\/p>\n<p>Ekonomiska akt\u00f6rer som har r\u00e4tt att utf\u00f6ra s\u00e5dana aktiviteter i Sverige kan skicka sin intresseanm\u00e4lan till <a href=\"mailto:stockholm.segreteria@esteri.it\">stockholm.segreteria@esteri.it<\/a> enligt angivningarna i det offentliga meddelandet, senast 17 september 2025.<\/p>\n<hr \/>\n<p><em>Senast uppdaterad: 11 februari 2026<\/em><\/p>\n","protected":false},"excerpt":{"rendered":"TIDIGARE ANSLAG ITALIENSKA KULTURINSTITUTET I STOCKHOLM \u2013 ORGANISERA OCH DRIV KURSER I ITALIENSKA UNDER 2026-2029 (SISTA ANS\u00d6KNINGSDAG: 11 MARS 2026) Det har publicerats ett offentligt meddelande f\u00f6r utlysning om intresseanm\u00e4lning f\u00f6r att delta i en f\u00f6rhandlad upphandling avseende tilldelning av uppdraget att organisera och driva kurser i italienska spr\u00e5ket och kulturen p\u00e5 Italienska Kulturinstitutet i [&hellip;]","protected":false},"author":8,"featured_media":0,"parent":956,"menu_order":5,"comment_status":"closed","ping_status":"closed","template":"","meta":{"footnotes":""},"class_list":["post-48220","page","type-page","status-publish","hentry"],"_links":{"self":[{"href":"https:\/\/iicstoccolma.esteri.it\/sv\/wp-json\/wp\/v2\/pages\/48220","targetHints":{"allow":["GET"]}}],"collection":[{"href":"https:\/\/iicstoccolma.esteri.it\/sv\/wp-json\/wp\/v2\/pages"}],"about":[{"href":"https:\/\/iicstoccolma.esteri.it\/sv\/wp-json\/wp\/v2\/types\/page"}],"author":[{"embeddable":true,"href":"https:\/\/iicstoccolma.esteri.it\/sv\/wp-json\/wp\/v2\/users\/8"}],"replies":[{"embeddable":true,"href":"https:\/\/iicstoccolma.esteri.it\/sv\/wp-json\/wp\/v2\/comments?post=48220"}],"version-history":[{"count":7,"href":"https:\/\/iicstoccolma.esteri.it\/sv\/wp-json\/wp\/v2\/pages\/48220\/revisions"}],"predecessor-version":[{"id":54658,"href":"https:\/\/iicstoccolma.esteri.it\/sv\/wp-json\/wp\/v2\/pages\/48220\/revisions\/54658"}],"up":[{"embeddable":true,"href":"https:\/\/iicstoccolma.esteri.it\/sv\/wp-json\/wp\/v2\/pages\/956"}],"wp:attachment":[{"href":"https:\/\/iicstoccolma.esteri.it\/sv\/wp-json\/wp\/v2\/media?parent=48220"}],"curies":[{"name":"wp","href":"https:\/\/api.w.org\/{rel}","templated":true}]}}