{"id":46413,"date":"2025-04-08T14:59:11","date_gmt":"2025-04-08T12:59:11","guid":{"rendered":"https:\/\/iicstoccolma.esteri.it\/lingua-e-cultura\/borse-di-studio\/premio-stoccolma\/edizione-2024\/"},"modified":"2025-09-05T11:12:44","modified_gmt":"2025-09-05T09:12:44","slug":"edizione-2024","status":"publish","type":"page","link":"https:\/\/iicstoccolma.esteri.it\/sv\/lingua-e-cultura\/borse-di-studio\/premio-stoccolma\/edizione-2024\/","title":{"rendered":"Andra upplagan \u2013 2024\/2025"},"content":{"rendered":"<h5>Premio Stoccolma, som \u00e4mnar fr\u00e4mja nya h\u00e5llbara metoder f\u00f6r modeproduktion och konsumtion, uts\u00e5gs i september 2024 av en jury best\u00e5ende av experter inom den italienska och svenska modesektorn.<\/h5>\n<p>Vinnarna av den andra upplagan av Premio Stoccolma \u00e4r <strong>Salvatore Vignola<\/strong> och <strong>Carla Car\u00eca<\/strong>. De spenderar sex m\u00e5nader i Sverige f\u00f6r en utbildande och professionell upplevelse hos framst\u00e5ende organisationer, institutioner och f\u00f6retag p\u00e5 den svenska marknaden och f\u00f6rdjupa sina kunskaper inom h\u00e5llbar modedesign, anv\u00e4ndande och \u00e5tervinning av material, fr\u00e5n cirkul\u00e4r ekonomi till applicerad teknologi.<\/p>\n<p>Residenserna, som b\u00f6rjade i februari 2025, till\u00e5ter vinnarna att samarbeta med tv\u00e5 prestigefyllda svenska varum\u00e4rken: <b>Deadwood <\/b>(Salvatore Vignola) och <strong>Tiger of Sweden\u00a0<\/strong>(Carla Car\u00eca).<\/p>\n<p>Fokuset p\u00e5 de st\u00e4ndigt aktuella och br\u00e5dskande problemen runt h\u00e5llbarhet och eko-innovation inom modesektorn presentaterades under v\u00e5ren 2025. <a href=\"https:\/\/iicstoccolma.esteri.it\/sv\/news\/dall_istituto\/2025\/04\/workshop-threading-a-sustainable-future-il-dialogo-tra-lessere-umano-e-la-lana\/\">6 maj<\/a> organiserades ett event om ulls m\u00f6jligheter d\u00e4r arbetet fr\u00e5n en workshop de tv\u00e5 vinnarna h\u00f6ll presenterades. Arbetet fr\u00e5n residenserna presenterades dessutom f\u00f6r en specialistpublik <a href=\"https:\/\/iicstoccolma.esteri.it\/sv\/news\/dall_istituto\/2025\/06\/il-premio-stoccolma-2024-protagonista-alla-stockholm-fashion-week\/\">5 juni<\/a>, inom ramen f\u00f6r Stockholm Fashion Week.<\/p>\n<hr \/>\n<p>Premio Stoccolma delas ut av\u00a0Direzione Generale per la Creativit\u00e0 Contemporanea (Italienska Kulturdepartementet), Direzione Generale per la Diplomazia Pubblica e Culturale (Italienska Utrikesdepartementet) och Italienska Kulturinstitutet i Stockholm, i\u00a0samarbete med <a href=\"https:\/\/si.se\/en\/\"><strong>Swedish Institute<\/strong><\/a>\u00a0och\u00a0<a href=\"https:\/\/www.asfb.se\/\"><strong>Swedish Fashion Association<\/strong><\/a>, partners i projektet.<\/p>\n<p>&nbsp;<\/p>\n","protected":false},"excerpt":{"rendered":"Premio Stoccolma, som \u00e4mnar fr\u00e4mja nya h\u00e5llbara metoder f\u00f6r modeproduktion och konsumtion, uts\u00e5gs i september 2024 av en jury best\u00e5ende av experter inom den italienska och svenska modesektorn. Vinnarna av den andra upplagan av Premio Stoccolma \u00e4r Salvatore Vignola och Carla Car\u00eca. De spenderar sex m\u00e5nader i Sverige f\u00f6r en utbildande och professionell upplevelse hos [&hellip;]","protected":false},"author":8,"featured_media":0,"parent":439,"menu_order":4,"comment_status":"closed","ping_status":"closed","template":"","meta":{"footnotes":""},"class_list":["post-46413","page","type-page","status-publish","hentry"],"_links":{"self":[{"href":"https:\/\/iicstoccolma.esteri.it\/sv\/wp-json\/wp\/v2\/pages\/46413","targetHints":{"allow":["GET"]}}],"collection":[{"href":"https:\/\/iicstoccolma.esteri.it\/sv\/wp-json\/wp\/v2\/pages"}],"about":[{"href":"https:\/\/iicstoccolma.esteri.it\/sv\/wp-json\/wp\/v2\/types\/page"}],"author":[{"embeddable":true,"href":"https:\/\/iicstoccolma.esteri.it\/sv\/wp-json\/wp\/v2\/users\/8"}],"replies":[{"embeddable":true,"href":"https:\/\/iicstoccolma.esteri.it\/sv\/wp-json\/wp\/v2\/comments?post=46413"}],"version-history":[{"count":4,"href":"https:\/\/iicstoccolma.esteri.it\/sv\/wp-json\/wp\/v2\/pages\/46413\/revisions"}],"predecessor-version":[{"id":48735,"href":"https:\/\/iicstoccolma.esteri.it\/sv\/wp-json\/wp\/v2\/pages\/46413\/revisions\/48735"}],"up":[{"embeddable":true,"href":"https:\/\/iicstoccolma.esteri.it\/sv\/wp-json\/wp\/v2\/pages\/439"}],"wp:attachment":[{"href":"https:\/\/iicstoccolma.esteri.it\/sv\/wp-json\/wp\/v2\/media?parent=46413"}],"curies":[{"name":"wp","href":"https:\/\/api.w.org\/{rel}","templated":true}]}}