{"id":439,"date":"2023-10-09T16:50:37","date_gmt":"2023-10-09T14:50:37","guid":{"rendered":"https:\/\/iicstoccolma.esteri.it\/lingua-e-cultura\/premi-alla-traduzione\/premio-stoccolma\/"},"modified":"2025-09-05T11:04:42","modified_gmt":"2025-09-05T09:04:42","slug":"premio-stoccolma","status":"publish","type":"page","link":"https:\/\/iicstoccolma.esteri.it\/sv\/lingua-e-cultura\/borse-di-studio\/premio-stoccolma\/","title":{"rendered":"Premio Stoccolma"},"content":{"rendered":"<h5>OBS! F\u00f6rl\u00e4ngd ans\u00f6kningsdag till och med 22 juni.<\/h5>\n<h5>Det Italienska Kulturministeriet, Utrikesdepartementet och Italienska Kulturinstitutet i Stockholm i samarbete med Svenska Institutet och Association of Swedish Fashion Brands \u00e4r glada att presentera Premio Stoccolma.<\/h5>\n<p>Priset \u00e4r till f\u00f6r att st\u00f6dja talanger inom samtida italiensk modedesign, med fokus p\u00e5 br\u00e5dskande utmaningar inom h\u00e5llbarhet och eko-innovation inom modesektorn. Tack vare ett stipendium kommer <strong>tv\u00e5 unga modedesigners<\/strong> vinna en m\u00f6jlighet att tillbringa en sex m\u00e5nader l\u00e5ng vistelse i Sverige d\u00e4r de kommer praktisera hos framst\u00e5ende organisationer, modeinstitutioner och f\u00f6retag inom sektorn.<\/p>\n<p>Vinnarna kan \u00e4ven delta p\u00e5 aktiviteter och kulturella event organiserade av Italienska Kulturinstitutet i Stockholm och\/eller prisets samarbetspartners, och presentera resultatet av sitt arbete vid slutet av deras vistelse.<\/p>\n<p>I stipendiet ing\u00e5r:<\/p>\n<ul>\n<li>2.000 euro i m\u00e5naden f\u00f6r livskostnader och f\u00f6r deltagande p\u00e5 aktiviteter hos organisationer, institutioner och\/eller f\u00f6retag specialiserade inom h\u00e5llbart mode;<\/li>\n<li>boende f\u00f6r hela vistelsetiden;<\/li>\n<li>tur och retur-biljett mellan Stockholm och Italien;<\/li>\n<li>f\u00f6rs\u00e4kring f\u00f6r sjukfall och olyckor.<\/li>\n<\/ul>\n<p><span style=\"font-weight: 400;\">Residensperioden varar i sex m\u00e5nader och ska avslutas f\u00f6re utg\u00e5ngen av <\/span><b>2026<\/b><span style=\"font-weight: 400;\">.<\/span><\/p>\n<p>Du kan skicka din ans\u00f6kan om du uppfyller f\u00f6ljande kriterier:<\/p>\n<ul>\n<li>\u00e4r italiensk medborgare;<\/li>\n<li>\u00e4r f\u00f6dd efter 31 december 1990;<\/li>\n<li>har en kandidat-, master-, doktorsexamen eller likv\u00e4rdig titel i \u00e4mnen kopplade till modedesign;<\/li>\n<li>forskar och\/eller \u00e4r med i samarbeten och projekt inom modedesign i termens vidaste betydelse;<\/li>\n<li>har goda kunskaper i engelska.<\/li>\n<\/ul>\n<p>Designers som ing\u00e5r i en grupp kan endast skicka sin ans\u00f6kan individuellt.<\/p>\n<p>Du kan inte ans\u00f6ka om du \u00e4r anst\u00e4lld hos, eller sl\u00e4kt med personal p\u00e5, organisationerna eller departementen som utlyser priset, inkluderat Svenska Institutet och Swedish Fashion Association.<\/p>\n<p>Ans\u00f6kan ska fyllas i enligt fac-similen som \u00e4r bifogad i anslaget, och ska\u00a0skickas till f\u00f6ljande e-postadress:\u00a0<a href=\"mailto:stoccolma.premio@esteri.it\"><strong>stoccolma.premio@esteri.it<\/strong><\/a>, <strong>senast kl. 12:00 (italiensk tid) den 22 juni 2025<\/strong>, i \u00e4mnesraden ska priset och kandidatens namn framg\u00e5.<\/p>\n<p><span style=\"font-weight: 400;\">Urvalet sker av en <\/span><b>internationell kommission<\/b><span style=\"font-weight: 400;\"> best\u00e5ende av fem medlemmar som representerar de italienska och svenska partnerorganisationerna. Namnen p\u00e5 kommissionens medlemmar kommer att publiceras efter ans\u00f6kningstidens slut.<\/span><\/p>\n<p><span style=\"font-weight: 400;\">De tv\u00e5 vinnarna kontaktas via e-post och m\u00e5ste bekr\u00e4fta mottagandet av priset <\/span><b>inom sju dagar<\/b><span style=\"font-weight: 400;\">. I annat fall g\u00e5r priset vidare till n\u00e4sta person i rankningen. Vinnarnas namn kommer att publiceras p\u00e5 webbplatserna f\u00f6r Italiens utrikesministerium, Generaldirektoratet f\u00f6r samtida kreativitet och Italienska Kulturinstitutet i Stockholm.<\/span><\/p>\n<p>&nbsp;<\/p>\n<p><span style=\"color: #ff0000;\">Vi \u00e4r glada att kunna meddela att vinnarna av den tredje upplagan av Premio Stoccolma \u00e4r Pasquale Montoro och Michael Ruggiero. <\/span><br \/>\n<span style=\"color: #ff0000;\">Priset delades ut efter utv\u00e4rdering av kommitt\u00e9n.<\/span><\/p>\n<p>&nbsp;<\/p>\n<p><img loading=\"lazy\" decoding=\"async\" class=\"alignnone wp-image-5624 img-fluid\" src=\"https:\/\/iicstoccolma.esteri.it\/wp-content\/uploads\/2023\/11\/premio_stoccolma_1-BOZZA-LOGO-300x300.png\" alt=\"\" width=\"294\" height=\"294\" srcset=\"https:\/\/iicstoccolma.esteri.it\/wp-content\/uploads\/2023\/11\/premio_stoccolma_1-BOZZA-LOGO-300x300.png 300w, https:\/\/iicstoccolma.esteri.it\/wp-content\/uploads\/2023\/11\/premio_stoccolma_1-BOZZA-LOGO-1024x1024.png 1024w, https:\/\/iicstoccolma.esteri.it\/wp-content\/uploads\/2023\/11\/premio_stoccolma_1-BOZZA-LOGO-150x150.png 150w, https:\/\/iicstoccolma.esteri.it\/wp-content\/uploads\/2023\/11\/premio_stoccolma_1-BOZZA-LOGO-768x768.png 768w, https:\/\/iicstoccolma.esteri.it\/wp-content\/uploads\/2023\/11\/premio_stoccolma_1-BOZZA-LOGO.png 1920w\" sizes=\"auto, (max-width: 294px) 100vw, 294px\" \/><\/p>\n","protected":false},"excerpt":{"rendered":"OBS! F\u00f6rl\u00e4ngd ans\u00f6kningsdag till och med 22 juni. Det Italienska Kulturministeriet, Utrikesdepartementet och Italienska Kulturinstitutet i Stockholm i samarbete med Svenska Institutet och Association of Swedish Fashion Brands \u00e4r glada att presentera Premio Stoccolma. Priset \u00e4r till f\u00f6r att st\u00f6dja talanger inom samtida italiensk modedesign, med fokus p\u00e5 br\u00e5dskande utmaningar inom h\u00e5llbarhet och eko-innovation inom [&hellip;]","protected":false},"author":5,"featured_media":0,"parent":106,"menu_order":4,"comment_status":"closed","ping_status":"closed","template":"","meta":{"footnotes":""},"class_list":["post-439","page","type-page","status-publish","hentry"],"_links":{"self":[{"href":"https:\/\/iicstoccolma.esteri.it\/sv\/wp-json\/wp\/v2\/pages\/439","targetHints":{"allow":["GET"]}}],"collection":[{"href":"https:\/\/iicstoccolma.esteri.it\/sv\/wp-json\/wp\/v2\/pages"}],"about":[{"href":"https:\/\/iicstoccolma.esteri.it\/sv\/wp-json\/wp\/v2\/types\/page"}],"author":[{"embeddable":true,"href":"https:\/\/iicstoccolma.esteri.it\/sv\/wp-json\/wp\/v2\/users\/5"}],"replies":[{"embeddable":true,"href":"https:\/\/iicstoccolma.esteri.it\/sv\/wp-json\/wp\/v2\/comments?post=439"}],"version-history":[{"count":8,"href":"https:\/\/iicstoccolma.esteri.it\/sv\/wp-json\/wp\/v2\/pages\/439\/revisions"}],"predecessor-version":[{"id":48726,"href":"https:\/\/iicstoccolma.esteri.it\/sv\/wp-json\/wp\/v2\/pages\/439\/revisions\/48726"}],"up":[{"embeddable":true,"href":"https:\/\/iicstoccolma.esteri.it\/sv\/wp-json\/wp\/v2\/pages\/106"}],"wp:attachment":[{"href":"https:\/\/iicstoccolma.esteri.it\/sv\/wp-json\/wp\/v2\/media?parent=439"}],"curies":[{"name":"wp","href":"https:\/\/api.w.org\/{rel}","templated":true}]}}