{"id":436,"date":"2023-10-09T16:43:17","date_gmt":"2023-10-09T14:43:17","guid":{"rendered":"https:\/\/iicstoccolma.esteri.it\/lingua-e-cultura\/pubblicazioni-delliic\/stretch-art-beyond-the-limit-of-architecture\/"},"modified":"2024-01-29T12:52:19","modified_gmt":"2024-01-29T11:52:19","slug":"stretch-art-beyond-the-limit-of-architecture","status":"publish","type":"page","link":"https:\/\/iicstoccolma.esteri.it\/sv\/lingua-e-cultura\/pubblicazioni-delliic\/altre-pubblicazioni\/stretch-art-beyond-the-limit-of-architecture\/","title":{"rendered":"Stretch Art Beyond the Limit of Architecture"},"content":{"rendered":"<p><strong><em>Stretch Art Beyond the Limit of Architecture. Contemporary art on Gio Ponti&#8217;s Italian Cultural Institute in Stockholm <\/em><\/strong>handlar om konstn\u00e4rerna Blanco-Valente, Mariangela Levita och Monica Bonvicini upplevelser av att s\u00e4tta upp konstinstallationer mellan 2018-2021 p\u00e5 Italienska Kulturinstitutets i Stockholms fasad, ritad av Gio Ponti. Konstn\u00e4rerna anlitades f\u00f6r att tolka byggnadens kropp och sj\u00e4l och var och en, med sitt eget tillv\u00e4gag\u00e5ngss\u00e4tt, skapade verk p\u00e5 byggnaden, och \u00e4ndrade p\u00e5 s\u00e5 s\u00e4tt tolkningen av byggnaden och p\u00e5 s\u00e5 vis &#8221;str\u00e4cka konst bortom arkitekturens gr\u00e4nser&#8221;.<\/p>\n<blockquote>\n<h6><em>DET \u00c4R INTE CEMENTEN, DET \u00c4R INTE TR\u00c4ET, DET \u00c4R INTE STENEN, DET \u00c4R INTE J\u00c4RNET, DET \u00c4R INTE GLASET SOM \u00c4R DET MEST T\u00c5LIGA ELEMENTET. DET MEST T\u00c5LIGA MATERIALET INOM BYGGNAD \u00c4R KONSTEN.<\/em><br \/>\n&#8211; Gio Ponti<\/h6>\n<\/blockquote>\n<p><strong>De tre installationerna<br \/>\n<\/strong><span style=\"text-decoration: underline;\">Bianco-Valente<br \/>\n<\/span><em>Relational<\/em>, 2018, elektroluminiscerande kablar.<img decoding=\"async\" class=\"alignnone size-large wp-image-30142 img-fluid\" src=\"https:\/\/iicstoccolma.esteri.it\/wp-content\/uploads\/2024\/01\/Relational-2018-by-Bianco-Valente-1024x680.png\" alt=\"\" width=\"100%\" srcset=\"https:\/\/iicstoccolma.esteri.it\/wp-content\/uploads\/2024\/01\/Relational-2018-by-Bianco-Valente-1024x680.png 1024w, https:\/\/iicstoccolma.esteri.it\/wp-content\/uploads\/2024\/01\/Relational-2018-by-Bianco-Valente-300x199.png 300w, https:\/\/iicstoccolma.esteri.it\/wp-content\/uploads\/2024\/01\/Relational-2018-by-Bianco-Valente-768x510.png 768w, https:\/\/iicstoccolma.esteri.it\/wp-content\/uploads\/2024\/01\/Relational-2018-by-Bianco-Valente.png 1083w\" sizes=\"(max-width: 1024px) 100vw, 1024px\" \/><\/p>\n<p><span style=\"text-decoration: underline;\">Mariangela Levita<br \/>\n<\/span><em>Tutto.<\/em>, 2019, filmf\u00e4rg.<br \/>\n<img decoding=\"async\" class=\"alignnone size-large wp-image-30147 img-fluid\" src=\"https:\/\/iicstoccolma.esteri.it\/wp-content\/uploads\/2024\/01\/Tutto.-2019-by-Mariangela-Levita-1024x610.png\" alt=\"\" width=\"100%\" srcset=\"https:\/\/iicstoccolma.esteri.it\/wp-content\/uploads\/2024\/01\/Tutto.-2019-by-Mariangela-Levita-1024x610.png 1024w, https:\/\/iicstoccolma.esteri.it\/wp-content\/uploads\/2024\/01\/Tutto.-2019-by-Mariangela-Levita-300x179.png 300w, https:\/\/iicstoccolma.esteri.it\/wp-content\/uploads\/2024\/01\/Tutto.-2019-by-Mariangela-Levita-768x457.png 768w, https:\/\/iicstoccolma.esteri.it\/wp-content\/uploads\/2024\/01\/Tutto.-2019-by-Mariangela-Levita.png 1196w\" sizes=\"(max-width: 1024px) 100vw, 1024px\" \/><\/p>\n<p><span style=\"text-decoration: underline;\">Monica Bonvicini<br \/>\n<\/span><em>Power Joy Humor Resistance<\/em>, 2020, r\u00f6da neonbokst\u00e4ver, aluminium, ramar, elektriska kablar.<br \/>\n<img decoding=\"async\" class=\"alignnone size-large wp-image-30175 img-fluid\" src=\"https:\/\/iicstoccolma.esteri.it\/wp-content\/uploads\/2024\/01\/Power-Joy-Humor-Resistance-2020-by-Monica-Bonvicini-1024x594.png\" alt=\"\" width=\"100%\" srcset=\"https:\/\/iicstoccolma.esteri.it\/wp-content\/uploads\/2024\/01\/Power-Joy-Humor-Resistance-2020-by-Monica-Bonvicini-1024x594.png 1024w, https:\/\/iicstoccolma.esteri.it\/wp-content\/uploads\/2024\/01\/Power-Joy-Humor-Resistance-2020-by-Monica-Bonvicini-300x174.png 300w, https:\/\/iicstoccolma.esteri.it\/wp-content\/uploads\/2024\/01\/Power-Joy-Humor-Resistance-2020-by-Monica-Bonvicini-768x446.png 768w, https:\/\/iicstoccolma.esteri.it\/wp-content\/uploads\/2024\/01\/Power-Joy-Humor-Resistance-2020-by-Monica-Bonvicini.png 1027w\" sizes=\"(max-width: 1024px) 100vw, 1024px\" \/><\/p>\n<p><strong>Omslaget<br \/>\n<\/strong><strong><img loading=\"lazy\" decoding=\"async\" class=\"alignnone size-medium wp-image-299 img-fluid\" src=\"https:\/\/iicstoccolma.esteri.it\/wp-content\/uploads\/2023\/10\/i__id10398_mw600__1x-242x300.jpg\" alt=\"\" width=\"242\" height=\"300\" srcset=\"https:\/\/iicstoccolma.esteri.it\/wp-content\/uploads\/2023\/10\/i__id10398_mw600__1x-242x300.jpg 242w, https:\/\/iicstoccolma.esteri.it\/wp-content\/uploads\/2023\/10\/i__id10398_mw600__1x.jpg 600w\" sizes=\"auto, (max-width: 242px) 100vw, 242px\" \/><\/strong><\/p>\n<p>&nbsp;<\/p>\n<hr \/>\n<p>Boken \u00e4r till salu p\u00e5 <strong>Italienska Kultur<\/strong><strong>institutet<\/strong> (G\u00e4rdesgatan 14, Stockholm) och p\u00e5 f\u00f6ljande <strong><a href=\"https:\/\/www.silvanaeditoriale.it\/libro\/9788836648672\">l\u00e4nk<\/a>.<\/strong><\/p>\n","protected":false},"excerpt":{"rendered":"Stretch Art Beyond the Limit of Architecture. Contemporary art on Gio Ponti&#8217;s Italian Cultural Institute in Stockholm handlar om konstn\u00e4rerna Blanco-Valente, Mariangela Levita och Monica Bonvicini upplevelser av att s\u00e4tta upp konstinstallationer mellan 2018-2021 p\u00e5 Italienska Kulturinstitutets i Stockholms fasad, ritad av Gio Ponti. Konstn\u00e4rerna anlitades f\u00f6r att tolka byggnadens kropp och sj\u00e4l och var [&hellip;]","protected":false},"author":5,"featured_media":0,"parent":27327,"menu_order":1,"comment_status":"closed","ping_status":"closed","template":"","meta":{"footnotes":""},"class_list":["post-436","page","type-page","status-publish","hentry"],"_links":{"self":[{"href":"https:\/\/iicstoccolma.esteri.it\/sv\/wp-json\/wp\/v2\/pages\/436","targetHints":{"allow":["GET"]}}],"collection":[{"href":"https:\/\/iicstoccolma.esteri.it\/sv\/wp-json\/wp\/v2\/pages"}],"about":[{"href":"https:\/\/iicstoccolma.esteri.it\/sv\/wp-json\/wp\/v2\/types\/page"}],"author":[{"embeddable":true,"href":"https:\/\/iicstoccolma.esteri.it\/sv\/wp-json\/wp\/v2\/users\/5"}],"replies":[{"embeddable":true,"href":"https:\/\/iicstoccolma.esteri.it\/sv\/wp-json\/wp\/v2\/comments?post=436"}],"version-history":[{"count":6,"href":"https:\/\/iicstoccolma.esteri.it\/sv\/wp-json\/wp\/v2\/pages\/436\/revisions"}],"predecessor-version":[{"id":32379,"href":"https:\/\/iicstoccolma.esteri.it\/sv\/wp-json\/wp\/v2\/pages\/436\/revisions\/32379"}],"up":[{"embeddable":true,"href":"https:\/\/iicstoccolma.esteri.it\/sv\/wp-json\/wp\/v2\/pages\/27327"}],"wp:attachment":[{"href":"https:\/\/iicstoccolma.esteri.it\/sv\/wp-json\/wp\/v2\/media?parent=436"}],"curies":[{"name":"wp","href":"https:\/\/api.w.org\/{rel}","templated":true}]}}