{"id":415,"date":"2023-10-10T12:27:11","date_gmt":"2023-10-10T10:27:11","guid":{"rendered":"https:\/\/iicstoccolma.esteri.it\/lingua-e-cultura\/pubblicazioni-delliic\/cartaditalia\/la-pungente-grazia-cinque-poetesse\/"},"modified":"2024-01-12T11:31:16","modified_gmt":"2024-01-12T10:31:16","slug":"la-pungente-grazia-cinque-poetesse","status":"publish","type":"page","link":"https:\/\/iicstoccolma.esteri.it\/sv\/lingua-e-cultura\/pubblicazioni-delliic\/comete\/la-pungente-grazia-cinque-poetesse\/","title":{"rendered":"Den skarpa n\u00e5den: fem kvinnliga poeter"},"content":{"rendered":"<h5>Serien <strong>&#8221;Kometer&#8221;<\/strong> forts\u00e4tter med <strong><em>Den skarpa n\u00e5den<\/em><\/strong>, som \u00e4r s\u00e4rskilt framtagen f\u00f6r att fr\u00e4mja samtida italiensk poesi.<\/h5>\n<blockquote>\n<h6><em>Ett behov av kritik och motst\u00e5ndshand\u00adlingar mot alla de som f\u00f6rklarar poesin d\u00f6d eller d\u00f6ende, f\u00f6r att de inte alltid vill l\u00e4gga m\u00e4rke till och erk\u00e4nna kvinnors arbete, s\u00e4r\u00adskilt om dessa agerar fritt och oberoende av olika slags betingelser. (\u2026) F\u00f6ljaktligen har vi valt att f\u00f6r den svenska publiken presentera fem framst\u00e5ende kvinnliga poeter, vilkas verk enligt v\u00e5rt f\u00f6rme\u00adnande uppvisar en originalitet p\u00e5 h\u00f6gsta internationella niv\u00e5: Anna Cascella Luciani, Cristina Annino, Maura Del Serra, Margherita Rimi, Chiara Carminati.<br \/>\n<\/em>&#8211; Daniela Marcheschi<\/h6>\n<\/blockquote>\n<p>Det h\u00e4r nya urvalet som utarbetats av <strong>Daniela Marcheschi<\/strong>, str\u00e4cker sig fram till v\u00e5ra dagar och representerar fem av de senaste decenniernas mest betydande kvinnliga f\u00f6rfattare, i ett perspektiv som f\u00f6rutom sj\u00e4lva genusaspekten kretsar kring ett sedvanligt s\u00e4tt att tolka poesi p\u00e5.<\/p>\n<p>Idag mer \u00e4n n\u00e5gonsin spelar det skrivna ordet en central roll i v\u00e5rt dagliga liv, efter att ha er\u00f6vrat utrymmen som tills helt nyligen varit reserverade f\u00f6r muntliga representationer. Detta tack vare sociala n\u00e4tverk. I detta sammanhang f\u00e5r det poetiska valet ett egenartat v\u00e4rde eftersom det f\u00f6r skrivandet g\u00f6r anspr\u00e5k p\u00e5 m\u00f6jligheten att \u00f6ppna en annan dimension, att v\u00e4cka fr\u00e5gor, att f\u00f6resl\u00e5 lekar som inte \u00e4r uppenbara, att engagera l\u00e4saren i en hermeneutisk kamp som ber\u00f6var honom m\u00f6jligheten av en l\u00e4ttvindligare tolkning. Mer \u00e4n ett utrymme f\u00f6r sanning \u00e4r poesin ett utrymme f\u00f6r s\u00f6kandet efter sanning.<\/p>\n<p>Om, \u00e5 ena sidan, diktverken av\u00a0<strong>Anna Cascella Luciani<\/strong>,\u00a0<strong>Cristina Annino<\/strong>,\u00a0<strong>Maura Del Serra<\/strong>,\u00a0<strong>Margherita Rimi<\/strong>\u00a0och\u00a0<strong>Chiara Carminati<\/strong>\u00a0\u00e4r uttryck f\u00f6r ett existentiellt, subjektivt s\u00f6kande som glider fram ur en specifik kvinnlig k\u00e4nsla, anv\u00e4nder de fem f\u00f6rfattarna, \u00e5 andra sidan, poesin som medel f\u00f6r att \u00f6vervinna den biografiska, tillf\u00e4lliga aspekten genom att omvandla den, var och en med sin egen r\u00f6st, till skrivandets fysiska och samtidigt spirituella dimension, som vilar i sig sj\u00e4lv, och n\u00e4stan n\u00f6dv\u00e4ndigtvis, str\u00e4cker sig mot tidl\u00f6shet.<\/p>\n<p><strong>Omslaget<br \/>\n<img loading=\"lazy\" decoding=\"async\" class=\"alignnone size-medium wp-image-27199 img-fluid\" src=\"https:\/\/iicstoccolma.esteri.it\/wp-content\/uploads\/2023\/11\/CopertineCartadItalia_usodigital_220x300px_e2-220x300.png\" alt=\"\" width=\"220\" height=\"300\" srcset=\"https:\/\/iicstoccolma.esteri.it\/wp-content\/uploads\/2023\/11\/CopertineCartadItalia_usodigital_220x300px_e2-220x300.png 220w, https:\/\/iicstoccolma.esteri.it\/wp-content\/uploads\/2023\/11\/CopertineCartadItalia_usodigital_220x300px_e2-751x1024.png 751w, https:\/\/iicstoccolma.esteri.it\/wp-content\/uploads\/2023\/11\/CopertineCartadItalia_usodigital_220x300px_e2-768x1047.png 768w, https:\/\/iicstoccolma.esteri.it\/wp-content\/uploads\/2023\/11\/CopertineCartadItalia_usodigital_220x300px_e2.png 917w\" sizes=\"auto, (max-width: 220px) 100vw, 220px\" \/><br \/>\n<\/strong><\/p>\n<p>&nbsp;<\/p>\n<hr \/>\n<p><em>Den skarpa n\u00e5den<\/em> kan k\u00f6pas p\u00e5 <strong><a href=\"https:\/\/www.adlibris.com\/se\/bok\/den-skarpa-naden-fem-kvinnliga-poeter-9789152706220\">Adlibris<\/a>, <a href=\"https:\/\/www.amazon.se\/Den-skarpa-n%C3%A5den-kvinnliga-poeter\/dp\/9152706222\/ref=sr_1_1?keywords=skarpa+n%C3%A5den&amp;qid=1670255001&amp;sr=8-1\">Amazon<\/a><\/strong> och p\u00e5 <strong>Italienska Kultur<\/strong><strong>institutet <\/strong>(G\u00e4rdesgatan 14, Stockholm).<\/p>\n<p>&nbsp;<\/p>\n","protected":false},"excerpt":{"rendered":"Serien &#8221;Kometer&#8221; forts\u00e4tter med Den skarpa n\u00e5den, som \u00e4r s\u00e4rskilt framtagen f\u00f6r att fr\u00e4mja samtida italiensk poesi. Ett behov av kritik och motst\u00e5ndshand\u00adlingar mot alla de som f\u00f6rklarar poesin d\u00f6d eller d\u00f6ende, f\u00f6r att de inte alltid vill l\u00e4gga m\u00e4rke till och erk\u00e4nna kvinnors arbete, s\u00e4r\u00adskilt om dessa agerar fritt och oberoende av olika slags [&hellip;]","protected":false},"author":5,"featured_media":0,"parent":406,"menu_order":1,"comment_status":"closed","ping_status":"closed","template":"","meta":{"footnotes":""},"class_list":["post-415","page","type-page","status-publish","hentry"],"_links":{"self":[{"href":"https:\/\/iicstoccolma.esteri.it\/sv\/wp-json\/wp\/v2\/pages\/415","targetHints":{"allow":["GET"]}}],"collection":[{"href":"https:\/\/iicstoccolma.esteri.it\/sv\/wp-json\/wp\/v2\/pages"}],"about":[{"href":"https:\/\/iicstoccolma.esteri.it\/sv\/wp-json\/wp\/v2\/types\/page"}],"author":[{"embeddable":true,"href":"https:\/\/iicstoccolma.esteri.it\/sv\/wp-json\/wp\/v2\/users\/5"}],"replies":[{"embeddable":true,"href":"https:\/\/iicstoccolma.esteri.it\/sv\/wp-json\/wp\/v2\/comments?post=415"}],"version-history":[{"count":7,"href":"https:\/\/iicstoccolma.esteri.it\/sv\/wp-json\/wp\/v2\/pages\/415\/revisions"}],"predecessor-version":[{"id":30602,"href":"https:\/\/iicstoccolma.esteri.it\/sv\/wp-json\/wp\/v2\/pages\/415\/revisions\/30602"}],"up":[{"embeddable":true,"href":"https:\/\/iicstoccolma.esteri.it\/sv\/wp-json\/wp\/v2\/pages\/406"}],"wp:attachment":[{"href":"https:\/\/iicstoccolma.esteri.it\/sv\/wp-json\/wp\/v2\/media?parent=415"}],"curies":[{"name":"wp","href":"https:\/\/api.w.org\/{rel}","templated":true}]}}