{"id":411,"date":"2023-10-09T16:03:09","date_gmt":"2023-10-09T14:03:09","guid":{"rendered":"https:\/\/iicstoccolma.esteri.it\/lingua-e-cultura\/pubblicazioni-delliic\/enchanting-architecture-2\/"},"modified":"2025-11-18T11:20:44","modified_gmt":"2025-11-18T10:20:44","slug":"enchanting-architecture","status":"publish","type":"page","link":"https:\/\/iicstoccolma.esteri.it\/sv\/lingua-e-cultura\/pubblicazioni-delliic\/altre-pubblicazioni\/enchanting-architecture\/","title":{"rendered":"Enchanting Architecture"},"content":{"rendered":"<p><em><strong>Enchanting Architecture. The Italian Cultural Institute in Stockholm by Gio Ponti<\/strong><\/em>, utgiven 2020 p\u00e5 engelska, firar Italienska Kulturinstitutet i Stockholm, en arkitektonisk juvel, skapad av <a href=\"https:\/\/iicstoccolma.esteri.it\/sv\/chi-siamo\/la-sede\/i-protagonisti-della-storia-delliic\/gio-ponti\/\"><strong>Gio Ponti<\/strong><\/a>. Den k\u00e4nde italienska arkitekten skapade ett &#8221;modernt klassiskt&#8221; projekt d\u00e4r arkitektur och konst blandas och \u00f6vervinner de gr\u00e4nser som satts av samtida tendenser. Gio Ponti lyckades ge liv till ett projekt d\u00e4r olika utrymmen, \u00e4ven om de \u00e4r organiserade efter funktion, f\u00f6ljer varandra i ett harmoniskt spel av brutna linjer och olika f\u00e4rger. <a href=\"https:\/\/iicstoccolma.esteri.it\/sv\/chi-siamo\/la-sede\/i-protagonisti-della-storia-delliic\/ferruccio-rossetti\/\"><strong>Ferruccio Rossetti<\/strong><\/a> hj\u00e4lpte Ponti i Stockholm, <a href=\"https:\/\/iicstoccolma.esteri.it\/sv\/chi-siamo\/la-sede\/i-protagonisti-della-storia-delliic\/carlo-maurilio-lerici\/\"><strong>Carlo Maurilio Lerici<\/strong><\/a> st\u00f6dde arbetet ekonomiskt och <a href=\"https:\/\/iicstoccolma.esteri.it\/sv\/chi-siamo\/la-sede\/i-protagonisti-della-storia-delliic\/pier-luigi-nervi\/\"><strong>Pier Luigi Nervi<\/strong><\/a> designade auditoriets tak. Ess\u00e4erna i den h\u00e4r boken f\u00f6rs\u00f6ker unders\u00f6ka h\u00e4ndelserna under id\u00e9fasen, under projektets byggnad och dess inredning. Texterna ackompanjeras av ett urval bilder tagna fr\u00e5n Institutets historiska arkiv och av foton tagna av Luciano Romano.<\/p>\n<blockquote>\n<h6><em>&#8217;For the lovers of architecture&#8217; and for those who wish to get to know the building designed by Gio Ponti to host the headquarters of the Italian Cultural Institute in Stockholm, this book is the promise of a story at the heart of which Ponti himself described as &#8217;one of the most wonderful episodes of my life.&#8217;<\/em><br \/>\n&#8211; Maria Sica (Direkt\u00f6r f\u00f6r Institutet 2018-21)<\/h6>\n<\/blockquote>\n<p>&nbsp;<\/p>\n<p><strong>Inneh\u00e5ll<\/strong><\/p>\n<ul>\n<li>Foreword<br \/>\n<em>Mario Cospito<\/em><\/li>\n<li>Enchanting Architecture<br \/>\n<em>Maria Sica<\/em><\/li>\n<li>Concise Instructions for the Time-Pressured Visitor<br \/>\n<em>Salvatore Licitra<\/em><\/li>\n<li>The Scent of Italy in Stockholm<br \/>\n<em>Fulvio Irace<\/em><\/li>\n<li>Clear, Pure, and Sunlit<br \/>\n<em>Domitilla Dardi<\/em><\/li>\n<li>The Italian Cultural Institute in Stockholm<br \/>\n<em>Giovanni Bellucci<\/em><\/li>\n<li>The Journey to the North<br \/>\n<em>Antonelli Alici<\/em><\/li>\n<li>Good Vibrations<br \/>\n<em>Frederick Whitling<\/em><\/li>\n<li>Loving Art_Art is a Light<br \/>\n<em>Adriana Rispoli<\/em><\/li>\n<li>Timeline<br \/>\n<em>Giovanni Bellucci<\/em><\/li>\n<li>Biographies<br \/>\n<em>Edited by Giovanni Bellucci<\/em><\/li>\n<li>Selected References<\/li>\n<li>Acknowledgements<\/li>\n<li>Architettura dell&#8217;incanto. L&#8217;Istituto Italiano di Cultura di Stoccolma di Gio Ponti. Testi in italiano<\/li>\n<\/ul>\n<p>&nbsp;<\/p>\n<p><strong>Omslaget<br \/>\n<\/strong><br \/>\n<img loading=\"lazy\" decoding=\"async\" class=\"alignnone size-medium wp-image-14789 img-fluid\" src=\"https:\/\/iicstoccolma.esteri.it\/wp-content\/uploads\/2023\/11\/Enchanting-Architecture-234x300.jpg\" alt=\"\" width=\"234\" height=\"300\" srcset=\"https:\/\/iicstoccolma.esteri.it\/wp-content\/uploads\/2023\/11\/Enchanting-Architecture-234x300.jpg 234w, https:\/\/iicstoccolma.esteri.it\/wp-content\/uploads\/2023\/11\/Enchanting-Architecture-800x1024.jpg 800w, https:\/\/iicstoccolma.esteri.it\/wp-content\/uploads\/2023\/11\/Enchanting-Architecture-768x983.jpg 768w, https:\/\/iicstoccolma.esteri.it\/wp-content\/uploads\/2023\/11\/Enchanting-Architecture.jpg 1448w\" sizes=\"auto, (max-width: 234px) 100vw, 234px\" \/><\/p>\n<p>&nbsp;<\/p>\n<hr \/>\n<p>Boken \u00e4r till salu p\u00e5 <strong>Italienska Kultur<\/strong><strong>institutet<\/strong> (G\u00e4rdesgatan 14, Stockholm) och den h\u00e4r <a href=\"https:\/\/www.fivecontinentseditions.com\/p\/enchanting-architecture\/\">l\u00e4nken<\/a>.<\/p>\n","protected":false},"excerpt":{"rendered":"Enchanting Architecture. The Italian Cultural Institute in Stockholm by Gio Ponti, utgiven 2020 p\u00e5 engelska, firar Italienska Kulturinstitutet i Stockholm, en arkitektonisk juvel, skapad av Gio Ponti. Den k\u00e4nde italienska arkitekten skapade ett &#8221;modernt klassiskt&#8221; projekt d\u00e4r arkitektur och konst blandas och \u00f6vervinner de gr\u00e4nser som satts av samtida tendenser. Gio Ponti lyckades ge liv [&hellip;]","protected":false},"author":5,"featured_media":0,"parent":27327,"menu_order":2,"comment_status":"closed","ping_status":"closed","template":"","meta":{"footnotes":""},"class_list":["post-411","page","type-page","status-publish","hentry"],"_links":{"self":[{"href":"https:\/\/iicstoccolma.esteri.it\/sv\/wp-json\/wp\/v2\/pages\/411","targetHints":{"allow":["GET"]}}],"collection":[{"href":"https:\/\/iicstoccolma.esteri.it\/sv\/wp-json\/wp\/v2\/pages"}],"about":[{"href":"https:\/\/iicstoccolma.esteri.it\/sv\/wp-json\/wp\/v2\/types\/page"}],"author":[{"embeddable":true,"href":"https:\/\/iicstoccolma.esteri.it\/sv\/wp-json\/wp\/v2\/users\/5"}],"replies":[{"embeddable":true,"href":"https:\/\/iicstoccolma.esteri.it\/sv\/wp-json\/wp\/v2\/comments?post=411"}],"version-history":[{"count":8,"href":"https:\/\/iicstoccolma.esteri.it\/sv\/wp-json\/wp\/v2\/pages\/411\/revisions"}],"predecessor-version":[{"id":50971,"href":"https:\/\/iicstoccolma.esteri.it\/sv\/wp-json\/wp\/v2\/pages\/411\/revisions\/50971"}],"up":[{"embeddable":true,"href":"https:\/\/iicstoccolma.esteri.it\/sv\/wp-json\/wp\/v2\/pages\/27327"}],"wp:attachment":[{"href":"https:\/\/iicstoccolma.esteri.it\/sv\/wp-json\/wp\/v2\/media?parent=411"}],"curies":[{"name":"wp","href":"https:\/\/api.w.org\/{rel}","templated":true}]}}