{"id":406,"date":"2023-10-10T15:33:44","date_gmt":"2023-10-10T13:33:44","guid":{"rendered":"https:\/\/iicstoccolma.esteri.it\/lingua-e-cultura\/pubblicazioni-delliic\/comete\/"},"modified":"2023-11-27T12:45:56","modified_gmt":"2023-11-27T11:45:56","slug":"comete","status":"publish","type":"page","link":"https:\/\/iicstoccolma.esteri.it\/sv\/lingua-e-cultura\/pubblicazioni-delliic\/comete\/","title":{"rendered":"Kometer"},"content":{"rendered":"<h5>Poesin \u00e4r ett av de mest komplexa och m\u00e5ngsidiga fenomenen inom italiensk nittonhundratalslitteratur.<\/h5>\n<p>&nbsp;<\/p>\n<p>\u00c4ven om vissa litter\u00e4ra personligheter redan har skrivit in sig i litteraturhistorien och vissa str\u00f6mningar nu har blivit kodifierade av litteraturkritiker som har skapat en periodisering som hj\u00e4lper den som vill orientera sig i den stora nittonhundratalslyriken, \u00e4r ett mer djupg\u00e5ende genusperspektiv, ett kvinnoperspektiv, fortfarande under uppbyggnad och \u00e4mne f\u00f6r debatt.<\/p>\n<p>Av denna anledning lanserade\u00a0<strong>Italienska Kulturinstitutet<\/strong> 2020 en ny samling i publikationsserien <strong>\u201dCartaditalia\u201d<\/strong>\u00a0med titeln\u00a0<strong>\u201dComete\u201d<\/strong>\u00a0(Kometer), med verk fr\u00e5n kvinnliga italienska poeter aktiva fr\u00e5n b\u00f6rjan av f\u00f6rra seklet fram till idag.<\/p>\n<p>Den f\u00f6rsta antologin, vid namn <strong><em>Dieci indomite fiamme<\/em><\/strong> (sv. &#8221;Tio okuvliga l\u00e5gor&#8221;), som har som redakt\u00f6r <strong>Claudio Pozzani<\/strong>, \u00e4mnar skapa ett panorama \u00f6ver kvinnliga poeter som inte l\u00e4ngre lever, och vars litter\u00e4ra produktion har haft stor inverkan p\u00e5 den italienska nittonhundratalspoesin. Fr\u00e5n de \u201chistoriska\u201d namnen\u00a0<strong>Ada Negri<\/strong>\u00a0och\u00a0<strong>Sibilla Aleramo<\/strong>, via\u00a0<strong>Antonia Pozzi<\/strong>,\u00a0<strong>Elsa Morante<\/strong>,\u00a0<strong>Amalia Rosselli<\/strong>\u00a0och\u00a0<strong>Cristina Campo<\/strong>, n\u00e5r antologin till slut fram till\u00a0<strong>Jolanda Insana<\/strong>,\u00a0<strong>Alda Merini<\/strong>\u00a0och\u00a0<strong>Maria Luisa Spaziani<\/strong>, och den avslutas med en kort och sl\u00e5ende m\u00e4nsklig och litter\u00e4r parabel av\u00a0<strong>Patrizia Vicinelli<\/strong>.<\/p>\n<p>Den andra antologin, publicerad i slutet av 2022 med\u00a0<strong>Daniela Marcheschi<\/strong> som redakt\u00f6r, heter\u00a0<strong><em>La pungente grazia<\/em><\/strong> (&#8221;Den skarpa n\u00e5den&#8221;) och den har som m\u00e5l att analysera fem personligheter som, var och en med sin egen historia och sitt eget uttryck, v\u00e4l representerar de senaste \u00e5rtiondenas italienska poesi: <strong>Anna Cascella Luciani<\/strong>,\u00a0<strong>Cristina Annino<\/strong>,\u00a0<strong>Maura Del Serra<\/strong>,\u00a0<strong>Margherita Rimi<\/strong> och <strong>Chiara Carminati<\/strong>.<\/p>\n<p>&nbsp;<\/p>\n<hr \/>\n<p>B\u00f6ckerna kan k\u00f6pas p\u00e5 <strong>Adlibris<\/strong>,<strong> Bokus<\/strong>, <strong>Amazon<\/strong> och p\u00e5 <strong>Italienska Kultur<\/strong><strong>institutet <\/strong>(G\u00e4rdesgatan 14, Stockholm).<\/p>\n","protected":false},"excerpt":{"rendered":"Poesin \u00e4r ett av de mest komplexa och m\u00e5ngsidiga fenomenen inom italiensk nittonhundratalslitteratur. &nbsp; \u00c4ven om vissa litter\u00e4ra personligheter redan har skrivit in sig i litteraturhistorien och vissa str\u00f6mningar nu har blivit kodifierade av litteraturkritiker som har skapat en periodisering som hj\u00e4lper den som vill orientera sig i den stora nittonhundratalslyriken, \u00e4r ett mer djupg\u00e5ende [&hellip;]","protected":false},"author":5,"featured_media":0,"parent":268,"menu_order":3,"comment_status":"closed","ping_status":"closed","template":"","meta":{"footnotes":""},"class_list":["post-406","page","type-page","status-publish","hentry"],"_links":{"self":[{"href":"https:\/\/iicstoccolma.esteri.it\/sv\/wp-json\/wp\/v2\/pages\/406","targetHints":{"allow":["GET"]}}],"collection":[{"href":"https:\/\/iicstoccolma.esteri.it\/sv\/wp-json\/wp\/v2\/pages"}],"about":[{"href":"https:\/\/iicstoccolma.esteri.it\/sv\/wp-json\/wp\/v2\/types\/page"}],"author":[{"embeddable":true,"href":"https:\/\/iicstoccolma.esteri.it\/sv\/wp-json\/wp\/v2\/users\/5"}],"replies":[{"embeddable":true,"href":"https:\/\/iicstoccolma.esteri.it\/sv\/wp-json\/wp\/v2\/comments?post=406"}],"version-history":[{"count":6,"href":"https:\/\/iicstoccolma.esteri.it\/sv\/wp-json\/wp\/v2\/pages\/406\/revisions"}],"predecessor-version":[{"id":28270,"href":"https:\/\/iicstoccolma.esteri.it\/sv\/wp-json\/wp\/v2\/pages\/406\/revisions\/28270"}],"up":[{"embeddable":true,"href":"https:\/\/iicstoccolma.esteri.it\/sv\/wp-json\/wp\/v2\/pages\/268"}],"wp:attachment":[{"href":"https:\/\/iicstoccolma.esteri.it\/sv\/wp-json\/wp\/v2\/media?parent=406"}],"curies":[{"name":"wp","href":"https:\/\/api.w.org\/{rel}","templated":true}]}}