{"id":37483,"date":"2023-06-07T09:59:41","date_gmt":"2023-06-07T07:59:41","guid":{"rendered":"https:\/\/iicstoccolma.esteri.it\/amministrazione-trasparente\/sovvenzioni-contributi-sussidi-vantaggi-economici\/"},"modified":"2025-12-04T15:42:45","modified_gmt":"2025-12-04T14:42:45","slug":"sovvenzioni-contributi-sussidi-vantaggi-economici","status":"publish","type":"page","link":"https:\/\/iicstoccolma.esteri.it\/sv\/amministrazione-trasparente\/sovvenzioni-contributi-sussidi-vantaggi-economici\/","title":{"rendered":"Bidrag, subventioner, ekonomiska f\u00f6rm\u00e5ner"},"content":{"rendered":"<p><strong>R\u00e4kenskaps\u00e5r 2018<\/strong><br \/>\nDetta s\u00e4te har inte betalat bidrag, subventioner och\/eller andra ekonomiska f\u00f6rm\u00e5ner.<\/p>\n<p><strong>R\u00e4kenskaps\u00e5r 2019<\/strong><br \/>\nDetta s\u00e4te har inte betalat bidrag, subventioner och\/eller andra ekonomiska f\u00f6rm\u00e5ner.<\/p>\n<p><strong>R\u00e4kenskaps\u00e5r 2020<\/strong><br \/>\nDetta s\u00e4te har inte betalat bidrag, subventioner och\/eller andra ekonomiska f\u00f6rm\u00e5ner.<\/p>\n<p><strong>R\u00e4kenskaps\u00e5r 2021<\/strong><br \/>\nDetta s\u00e4te har inte betalat bidrag, subventioner och\/eller andra ekonomiska f\u00f6rm\u00e5ner.<\/p>\n<p><strong>R\u00e4kenskaps\u00e5r 2022<\/strong><br \/>\nDetta s\u00e4te har inte betalat bidrag, subventioner och\/eller andra ekonomiska f\u00f6rm\u00e5ner.<\/p>\n<p><strong>R\u00e4kenskaps\u00e5r 2023<\/strong><br \/>\nDetta s\u00e4te har inte betalat bidrag, subventioner och\/eller andra ekonomiska f\u00f6rm\u00e5ner.<\/p>\n<p><strong>R\u00e4kenskaps\u00e5r 2024<\/strong><br \/>\nDetta s\u00e4te har betalat bidrag, subventioner och\/eller andra ekonomiska f\u00f6rm\u00e5ner.<\/p>\n<ul>\n<li><a href=\"https:\/\/iicstoccolma.esteri.it\/wp-content\/uploads\/2024\/11\/Tabella-Sussidi-vantaggi-economici-2024.pdf\">Tabell f\u00f6rsta upplagan av Premio Stoccolma<\/a><\/li>\n<\/ul>\n<p><strong>R\u00e4kenskaps\u00e5r 2025<\/strong><br \/>\nDetta s\u00e4te har betalat bidrag, subventioner och\/eller andra ekonomiska f\u00f6rm\u00e5ner.<\/p>\n<ul>\n<li><a href=\"https:\/\/iicstoccolma.esteri.it\/wp-content\/uploads\/2025\/05\/tabella-premi-2025.doc.docx\">Tabell andra upplagan av Premio Stoccolma<\/a><\/li>\n<\/ul>\n<hr \/>\n<p><em>Senast uppdaterad: 4 december 2025<\/em><\/p>\n","protected":false},"excerpt":{"rendered":"R\u00e4kenskaps\u00e5r 2018 Detta s\u00e4te har inte betalat bidrag, subventioner och\/eller andra ekonomiska f\u00f6rm\u00e5ner. R\u00e4kenskaps\u00e5r 2019 Detta s\u00e4te har inte betalat bidrag, subventioner och\/eller andra ekonomiska f\u00f6rm\u00e5ner. R\u00e4kenskaps\u00e5r 2020 Detta s\u00e4te har inte betalat bidrag, subventioner och\/eller andra ekonomiska f\u00f6rm\u00e5ner. R\u00e4kenskaps\u00e5r 2021 Detta s\u00e4te har inte betalat bidrag, subventioner och\/eller andra ekonomiska f\u00f6rm\u00e5ner. R\u00e4kenskaps\u00e5r 2022 Detta [&hellip;]","protected":false},"author":2,"featured_media":0,"parent":129,"menu_order":10,"comment_status":"closed","ping_status":"closed","template":"","meta":{"footnotes":""},"class_list":["post-37483","page","type-page","status-publish","hentry"],"_links":{"self":[{"href":"https:\/\/iicstoccolma.esteri.it\/sv\/wp-json\/wp\/v2\/pages\/37483","targetHints":{"allow":["GET"]}}],"collection":[{"href":"https:\/\/iicstoccolma.esteri.it\/sv\/wp-json\/wp\/v2\/pages"}],"about":[{"href":"https:\/\/iicstoccolma.esteri.it\/sv\/wp-json\/wp\/v2\/types\/page"}],"author":[{"embeddable":true,"href":"https:\/\/iicstoccolma.esteri.it\/sv\/wp-json\/wp\/v2\/users\/2"}],"replies":[{"embeddable":true,"href":"https:\/\/iicstoccolma.esteri.it\/sv\/wp-json\/wp\/v2\/comments?post=37483"}],"version-history":[{"count":4,"href":"https:\/\/iicstoccolma.esteri.it\/sv\/wp-json\/wp\/v2\/pages\/37483\/revisions"}],"predecessor-version":[{"id":51771,"href":"https:\/\/iicstoccolma.esteri.it\/sv\/wp-json\/wp\/v2\/pages\/37483\/revisions\/51771"}],"up":[{"embeddable":true,"href":"https:\/\/iicstoccolma.esteri.it\/sv\/wp-json\/wp\/v2\/pages\/129"}],"wp:attachment":[{"href":"https:\/\/iicstoccolma.esteri.it\/sv\/wp-json\/wp\/v2\/media?parent=37483"}],"curies":[{"name":"wp","href":"https:\/\/api.w.org\/{rel}","templated":true}]}}