{"id":35822,"date":"2024-04-02T15:09:38","date_gmt":"2024-04-02T13:09:38","guid":{"rendered":"https:\/\/iicstoccolma.esteri.it\/lingua-e-cultura\/borse-di-studio\/premio-stoccolma\/edizione-2023\/"},"modified":"2025-09-05T11:13:28","modified_gmt":"2025-09-05T09:13:28","slug":"edizione-2023","status":"publish","type":"page","link":"https:\/\/iicstoccolma.esteri.it\/sv\/lingua-e-cultura\/borse-di-studio\/premio-stoccolma\/edizione-2023\/","title":{"rendered":"F\u00f6rsta upplagan \u2013 2023\/2024"},"content":{"rendered":"<h5>Priset, som \u00e4mnar\u00a0fr\u00e4mja nya h\u00e5llbara metoder f\u00f6r modeproduktion och konsumtion, uts\u00e5gs i september 2023 av en jury best\u00e5ende av experter inom den italienska och svenska modesektorn.<\/h5>\n<p><strong><br \/>\n<\/strong>Vinnarna av den f\u00f6rsta upplagan av Premio Stoccolma \u00e4r\u00a0<strong>Giulia Ciola,<\/strong> modedesigner och forskare p\u00e5 Naba med specialisering i \u00e5terbrukbar design och materials cirkul\u00e4ritet, och <strong>Clizia Moradei<\/strong>, doktorand i h\u00e5llbart mode p\u00e5 Universit\u00e0 Iuav di Venezia med forskning som unders\u00f6ker kopplingen mellan svamp och mode. De spenderar sex m\u00e5nader i Sverige f\u00f6r en utbildande och professionell upplevelse hos framst\u00e5ende organisationer, institutioner och f\u00f6retag p\u00e5 den svenska marknaden och f\u00f6rdjupa sina kunskaper inom h\u00e5llbar modedesign, anv\u00e4ndande och \u00e5tervinning av material, fr\u00e5n cirkul\u00e4r ekonomi till applicerad teknologi.<\/p>\n<p>Residenserna, som b\u00f6rjade i februari 2024, till\u00e5ter vinnarna att samarbeta med tv\u00e5 prestigefyllda svenska varum\u00e4rken:\u00a0<strong>Houdini<\/strong> (Giulia Ciola) och <strong>Tiger of Sweden <\/strong>(Clizia Moradei), samt med\u00a0<strong>Enheten f\u00f6r Modevetenskap p\u00e5 Stockholms Universitet<\/strong>.<\/p>\n<blockquote>\n<h6><em>Att f\u00f6rdjupa mig i Tiger of Swedens milj\u00f6 \u00e4r inte bara ett tillf\u00e4lle f\u00f6r mig att observera ett historiskt svenskt modem\u00e4rke inifr\u00e5n, men ocks\u00e5 en m\u00f6jlighet att samarbeta med ett team som arbetar med h\u00e5llbarhet, produktutveckling och design och diskutera dess framtid. Att prata om h\u00e5llbarhet i en s\u00e5 bred och strukturerad kontext som denna s\u00e4tter st\u00e4ndigt knepigare utmaningar i r\u00f6relse p\u00e5 grund av de m\u00e5nga diskussioner som \u00f6verlappas och kolliderar n\u00e4r man f\u00f6rs\u00f6ker \u00f6versk\u00e5da distributionskedjan. Dessutom, f\u00f6r att tackla h\u00e5llbarhetsfr\u00e5gan \u2013 jag t\u00e4nker specifikt p\u00e5 kulturell h\u00e5llbarhet \u2013 \u00e4r det n\u00f6dv\u00e4ndigt att tillsammans definiera gemensamma v\u00e4rderingar. Min utmaning h\u00e4r \u00e4r att uppmuntra en synergisk dialog f\u00f6r att uppdatera en \u2019future fiber roadmap\u2019 enligt en interaktiv och delad metodologi, och att reflektera \u00f6ver hur man kan systematisera en syn p\u00e5 h\u00e5llbarhet och cirkul\u00e4ritetsdesign d\u00e4r var och en har en mer medveten, aktiv och gemensam roll.<br \/>\n<\/em>&#8211; Giulia Ciola<\/h6>\n<\/blockquote>\n<blockquote>\n<h6><em>Den h\u00e4r residensen tillsammans med teamet p\u00e5 Houdini Sportswear har varit berikande och stimulerande sedan dag ett. F\u00f6retaget har tagit emot mig med v\u00e4rme och de har varit v\u00e4ldigt intresserade och st\u00f6ttande om min forskning. Genom att studera alger och hampa fr\u00e5n b\u00e5de ett experimentellt och ett vetenskapligt perspektiv utforskar jag regenerativa designm\u00f6jligheter f\u00f6r textil- och modeindustrin. Houdini Sportswear t\u00e4njer alltid p\u00e5 gr\u00e4nserna vad g\u00e4ller innovativa material f\u00f6r att hitta alternativ till dagens fiber- och kl\u00e4dtillverkning. Den h\u00e4r approachen och passionen som vi delar kommer vara i centrum f\u00f6r sp\u00e4nnande kunskapsutbyten och kreativa id\u00e9er under residensen.<br \/>\n<\/em>&#8211; Clizia Moradei<\/h6>\n<\/blockquote>\n<p>Fokuset p\u00e5 de st\u00e4ndigt aktuella och br\u00e5dskande problemen runt h\u00e5llbarhet och eko-innovation inom modesektorn presenterades under h\u00f6sten 2024.<\/p>\n<p>&nbsp;<\/p>\n<hr \/>\n<p>I samarbete med <a href=\"https:\/\/si.se\/en\/\"><strong>Swedish Institute<\/strong><\/a> och <a href=\"https:\/\/www.asfb.se\/\"><strong>Swedish Fashion Association<\/strong><\/a>, partners i projektet.<\/p>\n","protected":false},"excerpt":{"rendered":"Priset, som \u00e4mnar\u00a0fr\u00e4mja nya h\u00e5llbara metoder f\u00f6r modeproduktion och konsumtion, uts\u00e5gs i september 2023 av en jury best\u00e5ende av experter inom den italienska och svenska modesektorn. Vinnarna av den f\u00f6rsta upplagan av Premio Stoccolma \u00e4r\u00a0Giulia Ciola, modedesigner och forskare p\u00e5 Naba med specialisering i \u00e5terbrukbar design och materials cirkul\u00e4ritet, och Clizia Moradei, doktorand i h\u00e5llbart [&hellip;]","protected":false},"author":5,"featured_media":0,"parent":439,"menu_order":3,"comment_status":"closed","ping_status":"closed","template":"","meta":{"footnotes":""},"class_list":["post-35822","page","type-page","status-publish","hentry"],"_links":{"self":[{"href":"https:\/\/iicstoccolma.esteri.it\/sv\/wp-json\/wp\/v2\/pages\/35822","targetHints":{"allow":["GET"]}}],"collection":[{"href":"https:\/\/iicstoccolma.esteri.it\/sv\/wp-json\/wp\/v2\/pages"}],"about":[{"href":"https:\/\/iicstoccolma.esteri.it\/sv\/wp-json\/wp\/v2\/types\/page"}],"author":[{"embeddable":true,"href":"https:\/\/iicstoccolma.esteri.it\/sv\/wp-json\/wp\/v2\/users\/5"}],"replies":[{"embeddable":true,"href":"https:\/\/iicstoccolma.esteri.it\/sv\/wp-json\/wp\/v2\/comments?post=35822"}],"version-history":[{"count":7,"href":"https:\/\/iicstoccolma.esteri.it\/sv\/wp-json\/wp\/v2\/pages\/35822\/revisions"}],"predecessor-version":[{"id":48738,"href":"https:\/\/iicstoccolma.esteri.it\/sv\/wp-json\/wp\/v2\/pages\/35822\/revisions\/48738"}],"up":[{"embeddable":true,"href":"https:\/\/iicstoccolma.esteri.it\/sv\/wp-json\/wp\/v2\/pages\/439"}],"wp:attachment":[{"href":"https:\/\/iicstoccolma.esteri.it\/sv\/wp-json\/wp\/v2\/media?parent=35822"}],"curies":[{"name":"wp","href":"https:\/\/api.w.org\/{rel}","templated":true}]}}