{"id":32975,"date":"2024-02-05T10:10:31","date_gmt":"2024-02-05T09:10:31","guid":{"rendered":"https:\/\/iicstoccolma.esteri.it\/?page_id=32975"},"modified":"2024-03-15T12:43:04","modified_gmt":"2024-03-15T11:43:04","slug":"ture-wennerholm","status":"publish","type":"page","link":"https:\/\/iicstoccolma.esteri.it\/sv\/chi-siamo\/la-sede\/ponti-la-svezia-e-listituto\/ture-wennerholm\/","title":{"rendered":"Ture Wennerholm"},"content":{"rendered":"<p><img decoding=\"async\" class=\"alignnone size-medium wp-image-30418 img-fluid\" src=\"https:\/\/iicstoccolma.esteri.it\/wp-content\/uploads\/2024\/01\/102-tregubbar-300x300.jpg\" alt=\"\" width=\"100%\" srcset=\"https:\/\/iicstoccolma.esteri.it\/wp-content\/uploads\/2024\/01\/102-tregubbar-300x300.jpg 300w, https:\/\/iicstoccolma.esteri.it\/wp-content\/uploads\/2024\/01\/102-tregubbar-1024x1020.jpg 1024w, https:\/\/iicstoccolma.esteri.it\/wp-content\/uploads\/2024\/01\/102-tregubbar-150x150.jpg 150w, https:\/\/iicstoccolma.esteri.it\/wp-content\/uploads\/2024\/01\/102-tregubbar-768x765.jpg 768w, https:\/\/iicstoccolma.esteri.it\/wp-content\/uploads\/2024\/01\/102-tregubbar.jpg 1920w\" sizes=\"(max-width: 300px) 100vw, 300px\" \/><\/p>\n<p><em>Fr\u00e5n v\u00e4nster till h\u00f6ger: Ture Wennerholm,<\/em>\u00a0<em>Carlo Maurilio Lerici,\u00a0<\/em><em>Alessandro de Masi (Italienska Kulturinstitutet i Stockholms <a href=\"https:\/\/iicstoccolma.esteri.it\/it\/lingua-e-cultura\/biblioteca\/archivio\/\">fotoarkiv<\/a><\/em><\/p>\n<p><strong>Ture Wennerholm<\/strong> (Stockholm 1892 \u2013 Stockholm 1957) var en svensk arkitekt. Han studerade p\u00e5 Kungliga Tekniska H\u00f6gskolan och Kungliga Konsth\u00f6gskolan i Stockholm. Under sina studier arbetade han med Gunnar Asplund, upphovsman till n\u00e5gra av huvudstadens mest k\u00e4nda byggnader, fr\u00e5n Stadsbiblioteket och den intilliggande <span class=\"mw-page-title-main\">Observatorielunden, till Skandiateatern och Skogskyrkog\u00e5rden.<\/span><span title=\"Swedish-language text\"><span lang=\"sv\"> Wennerholm fokuserade i huvudsak p\u00e5 industriell arkitektur och inspirerades av b\u00e5de funktionalism och klassicism. Bland hans mest ber\u00f6mda verk kan n\u00e4mnas <\/span><\/span>L.M. Ericsson-<span title=\"Swedish-language text\"><span lang=\"sv\">byggnaden vid Telefonplan <\/span><\/span>som fram till 2004 var telekomf\u00f6retagets huvuds\u00e4te som sysselsatte honom mellan 1935 och 1956. Wennerholm var \u00e4ven aktiv i Helsingborg, Norrk\u00f6ping och G\u00f6teborg.<\/p>\n<p>Wennerholms bidrag till byggandet av Italienska Kulturinstitutet i Stockholm uppg\u00e5r i byr\u00e5kratisk support i den prelimin\u00e4ra fasen innan byggandet p\u00e5b\u00f6rjades. Under b\u00f6rjan av 40-talet arbetade arkitekten bland annat p\u00e5 Byggnadsstyrelsen och Utrikesdepartementet d\u00e4r han \u00f6vers\u00e5g byggandet av departementets utl\u00e4ndska delegationsbyggnader. I och med detta jobb l\u00e4rde han k\u00e4nna folk fr\u00e5n den italienska diplomatin, bland andra s\u00e4kerligen <a href=\"https:\/\/iicstoccolma.esteri.it\/sv\/chi-siamo\/la-sede\/i-protagonisti-della-storia-delliic\/carlo-maurilio-lerici\/\"><strong>Carlo Maurilio Lerici<\/strong><\/a>, som arbetade med ambassad\u00f6ren Marcello Del Drago och Institutets direkt\u00f6r Carlo Morozzo della Rocca f\u00f6r att gratis erh\u00e5lla en bit land av Sverige p\u00e5 ca. 30.000 kvadratmeter, likt den Italien gav i Rom under b\u00f6rjan av 40-talet f\u00f6r att bygga <a href=\"https:\/\/isvroma.org\/\">Svenska Institutet i Rom<\/a>. Wennerholm f\u00f6resl\u00e5r i december 1952, antagligen p\u00e5 Lericis f\u00f6rslag, den f\u00f6rsta ritningsf\u00f6rslaget f\u00f6r Italienska Kulturinstitutets nya s\u00e4te som publiceras b\u00e5de i svensk och italiensk press, vilket visar vikten som den h\u00e4r kulturella platsen har f\u00f6r b\u00e5de l\u00e4nder under den h\u00e4r tiden.<\/p>\n","protected":false},"excerpt":{"rendered":"Fr\u00e5n v\u00e4nster till h\u00f6ger: Ture Wennerholm,\u00a0Carlo Maurilio Lerici,\u00a0Alessandro de Masi (Italienska Kulturinstitutet i Stockholms fotoarkiv Ture Wennerholm (Stockholm 1892 \u2013 Stockholm 1957) var en svensk arkitekt. Han studerade p\u00e5 Kungliga Tekniska H\u00f6gskolan och Kungliga Konsth\u00f6gskolan i Stockholm. Under sina studier arbetade han med Gunnar Asplund, upphovsman till n\u00e5gra av huvudstadens mest k\u00e4nda byggnader, fr\u00e5n Stadsbiblioteket [&hellip;]","protected":false},"author":5,"featured_media":0,"parent":28699,"menu_order":5,"comment_status":"closed","ping_status":"closed","template":"","meta":{"footnotes":""},"class_list":["post-32975","page","type-page","status-publish","hentry"],"_links":{"self":[{"href":"https:\/\/iicstoccolma.esteri.it\/sv\/wp-json\/wp\/v2\/pages\/32975","targetHints":{"allow":["GET"]}}],"collection":[{"href":"https:\/\/iicstoccolma.esteri.it\/sv\/wp-json\/wp\/v2\/pages"}],"about":[{"href":"https:\/\/iicstoccolma.esteri.it\/sv\/wp-json\/wp\/v2\/types\/page"}],"author":[{"embeddable":true,"href":"https:\/\/iicstoccolma.esteri.it\/sv\/wp-json\/wp\/v2\/users\/5"}],"replies":[{"embeddable":true,"href":"https:\/\/iicstoccolma.esteri.it\/sv\/wp-json\/wp\/v2\/comments?post=32975"}],"version-history":[{"count":6,"href":"https:\/\/iicstoccolma.esteri.it\/sv\/wp-json\/wp\/v2\/pages\/32975\/revisions"}],"predecessor-version":[{"id":35285,"href":"https:\/\/iicstoccolma.esteri.it\/sv\/wp-json\/wp\/v2\/pages\/32975\/revisions\/35285"}],"up":[{"embeddable":true,"href":"https:\/\/iicstoccolma.esteri.it\/sv\/wp-json\/wp\/v2\/pages\/28699"}],"wp:attachment":[{"href":"https:\/\/iicstoccolma.esteri.it\/sv\/wp-json\/wp\/v2\/media?parent=32975"}],"curies":[{"name":"wp","href":"https:\/\/api.w.org\/{rel}","templated":true}]}}