{"id":30526,"date":"2024-01-11T11:46:58","date_gmt":"2024-01-11T10:46:58","guid":{"rendered":"https:\/\/iicstoccolma.esteri.it\/chi-siamo\/la-sede\/i-protagonisti-della-storia-delliic\/pier-luigi-nervi\/"},"modified":"2025-11-10T15:05:31","modified_gmt":"2025-11-10T14:05:31","slug":"pier-luigi-nervi","status":"publish","type":"page","link":"https:\/\/iicstoccolma.esteri.it\/sv\/chi-siamo\/la-sede\/ponti-la-svezia-e-listituto\/pier-luigi-nervi\/","title":{"rendered":"Pier Luigi Nervi"},"content":{"rendered":"<p><span style=\"color: #ff0000;\"><strong>Sida under uppbyggnad. Snart kommer du kunna l\u00e4sa Institutets historia \u00e4ven p\u00e5 svenska!<\/strong><\/span><\/p>\n<p><img decoding=\"async\" class=\"alignnone size-medium wp-image-33126 img-fluid\" src=\"https:\/\/iicstoccolma.esteri.it\/wp-content\/uploads\/2024\/02\/Pier-Luigi-Nervi-300x207.jpg\" alt=\"\" width=\"100%\" srcset=\"https:\/\/iicstoccolma.esteri.it\/wp-content\/uploads\/2024\/02\/Pier-Luigi-Nervi-300x207.jpg 300w, https:\/\/iicstoccolma.esteri.it\/wp-content\/uploads\/2024\/02\/Pier-Luigi-Nervi.jpg 480w\" sizes=\"(max-width: 300px) 100vw, 300px\" \/><\/p>\n<p><em>Pier Luigi Nervi under Viadotto di Corso Francia, Rom, ca. 1960 (Foto: Oscar Savio;<\/em>\u00a0<em><a href=\"https:\/\/pierluiginervi.org\/\">Fondation<\/a> PLN Project Archives, Bryssel, Belgien<\/em>)<\/p>\n<blockquote>\n<h6><em><strong>Nervi?<\/strong><\/em><br \/>\n<em><strong>han har morgondagens arkitekturs hemligheter: han g\u00f6r profesior om former.<\/strong><\/em><br \/>\n<strong>&#8211; Gio Ponti<sup>1<\/sup><\/strong><\/h6>\n<\/blockquote>\n<p>I sin bok fr\u00e5n 1957, <em>Amate l&#8217;architettura<\/em>, hyllar <a href=\"https:\/\/iicstoccolma.esteri.it\/it\/chi-siamo\/la-sede\/i-protagonisti-della-storia-delliic\/gio-ponti\/\"><strong>Gio Ponti<\/strong><\/a> v\u00e4nnen och kollegan <strong>Pier Luigi Nervi <\/strong>(Sondrio 1891 &#8211; Rom 1979), som n\u00e4mns nio g\u00e5nger. Han uppmanar l\u00e4sarna att bes\u00f6ka Nervis valv p\u00e5\u00a0Palazzo Torino Esposizioni \u2013 \u201dhan g\u00f6r ingenting annat \u00e4n att springa, flyga, med sina element, och blicken flyger, och sinnet med\u201d<sup>2<\/sup> \u2013 samt UNESCO-auditoriet i Paris \u2013 \u201ddet \u00e4r fantastiskt, det \u00e4r grekiskt, det \u00e4r attiskt\u201d<sup>3<\/sup>.<\/p>\n<p>Nervi tog ingeng\u00f6rsexamen fr\u00e5n Universit\u00e0 di Bologna 1913, och arbetade sedan b\u00e5de som arkitekt och byggarbetare, en ovanlig profil under det sena 1900-talet. Efter att ha utbildat sig vid Societ\u00e0 per Costruzioni Cementizie i Bologna grundade han 1920 Societ\u00e0 Ing. Nervi e Nebbiosi i Rom, senare omd\u00f6pt till Impresa Nervi e Bartoli.\u00a0 Under hela sin karri\u00e4r kombinerade han konst och vetenskap och gjorde konventionell, icke-f\u00f6rsp\u00e4nd <strong>armerad betong<\/strong> till h\u00f6rnstenen i sina konstruktioner. Det \u00e4r ett material som \u00e4r l\u00e4tt att forma och motst\u00e5ndskraftigt mot b\u00e5de tryck och sp\u00e4nning, vilket g\u00f6r det perfekt f\u00f6r Nervis arbeten, karakt\u00e4riserade av en noggrann uppm\u00e4rksamhet till f\u00f6rh\u00e5llandet mellan struktur och form. Hans f\u00f6rsta projekt, <strong>Florensstadion (1930)<\/strong>, satte honom p\u00e5 kartan, b\u00e5de i Italien och internationellt, och blev startskottet f\u00f6r\u00a0en utomordentligt framg\u00e5ngsrik karri\u00e4r. I Salone per Torino Esposizioni (1949) tillverkades de prefabricerade kvaderstenarna till tunnvalvet med hj\u00e4lp av den innovativa j\u00e4rn-cement-tekniken. Hans f\u00f6rsta betydande arbete utomlands var det tidigare n\u00e4mnda UNESCO-h\u00f6gkvarteret i Paris (1953\u201358). Det var under dessa \u00e5r som ett n\u00e4ra samarbete med hans son Antonio inleddes. Nervi tj\u00e4nstgjorde dessutom under en l\u00e5ng tid som professor vid arkitekturfakulteten i Rom.<\/p>\n<p>Nervi och Ponti samarbetade f\u00f6r f\u00f6rsta g\u00e5ngen p\u00e5 1950-talet. De tv\u00e5 arbetade sida vid sida med Pirelli-skyskrapan och med <strong>auditoriet f\u00f6r det nya Italienska Kulturinstitutet i Stockholm<\/strong>.<\/p>\n<p>&nbsp;<\/p>\n<p>&nbsp;<\/p>\n<p>Dai documenti conservati presso la Fondazione Lerici a Roma si evince, infatti, che Nervi viene coinvolto nel progetto dell&#8217;auditorium qualche mese prima rispetto al pi\u00f9 noto progetto milanese, nonostante gli esecutivi per la copertura della grande sala siano datati febbraio 1957. Il passaggio dalla copertura a diamante del <a href=\"https:\/\/iicstoccolma.esteri.it\/it\/chi-siamo\/la-sede\/ponti-la-svezia-e-listituto\/\">progetto B<\/a> alla pi\u00f9 classica soluzione a doppia falda (seppure con doppia pendenza) del progetto C \u00e8 senza dubbio legato al processo di semplificazione strutturale imposto da Nervi, il quale realizza uno straordinario esempio di fusione tra architettura, ingegneria e piacevolezza sensoriale, dando luogo a un&#8217;articolata geometria di nervature e lacunari.<\/p>\n<p>Oltre al Pirellone e all&#8217;IIC di Stoccolma, vanno indubbiamente menzionate le aviorimesse dell&#8217;idroscalo di Marsala in Sicilia (1935), in larga parte abbattute durante la seconda guerra mondiale, l&#8217;aeroporto internazionale Leonardo da Vinci Roma-Fiumicino (1957), lo Stadio Flaminio di Roma (con Antonio Nervi, 1957-59), il Viadotto di Corso Francia a Roma (con Luigi Moretti, 1958-60), la Stazione degli autobus di New York (1960-62), il Palazzo Nervi-Scattolin a Venezia (con Angelo Scattolin, 1972).<\/p>\n<p>Ampia ed estremamente interessante \u00e8 infine la <strong>produzione di scritti<\/strong>, i cui temi ruotano intorno al rapporto che intercorre fra struttura e forma, e fra ingegneria e architettura, nonch\u00e9 al valore etico del costruire correttamente. Vale senz&#8217;altro la pena leggere <i>Scienza o arte del costruire? Caratteristiche e possibilit\u00e0 del cemento armato <\/i>(1945),\u00a0<i>Costruire correttamente: caratteristiche e possibilit\u00e0 delle strutture cementizie armate <\/i>(1955), <i>Nuove strutture <\/i>(1963), e <i>\u00c8 gi\u00e0 iniziato l&#8217;immutabile stile del futuro?<\/i> (1963).<\/p>\n<p><a href=\"https:\/\/pierluiginervi.org\/\">Fondazione PLN Project<\/a>, med s\u00e4te i Bryssel, leds av Nervis barnbarn, Marco, och jobbar med flera olika fr\u00e5gor: forskning; \u00e5tersamlande av skrifter, skydd av det arkitektoniska arvet och bevarande av Nervis kulturella arv; utbildningsverksamhet i grundskolor och gymnasieskolor; samarbete med <a href=\"https:\/\/www.laboratorionervi.polimi.it\/\">Laboratorio Nervi<\/a> p\u00e5 Politecnico di Milanos Lecco-campus.<\/p>\n","protected":false},"excerpt":{"rendered":"Sida under uppbyggnad. Snart kommer du kunna l\u00e4sa Institutets historia \u00e4ven p\u00e5 svenska! Pier Luigi Nervi under Viadotto di Corso Francia, Rom, ca. 1960 (Foto: Oscar Savio;\u00a0Fondation PLN Project Archives, Bryssel, Belgien) Nervi? han har morgondagens arkitekturs hemligheter: han g\u00f6r profesior om former. &#8211; Gio Ponti1 I sin bok fr\u00e5n 1957, Amate l&#8217;architettura, hyllar Gio [&hellip;]","protected":false},"author":5,"featured_media":0,"parent":28699,"menu_order":9,"comment_status":"closed","ping_status":"closed","template":"","meta":{"footnotes":""},"class_list":["post-30526","page","type-page","status-publish","hentry"],"_links":{"self":[{"href":"https:\/\/iicstoccolma.esteri.it\/sv\/wp-json\/wp\/v2\/pages\/30526","targetHints":{"allow":["GET"]}}],"collection":[{"href":"https:\/\/iicstoccolma.esteri.it\/sv\/wp-json\/wp\/v2\/pages"}],"about":[{"href":"https:\/\/iicstoccolma.esteri.it\/sv\/wp-json\/wp\/v2\/types\/page"}],"author":[{"embeddable":true,"href":"https:\/\/iicstoccolma.esteri.it\/sv\/wp-json\/wp\/v2\/users\/5"}],"replies":[{"embeddable":true,"href":"https:\/\/iicstoccolma.esteri.it\/sv\/wp-json\/wp\/v2\/comments?post=30526"}],"version-history":[{"count":5,"href":"https:\/\/iicstoccolma.esteri.it\/sv\/wp-json\/wp\/v2\/pages\/30526\/revisions"}],"predecessor-version":[{"id":50815,"href":"https:\/\/iicstoccolma.esteri.it\/sv\/wp-json\/wp\/v2\/pages\/30526\/revisions\/50815"}],"up":[{"embeddable":true,"href":"https:\/\/iicstoccolma.esteri.it\/sv\/wp-json\/wp\/v2\/pages\/28699"}],"wp:attachment":[{"href":"https:\/\/iicstoccolma.esteri.it\/sv\/wp-json\/wp\/v2\/media?parent=30526"}],"curies":[{"name":"wp","href":"https:\/\/api.w.org\/{rel}","templated":true}]}}