{"id":30479,"date":"2024-01-11T11:44:29","date_gmt":"2024-01-11T10:44:29","guid":{"rendered":"https:\/\/iicstoccolma.esteri.it\/chi-siamo\/la-sede\/i-protagonisti-della-storia-delliic\/ferruccio-rossetti\/"},"modified":"2024-02-20T10:27:41","modified_gmt":"2024-02-20T09:27:41","slug":"ferruccio-rossetti","status":"publish","type":"page","link":"https:\/\/iicstoccolma.esteri.it\/sv\/chi-siamo\/la-sede\/ponti-la-svezia-e-listituto\/ferruccio-rossetti\/","title":{"rendered":"Ferruccio Rossetti"},"content":{"rendered":"<p><span style=\"color: #ff0000;\"><strong>Sida under uppbyggnad. Snart kommer du kunna l\u00e4sa Institutets historia \u00e4ven p\u00e5 svenska!<\/strong><\/span><\/p>\n<p><img decoding=\"async\" class=\"alignnone size-medium wp-image-30433 img-fluid\" src=\"https:\/\/iicstoccolma.esteri.it\/wp-content\/uploads\/2024\/01\/Ponti-and-Rossetti-Stockholm-1963-300x200.png\" alt=\"\" width=\"100%\" srcset=\"https:\/\/iicstoccolma.esteri.it\/wp-content\/uploads\/2024\/01\/Ponti-and-Rossetti-Stockholm-1963-300x200.png 300w, https:\/\/iicstoccolma.esteri.it\/wp-content\/uploads\/2024\/01\/Ponti-and-Rossetti-Stockholm-1963-1024x683.png 1024w, https:\/\/iicstoccolma.esteri.it\/wp-content\/uploads\/2024\/01\/Ponti-and-Rossetti-Stockholm-1963-768x512.png 768w, https:\/\/iicstoccolma.esteri.it\/wp-content\/uploads\/2024\/01\/Ponti-and-Rossetti-Stockholm-1963.png 1129w\" sizes=\"(max-width: 300px) 100vw, 300px\" \/><br \/>\n<em>Ferruccio Rossetti, a sinistra, e Gio Ponti, a destra (<a href=\"https:\/\/iicstoccolma.esteri.it\/it\/lingua-e-cultura\/biblioteca\/archivio\/\">Archivio<\/a> fotografico\u00a0dell\u2019Istituto Italiano di Cultura di Stoccolma)<\/em><\/p>\n","protected":false},"excerpt":{"rendered":"Sida under uppbyggnad. Snart kommer du kunna l\u00e4sa Institutets historia \u00e4ven p\u00e5 svenska! Ferruccio Rossetti, a sinistra, e Gio Ponti, a destra (Archivio fotografico\u00a0dell\u2019Istituto Italiano di Cultura di Stoccolma)","protected":false},"author":5,"featured_media":0,"parent":28699,"menu_order":11,"comment_status":"closed","ping_status":"closed","template":"","meta":{"footnotes":""},"class_list":["post-30479","page","type-page","status-publish","hentry"],"_links":{"self":[{"href":"https:\/\/iicstoccolma.esteri.it\/sv\/wp-json\/wp\/v2\/pages\/30479","targetHints":{"allow":["GET"]}}],"collection":[{"href":"https:\/\/iicstoccolma.esteri.it\/sv\/wp-json\/wp\/v2\/pages"}],"about":[{"href":"https:\/\/iicstoccolma.esteri.it\/sv\/wp-json\/wp\/v2\/types\/page"}],"author":[{"embeddable":true,"href":"https:\/\/iicstoccolma.esteri.it\/sv\/wp-json\/wp\/v2\/users\/5"}],"replies":[{"embeddable":true,"href":"https:\/\/iicstoccolma.esteri.it\/sv\/wp-json\/wp\/v2\/comments?post=30479"}],"version-history":[{"count":6,"href":"https:\/\/iicstoccolma.esteri.it\/sv\/wp-json\/wp\/v2\/pages\/30479\/revisions"}],"predecessor-version":[{"id":33744,"href":"https:\/\/iicstoccolma.esteri.it\/sv\/wp-json\/wp\/v2\/pages\/30479\/revisions\/33744"}],"up":[{"embeddable":true,"href":"https:\/\/iicstoccolma.esteri.it\/sv\/wp-json\/wp\/v2\/pages\/28699"}],"wp:attachment":[{"href":"https:\/\/iicstoccolma.esteri.it\/sv\/wp-json\/wp\/v2\/media?parent=30479"}],"curies":[{"name":"wp","href":"https:\/\/api.w.org\/{rel}","templated":true}]}}