{"id":28730,"date":"2023-11-29T17:15:53","date_gmt":"2023-11-29T16:15:53","guid":{"rendered":"https:\/\/iicstoccolma.esteri.it\/chi-siamo\/la-sede\/la-pelle-dellarchitettura-colore-e-materia\/"},"modified":"2024-02-16T17:18:18","modified_gmt":"2024-02-16T16:18:18","slug":"la-pelle-dellarchitettura-colore-e-materia","status":"publish","type":"page","link":"https:\/\/iicstoccolma.esteri.it\/sv\/chi-siamo\/la-sede\/la-pelle-dellarchitettura-colore-e-materia\/","title":{"rendered":"Pontis Institut: f\u00e4rg och materia"},"content":{"rendered":"<p><span style=\"color: #ff0000;\"><strong>Sida under uppbyggnad. Snart kommer du kunna l\u00e4sa Institutets historia \u00e4ven p\u00e5 svenska!<\/strong><\/span><\/p>\n<p>&nbsp;<\/p>\n","protected":false},"excerpt":{"rendered":"Sida under uppbyggnad. Snart kommer du kunna l\u00e4sa Institutets historia \u00e4ven p\u00e5 svenska! &nbsp;","protected":false},"author":5,"featured_media":0,"parent":102,"menu_order":9,"comment_status":"closed","ping_status":"closed","template":"","meta":{"footnotes":""},"class_list":["post-28730","page","type-page","status-publish","hentry"],"_links":{"self":[{"href":"https:\/\/iicstoccolma.esteri.it\/sv\/wp-json\/wp\/v2\/pages\/28730","targetHints":{"allow":["GET"]}}],"collection":[{"href":"https:\/\/iicstoccolma.esteri.it\/sv\/wp-json\/wp\/v2\/pages"}],"about":[{"href":"https:\/\/iicstoccolma.esteri.it\/sv\/wp-json\/wp\/v2\/types\/page"}],"author":[{"embeddable":true,"href":"https:\/\/iicstoccolma.esteri.it\/sv\/wp-json\/wp\/v2\/users\/5"}],"replies":[{"embeddable":true,"href":"https:\/\/iicstoccolma.esteri.it\/sv\/wp-json\/wp\/v2\/comments?post=28730"}],"version-history":[{"count":6,"href":"https:\/\/iicstoccolma.esteri.it\/sv\/wp-json\/wp\/v2\/pages\/28730\/revisions"}],"predecessor-version":[{"id":33767,"href":"https:\/\/iicstoccolma.esteri.it\/sv\/wp-json\/wp\/v2\/pages\/28730\/revisions\/33767"}],"up":[{"embeddable":true,"href":"https:\/\/iicstoccolma.esteri.it\/sv\/wp-json\/wp\/v2\/pages\/102"}],"wp:attachment":[{"href":"https:\/\/iicstoccolma.esteri.it\/sv\/wp-json\/wp\/v2\/media?parent=28730"}],"curies":[{"name":"wp","href":"https:\/\/api.w.org\/{rel}","templated":true}]}}