{"id":28716,"date":"2023-11-29T17:11:57","date_gmt":"2023-11-29T16:11:57","guid":{"rendered":"https:\/\/iicstoccolma.esteri.it\/chi-siamo\/la-sede\/le-stanze-di-ponti\/"},"modified":"2024-02-16T17:16:06","modified_gmt":"2024-02-16T16:16:06","slug":"le-stanze-di-ponti","status":"publish","type":"page","link":"https:\/\/iicstoccolma.esteri.it\/sv\/chi-siamo\/la-sede\/le-stanze-di-ponti\/","title":{"rendered":"Pontis Institut: arkitektur och l\u00e4tthet"},"content":{"rendered":"<p><span style=\"color: #ff0000;\"><strong>Sida under uppbyggnad. Snart kommer du kunna l\u00e4sa Institutets historia \u00e4ven p\u00e5 svenska!<\/strong><\/span><\/p>\n","protected":false},"excerpt":{"rendered":"Sida under uppbyggnad. Snart kommer du kunna l\u00e4sa Institutets historia \u00e4ven p\u00e5 svenska!","protected":false},"author":5,"featured_media":0,"parent":102,"menu_order":7,"comment_status":"closed","ping_status":"closed","template":"","meta":{"footnotes":""},"class_list":["post-28716","page","type-page","status-publish","hentry"],"_links":{"self":[{"href":"https:\/\/iicstoccolma.esteri.it\/sv\/wp-json\/wp\/v2\/pages\/28716","targetHints":{"allow":["GET"]}}],"collection":[{"href":"https:\/\/iicstoccolma.esteri.it\/sv\/wp-json\/wp\/v2\/pages"}],"about":[{"href":"https:\/\/iicstoccolma.esteri.it\/sv\/wp-json\/wp\/v2\/types\/page"}],"author":[{"embeddable":true,"href":"https:\/\/iicstoccolma.esteri.it\/sv\/wp-json\/wp\/v2\/users\/5"}],"replies":[{"embeddable":true,"href":"https:\/\/iicstoccolma.esteri.it\/sv\/wp-json\/wp\/v2\/comments?post=28716"}],"version-history":[{"count":5,"href":"https:\/\/iicstoccolma.esteri.it\/sv\/wp-json\/wp\/v2\/pages\/28716\/revisions"}],"predecessor-version":[{"id":33764,"href":"https:\/\/iicstoccolma.esteri.it\/sv\/wp-json\/wp\/v2\/pages\/28716\/revisions\/33764"}],"up":[{"embeddable":true,"href":"https:\/\/iicstoccolma.esteri.it\/sv\/wp-json\/wp\/v2\/pages\/102"}],"wp:attachment":[{"href":"https:\/\/iicstoccolma.esteri.it\/sv\/wp-json\/wp\/v2\/media?parent=28716"}],"curies":[{"name":"wp","href":"https:\/\/api.w.org\/{rel}","templated":true}]}}