{"id":28695,"date":"2023-11-29T17:11:07","date_gmt":"2023-11-29T16:11:07","guid":{"rendered":"https:\/\/iicstoccolma.esteri.it\/chi-siamo\/la-sede\/conoscere-gio-ponti-tramite-liic\/"},"modified":"2025-04-08T12:43:48","modified_gmt":"2025-04-08T10:43:48","slug":"conoscere-gio-ponti-tramite-liic","status":"publish","type":"page","link":"https:\/\/iicstoccolma.esteri.it\/sv\/chi-siamo\/la-sede\/conoscere-gio-ponti-tramite-liic\/","title":{"rendered":"Gio Ponti p\u00e5 50-talet"},"content":{"rendered":"<p>Italienska Kulturinstitutet i Stockholm \u201cC.M. Lerici\u201d (1958) \u00e4r, tillsammans med den samtida <strong><a href=\"https:\/\/www.villaplanchart.net\/\">Villa Planchart<\/a> i Caracas<\/strong>\u00a0<strong>(1953-57)<\/strong>, det enda st\u00e4llet d\u00e4r man kan njuta av\u00a0<a href=\"https:\/\/iicstoccolma.esteri.it\/sv\/chi-siamo\/la-sede\/ponti-la-svezia-e-listituto\/gio-ponti\/\">Gio Ponti<\/a>s kreativa universum och arkitektoniska vision i sin helhet, med arkitektur och m\u00f6bler \u00e4nnu intakta och kompletta. \u00c4ven om man t\u00e4nker p\u00e5 andra stora namn inom internationell arkitektur \u00e4r det sv\u00e5rt, om inte om\u00f6jligt, att hitta n\u00e5got annat projekt fr\u00e5n mitten av 1900-talet som representerar en modernistisk arkitekt s\u00e5 v\u00e4l i sin helhet, fr\u00e5n arkitekturen till de minsta detaljerna, som d\u00f6rrhandtagen.<\/p>\n<p>Gio Ponti var inte bara en otroligt aktiv arkitekt &#8211; enligt hans kollegor jobbade han st\u00e4ndigt, \u00e4ven p\u00e5 helgen &#8211; utan han var ocks\u00e5 en av de fr\u00e4msta spridarna av industriell arkitektur. Ponti s\u00e5g konst som ett globalt \u00e5tagande, p\u00e5 ett liknande s\u00e4tt som <strong>Wiener Werkst\u00e4tte<\/strong> och <strong>Bauhaus<\/strong>. Han \u00e4r dock sv\u00e5rplacerad i en enda arkitektonisk str\u00f6mning. Han g\u00f6r st\u00e4ndigt referenser till klassicismen, men han \u00e4r ocks\u00e5 otroligt modernistiskt och kan inte anses vara traditionalist.<\/p>\n<p>Ponti f\u00f6rs\u00f6kte definiera det ideella moderna utrymmet. Det som, i balans mellan tekniska l\u00f6sningar och en hantverkares kunskaper, skapade utrymmen f\u00f6r det samtida, rika och livskraftiga men \u00e4nd\u00e5 enkla livet, som hans l\u00e4tta v\u00e4ggar som v\u00e4rms upp av f\u00e4rg och v\u00e4lkomnande material. P\u00e5 Institutet kan man se n\u00e5gra av de fundamentala elementen f\u00f6r Pontis vision, originella l\u00f6sningar som han experimenterade med under de h\u00e4r \u00e5ren i ber\u00f6mda projekt som <strong>Pirelliskrapan i Milano <\/strong><strong>(1958)<\/strong>, den redan n\u00e4mnda Villa Planchart, och i m\u00f6bler som snabbt blev legendariska.<\/p>\n<p><img loading=\"lazy\" decoding=\"async\" class=\"img-fluid alignnone wp-image-30887 \" src=\"https:\/\/iicstoccolma.esteri.it\/wp-content\/uploads\/2024\/01\/Gio-Ponti.png\" sizes=\"auto, (max-width: 300px) 100vw, 300px\" srcset=\"https:\/\/iicstoccolma.esteri.it\/wp-content\/uploads\/2024\/01\/Gio-Ponti-300x221.png 300w, https:\/\/iicstoccolma.esteri.it\/wp-content\/uploads\/2024\/01\/Gio-Ponti.png 604w\" alt=\"\" width=\"1374\" height=\"1010\" \/><br \/>\n<em>Gio Ponti med Wennergrens Center i bakgrunden (Stockholm)<\/em><\/p>\n<p><img decoding=\"async\" class=\"alignnone size-medium wp-image-30897 img-fluid\" src=\"https:\/\/iicstoccolma.esteri.it\/wp-content\/uploads\/2024\/01\/Villa-Planchard-black-and-white-300x183.jpg\" sizes=\"(max-width: 300px) 100vw, 300px\" srcset=\"https:\/\/iicstoccolma.esteri.it\/wp-content\/uploads\/2024\/01\/Villa-Planchard-black-and-white-300x183.jpg 300w, https:\/\/iicstoccolma.esteri.it\/wp-content\/uploads\/2024\/01\/Villa-Planchard-black-and-white-1024x626.jpg 1024w, https:\/\/iicstoccolma.esteri.it\/wp-content\/uploads\/2024\/01\/Villa-Planchard-black-and-white-768x470.jpg 768w, https:\/\/iicstoccolma.esteri.it\/wp-content\/uploads\/2024\/01\/Villa-Planchard-black-and-white.jpg 1115w\" alt=\"\" width=\"100%\" \/><br \/>\n<em>Villa Planchart (Foto av Paolo Gasparini; <a href=\"https:\/\/www.villaplanchart.net\/la-fundacion\/\">Fundaci\u00f3n<\/a>\u00a0Anala &amp; Armando Planchart Archives, Caracas, Venezuela)<\/em><\/p>\n<p>Ponti f\u00e5r arkitekturen att k\u00e4nnas l\u00e4tt genom att fasaden och taket aldrig helt m\u00f6ts, ett drag han \u00e4ven experimenterade med, men i annan dimension, p\u00e5 Pirelliskrapan. \u00c4ven utsidan av Institutet karakt\u00e4riseras allts\u00e5 av Pontis arkitektur: <strong>taket <\/strong>lutar bak\u00e5t och verkar flyta ovanp\u00e5 <strong>v\u00e4ggarna <\/strong>som liknar blad som n\u00e4rmar sig varandra utan att aldrig helt m\u00f6tas, vilket f\u00e5r sin kulmen i detaljen som \u00e5terfinns vid <strong>fasadens\u00a0<\/strong>v\u00e4nstra h\u00f6rn (huskroppen med kontoren).<\/p>\n<p>Mellan 1953 och 1958, under samma \u00e5r som Institutet tog form, arbetade Ponti p\u00e5 den privata residensen Villa Planchart i Caracas och dessa tv\u00e5 projekt har m\u00e5nga likheter, b\u00e5de vad g\u00e4ller arkitekturen och m\u00f6blemanget. Vi finner likheter i de husliga snarare \u00e4n h\u00f6gtravande proportionerna som Institutet har d\u00e5 det var t\u00e4nkt som ett &#8221;hus f\u00f6r den italienska kulturen&#8221;. \u00c4ven utsidan av byggnaderna liknar varandra, med sin <strong>gnistrande <\/strong><strong>mosaik<\/strong> samt p\u00e5 insidan, fr\u00e5n trappornas utformning till de geometriska tygerna, fr\u00e5n de flerf\u00e4rgade m\u00f6blerna till \u00f6verfl\u00f6det av ljus tack vare de stora glasv\u00e4ggarna. Mellan 1949 och 1957 f\u00f6rfinar Ponti allt mer den ber\u00f6mda stolen <strong>Superleggera<\/strong> producerad av Cassina och som man kan lyfta med endast ett finger tack vare dess tunna triangul\u00e4ra struktur.\u00a0 1949 skapar han sin f\u00f6rsta vikbara stol (vilka idag anv\u00e4nds i Institutets auditorium). 1952 skapar Ponti den mycket popul\u00e4ra stolen <strong>Leggera<\/strong> f\u00f6r Cassina gjord av asktr\u00e4, en h\u00e5llbar men l\u00e4tt stol som finns i hundratals exemplar p\u00e5 Institutet.<\/p>\n<blockquote>\n<h6><em><strong>Om ni bes\u00f6ker Cassina kommer de visa er spektakul\u00e4ra h\u00f6ga och l\u00e5nga kast med dessa stolar som landar och studsar utan att n\u00e5gonsin g\u00e5 s\u00f6nder.\u00a0<\/strong><\/em><br \/>\n<strong>\u2013 Gio Ponti<\/strong><\/h6>\n<\/blockquote>\n","protected":false},"excerpt":{"rendered":"Italienska Kulturinstitutet i Stockholm \u201cC.M. Lerici\u201d (1958) \u00e4r, tillsammans med den samtida Villa Planchart i Caracas\u00a0(1953-57), det enda st\u00e4llet d\u00e4r man kan njuta av\u00a0Gio Pontis kreativa universum och arkitektoniska vision i sin helhet, med arkitektur och m\u00f6bler \u00e4nnu intakta och kompletta. \u00c4ven om man t\u00e4nker p\u00e5 andra stora namn inom internationell arkitektur \u00e4r det sv\u00e5rt, [&hellip;]","protected":false},"author":5,"featured_media":0,"parent":102,"menu_order":3,"comment_status":"closed","ping_status":"closed","template":"","meta":{"footnotes":""},"class_list":["post-28695","page","type-page","status-publish","hentry"],"_links":{"self":[{"href":"https:\/\/iicstoccolma.esteri.it\/sv\/wp-json\/wp\/v2\/pages\/28695","targetHints":{"allow":["GET"]}}],"collection":[{"href":"https:\/\/iicstoccolma.esteri.it\/sv\/wp-json\/wp\/v2\/pages"}],"about":[{"href":"https:\/\/iicstoccolma.esteri.it\/sv\/wp-json\/wp\/v2\/types\/page"}],"author":[{"embeddable":true,"href":"https:\/\/iicstoccolma.esteri.it\/sv\/wp-json\/wp\/v2\/users\/5"}],"replies":[{"embeddable":true,"href":"https:\/\/iicstoccolma.esteri.it\/sv\/wp-json\/wp\/v2\/comments?post=28695"}],"version-history":[{"count":6,"href":"https:\/\/iicstoccolma.esteri.it\/sv\/wp-json\/wp\/v2\/pages\/28695\/revisions"}],"predecessor-version":[{"id":46380,"href":"https:\/\/iicstoccolma.esteri.it\/sv\/wp-json\/wp\/v2\/pages\/28695\/revisions\/46380"}],"up":[{"embeddable":true,"href":"https:\/\/iicstoccolma.esteri.it\/sv\/wp-json\/wp\/v2\/pages\/102"}],"wp:attachment":[{"href":"https:\/\/iicstoccolma.esteri.it\/sv\/wp-json\/wp\/v2\/media?parent=28695"}],"curies":[{"name":"wp","href":"https:\/\/api.w.org\/{rel}","templated":true}]}}