{"id":27362,"date":"2023-11-15T12:39:08","date_gmt":"2023-11-15T11:39:08","guid":{"rendered":"https:\/\/iicstoccolma.esteri.it\/lingua-e-cultura\/pubblicazioni-delliic\/cartaditalia\/antonio-tabucchi-i-volatili-del-beato-angelico\/"},"modified":"2024-01-12T11:37:02","modified_gmt":"2024-01-12T10:37:02","slug":"antonio-tabucchi-i-volatili-del-beato-angelico","status":"publish","type":"page","link":"https:\/\/iicstoccolma.esteri.it\/sv\/lingua-e-cultura\/pubblicazioni-delliic\/cartaditalia\/antonio-tabucchi-i-volatili-del-beato-angelico\/","title":{"rendered":"Antonio Tabucchi, &#8221;Beato Angelicos flygande varelser&#8221;"},"content":{"rendered":"<h5>Det \u00e4r med stor gl\u00e4dje som Italienska Kulturinstitutet i Stockholm meddelar utgivningen av bokserien Cartaditalias f\u00f6rsta nummer! Bokens titel \u00e4r <strong><em>Beato Angelicos flygande varelser<\/em><\/strong>\u00a0av <strong>Antonio Tabucchi<\/strong>. Anna Dolfi, fr\u00e5n universitetet i Florens, deltog i invigningsevenemanget.<\/h5>\n<p>&nbsp;<\/p>\n<p><strong>Berskrivning<\/strong><br \/>\n&#8221;Hypokondri, s\u00f6mnl\u00f6shet och pl\u00e5gor \u00e4r dessa korta texters of\u00e4rdiga musor&#8221;, skriver Tabucchi i inledningen till de ber\u00e4ttelser som utg\u00f6r den lilla samlingen <em>Beato Angelicos flygande varelser<\/em>. &#8221;I dessa texter finns, i form av kvasiber\u00e4ttelser, det brus som ledsagat och alltj\u00e4mt ledsagar mig: impulser, hum\u00f6rv\u00e4xlingar, ekonomiska h\u00e4nryckningar, verkliga eller inbillade sinnesr\u00f6relser, illvilja och l\u00e4ngtan.&#8221; <em>Beato Angelicos flygande varelser<\/em> \u00e4r den f\u00f6rsta titeln i en ny serie till\u00e4gnad nutida italiensk litteratur. Den \u00f6ppnar d\u00f6rrarna till en fascinerande ber\u00e4ttarv\u00e4rld d\u00e4r gr\u00e4nserna mellan verklighet och fiktion, dr\u00f6mmar och litter\u00e4ra ekon suddas ut och f\u00f6rvandlas till svindlande dr\u00f6mbilder.<\/p>\n<p><strong>F\u00f6rfattaren<\/strong><br \/>\nAntonio Tabucchi \u00e4r en europeisk f\u00f6rfattare i ordets r\u00e4tta bem\u00e4rkelse. Han bor delvis i Lissabon, d\u00e4r han under n\u00e5gra \u00e5r f\u00f6restod stadens Italienska Kulturinstitut, delvis i Paris, men \u00e4ven i byn Vecchiano i Toscana. Han har specialiserat sig p\u00e5 portugisisk litteratur, som han ocks\u00e5 undervisat i vid universiteten i Genua och Siena, och han har \u00f6versatt och f\u00f6rdjupat sig i bl.a Fernando Pessoas verk. Bland hans b\u00f6cker, som \u00f6versatts till en m\u00e4ngd olika spr\u00e5k, kan framf\u00f6r allt n\u00e4mnas: <em>Piazza d&#8217;Italia<\/em> (1975), <em>Il gioco del rovescio<\/em> (1981), <em>Notturno indiano<\/em> (1984; i svensk \u00f6vers\u00e4ttning &#8221;Indisk nocturne&#8221;, 2001), <em>Piccoli equivoci senza importanza<\/em> (1984; i svensk \u00f6vers\u00e4ttning &#8221;Sm\u00e5 missf\u00f6rst\u00e5nd utan betydelse&#8221;, 1988), <em>Sostiene Pereira<\/em> (1994; i svensk \u00f6vers\u00e4ttning &#8221;P\u00e5st\u00e5r Pereira: ett vittnesm\u00e5l&#8221;, 1996), <em>La testa perduta di Damasceno Monteiro<\/em> (1997; i svensk \u00f6vers\u00e4ttning &#8221;Damasceno Monteiros f\u00f6rlorade huvud&#8221;, 1999), <em>Si sta facendo sempre pi\u00f9 tardi<\/em> (2001; i svensk \u00f6vers\u00e4ttning &#8221;Det \u00e4r snart f\u00f6r sent&#8221;, 2002), <em>Tristano muore<\/em> (2004; i svensk \u00f6vers\u00e4ttning &#8221;Tristano d\u00f6r&#8221;, 2005). Tabucchi \u00e4r en djupt samh\u00e4llsengagerad f\u00f6rfattare och samarbetar regelbundet med ett flertal tidningar i Italien och \u00f6vriga v\u00e4rlden. Hans senaste bok <em>Il tempo invecchia in fretta<\/em> (2009) bel\u00f6nades med Premio Internazionale Frontiere-Biamonti.<\/p>\n<p><strong>Omslaget<br \/>\n<img loading=\"lazy\" decoding=\"async\" class=\"alignnone size-medium wp-image-14642 img-fluid\" src=\"https:\/\/iicstoccolma.esteri.it\/wp-content\/uploads\/2023\/11\/CopertineCartadItalia_usodigital_220x300px-220x300.png\" alt=\"\" width=\"220\" height=\"300\" srcset=\"https:\/\/iicstoccolma.esteri.it\/wp-content\/uploads\/2023\/11\/CopertineCartadItalia_usodigital_220x300px-220x300.png 220w, https:\/\/iicstoccolma.esteri.it\/wp-content\/uploads\/2023\/11\/CopertineCartadItalia_usodigital_220x300px-751x1024.png 751w, https:\/\/iicstoccolma.esteri.it\/wp-content\/uploads\/2023\/11\/CopertineCartadItalia_usodigital_220x300px-768x1047.png 768w, https:\/\/iicstoccolma.esteri.it\/wp-content\/uploads\/2023\/11\/CopertineCartadItalia_usodigital_220x300px.png 917w\" sizes=\"auto, (max-width: 220px) 100vw, 220px\" \/><br \/>\n<\/strong><\/p>\n<p>&nbsp;<\/p>\n<blockquote>\n<h6><em><strong>En dag kommer du sedan kanske att l\u00e4sa mina brev. Eller ocks\u00e5 l\u00e4ser du det inte, men det kommer inte att spela n\u00e5gon roll, f\u00f6r du kommer att vara gammal och allting kommer redan att ha h\u00e4nt. Ty om livet skulle kunna bli annorlunda \u00e4n vad det varit, skulle det upph\u00e4va tiden och den f\u00f6ljd av orsaker och verkningar som \u00e4r sj\u00e4lva livet; och det vore absurt.<\/strong><\/em><br \/>\n<strong>&#8211; Citat fr\u00e5n boken<\/strong><\/h6>\n<\/blockquote>\n<p>&nbsp;<\/p>\n<hr \/>\n<p>Volymen \u00e4r till salu p\u00e5 <strong><a href=\"https:\/\/www.adlibris.com\/se\/bok\/beato-angelicos-flygande-varelser-9789197902809\">Adlibris<\/a><\/strong> och p\u00e5 <strong>Italienska Kulturinstitutet\u00a0<\/strong>(G\u00e4rdesgatan 14, Stockholm).<\/p>\n","protected":false},"excerpt":{"rendered":"Det \u00e4r med stor gl\u00e4dje som Italienska Kulturinstitutet i Stockholm meddelar utgivningen av bokserien Cartaditalias f\u00f6rsta nummer! Bokens titel \u00e4r Beato Angelicos flygande varelser\u00a0av Antonio Tabucchi. Anna Dolfi, fr\u00e5n universitetet i Florens, deltog i invigningsevenemanget. &nbsp; Berskrivning &#8221;Hypokondri, s\u00f6mnl\u00f6shet och pl\u00e5gor \u00e4r dessa korta texters of\u00e4rdiga musor&#8221;, skriver Tabucchi i inledningen till de ber\u00e4ttelser som [&hellip;]","protected":false},"author":5,"featured_media":0,"parent":281,"menu_order":22,"comment_status":"closed","ping_status":"closed","template":"","meta":{"footnotes":""},"class_list":["post-27362","page","type-page","status-publish","hentry"],"_links":{"self":[{"href":"https:\/\/iicstoccolma.esteri.it\/sv\/wp-json\/wp\/v2\/pages\/27362","targetHints":{"allow":["GET"]}}],"collection":[{"href":"https:\/\/iicstoccolma.esteri.it\/sv\/wp-json\/wp\/v2\/pages"}],"about":[{"href":"https:\/\/iicstoccolma.esteri.it\/sv\/wp-json\/wp\/v2\/types\/page"}],"author":[{"embeddable":true,"href":"https:\/\/iicstoccolma.esteri.it\/sv\/wp-json\/wp\/v2\/users\/5"}],"replies":[{"embeddable":true,"href":"https:\/\/iicstoccolma.esteri.it\/sv\/wp-json\/wp\/v2\/comments?post=27362"}],"version-history":[{"count":6,"href":"https:\/\/iicstoccolma.esteri.it\/sv\/wp-json\/wp\/v2\/pages\/27362\/revisions"}],"predecessor-version":[{"id":30611,"href":"https:\/\/iicstoccolma.esteri.it\/sv\/wp-json\/wp\/v2\/pages\/27362\/revisions\/30611"}],"up":[{"embeddable":true,"href":"https:\/\/iicstoccolma.esteri.it\/sv\/wp-json\/wp\/v2\/pages\/281"}],"wp:attachment":[{"href":"https:\/\/iicstoccolma.esteri.it\/sv\/wp-json\/wp\/v2\/media?parent=27362"}],"curies":[{"name":"wp","href":"https:\/\/api.w.org\/{rel}","templated":true}]}}