{"id":27327,"date":"2023-11-15T12:11:57","date_gmt":"2023-11-15T11:11:57","guid":{"rendered":"https:\/\/iicstoccolma.esteri.it\/lingua-e-cultura\/pubblicazioni-delliic\/altre-pubblicazioni\/"},"modified":"2024-01-29T12:02:54","modified_gmt":"2024-01-29T11:02:54","slug":"altre-pubblicazioni","status":"publish","type":"page","link":"https:\/\/iicstoccolma.esteri.it\/sv\/lingua-e-cultura\/pubblicazioni-delliic\/altre-pubblicazioni\/","title":{"rendered":"Andra utgivningar"},"content":{"rendered":"<p>P\u00e5 den h\u00e4r sidan samlar vi Italienska Kulturinstitutets publikationer som inte ing\u00e5r i bokserien Cartaditalia. Hittills har tv\u00e5 s\u00e5dana volymer getts ut: <em><strong>Stretch Art Beyond the Limit of <\/strong><strong>Architecture <\/strong><\/em>och\u00a0<strong><em>Enchanting Architecture<\/em><\/strong>. B\u00e5da b\u00f6ckerna fokuserar p\u00e5 Institutet, den f\u00f6rsta ber\u00e4ttar om tre konstinstallationer som g\u00e4stade Institutet mellan 2018 och 2021 och den andra ber\u00e4ttar om byggnadens historia, arkitektur och inredning.<\/p>\n<p>&nbsp;<\/p>\n<hr \/>\n<p>B\u00e5da b\u00f6ckerna kan k\u00f6pas <strong>online<\/strong> och p\u00e5 <strong>Italienska Kulturinstitutet\u00a0<\/strong>(G\u00e4rdesgatan 14, Stockholm).<\/p>\n","protected":false},"excerpt":{"rendered":"P\u00e5 den h\u00e4r sidan samlar vi Italienska Kulturinstitutets publikationer som inte ing\u00e5r i bokserien Cartaditalia. Hittills har tv\u00e5 s\u00e5dana volymer getts ut: Stretch Art Beyond the Limit of Architecture och\u00a0Enchanting Architecture. B\u00e5da b\u00f6ckerna fokuserar p\u00e5 Institutet, den f\u00f6rsta ber\u00e4ttar om tre konstinstallationer som g\u00e4stade Institutet mellan 2018 och 2021 och den andra ber\u00e4ttar om byggnadens [&hellip;]","protected":false},"author":5,"featured_media":0,"parent":268,"menu_order":4,"comment_status":"closed","ping_status":"closed","template":"","meta":{"footnotes":""},"class_list":["post-27327","page","type-page","status-publish","hentry"],"_links":{"self":[{"href":"https:\/\/iicstoccolma.esteri.it\/sv\/wp-json\/wp\/v2\/pages\/27327","targetHints":{"allow":["GET"]}}],"collection":[{"href":"https:\/\/iicstoccolma.esteri.it\/sv\/wp-json\/wp\/v2\/pages"}],"about":[{"href":"https:\/\/iicstoccolma.esteri.it\/sv\/wp-json\/wp\/v2\/types\/page"}],"author":[{"embeddable":true,"href":"https:\/\/iicstoccolma.esteri.it\/sv\/wp-json\/wp\/v2\/users\/5"}],"replies":[{"embeddable":true,"href":"https:\/\/iicstoccolma.esteri.it\/sv\/wp-json\/wp\/v2\/comments?post=27327"}],"version-history":[{"count":6,"href":"https:\/\/iicstoccolma.esteri.it\/sv\/wp-json\/wp\/v2\/pages\/27327\/revisions"}],"predecessor-version":[{"id":32357,"href":"https:\/\/iicstoccolma.esteri.it\/sv\/wp-json\/wp\/v2\/pages\/27327\/revisions\/32357"}],"up":[{"embeddable":true,"href":"https:\/\/iicstoccolma.esteri.it\/sv\/wp-json\/wp\/v2\/pages\/268"}],"wp:attachment":[{"href":"https:\/\/iicstoccolma.esteri.it\/sv\/wp-json\/wp\/v2\/media?parent=27327"}],"curies":[{"name":"wp","href":"https:\/\/api.w.org\/{rel}","templated":true}]}}