{"id":27194,"date":"2023-11-14T14:46:31","date_gmt":"2023-11-14T13:46:31","guid":{"rendered":"https:\/\/iicstoccolma.esteri.it\/lingua-e-cultura\/pubblicazioni-delliic\/cartaditalia\/claudio-magris-alfabeti-saggi-di-letteratura\/"},"modified":"2024-01-12T11:38:11","modified_gmt":"2024-01-12T10:38:11","slug":"claudio-magris-alfabeti-saggi-di-letteratura","status":"publish","type":"page","link":"https:\/\/iicstoccolma.esteri.it\/sv\/lingua-e-cultura\/pubblicazioni-delliic\/cartaditalia\/claudio-magris-alfabeti-saggi-di-letteratura\/","title":{"rendered":"Claudio Magris, &#8221;Alfabet. Ess\u00e4er om litteratur&#8221;"},"content":{"rendered":"<h5>Den tredje volymen i bokserien Cartaditalia \u00e4r <strong><em>Alfabet<\/em> <\/strong>av <strong>Claudio Magris!<\/strong><\/h5>\n<p>&nbsp;<\/p>\n<p><i>Alfabet<\/i> och \u00f6vers\u00e4ttningen fr\u00e5n samma \u00e5r av <em>Lei dunque capir\u00e0<\/em> (sv. &#8221;Som ni s\u00e4kert f\u00f6rst\u00e5r&#8221;) presenterades p\u00e5 Kulturinstitutet av f\u00f6rfattaren sj\u00e4lv och journalisten <span style=\"text-decoration: underline;\">Johar Bendjelloul<\/span>.<\/p>\n<p><strong>Beskrivning<br \/>\n<\/strong><em>Alfabet<\/em> \u00e4r en resa bland b\u00f6cker och i litteraturen &#8211; eller snarare en av tusen m\u00f6jliga resor f\u00f6r att uppt\u00e4cka b\u00f6cker, deras f\u00f6rfattare och oss sj\u00e4lva. Denna resa tar sin b\u00f6rjan i de b\u00f6cker vi l\u00e4ser i barndomen och under uppv\u00e4xt\u00e5ren, de grundl\u00e4ggande b\u00f6cker som sprider gl\u00e4dje och lust att l\u00e4sa, skapar intresse f\u00f6r ber\u00e4ttelser och \u00e4ventyr och inbjuder till att uppt\u00e4cka v\u00e4rlden. I <em>Alfabet<\/em> finner vi de b\u00f6cker som har format oss och s\u00e5rat oss och tillsammans kunnat lindra s\u00e5ret. De b\u00f6cker som l\u00e5ter oss l\u00e4ra k\u00e4nna och ordna v\u00e4rlden och de som avsl\u00f6jar dess omskakande och f\u00f6rg\u00f6rande kaos, dess tjusning och fasa. De b\u00f6cker som f\u00e5r oss att skymta r\u00e4ddningen och de som blickar ut mot intet. Framf\u00f6r allt de som vidgar litteraturens gr\u00e4nser och h\u00e4nvisar bortom den. <em>Alfabet<\/em> uppf\u00e5ngar de stundom tragiska mots\u00e4gelserna hos litteraturen och dess f\u00f6rfattare, som har f\u00f6rm\u00e5gan att f\u00e5 alla att f\u00f6rst\u00e5 vad m\u00e4nsklighet \u00e4r men ocks\u00e5 kan kr\u00e4nka denna m\u00e4nsklighet p\u00e5 ett sk\u00e4ndligt s\u00e4tt. F\u00f6ljdriktigt avslutas resan med en lidelsefull och lysande reflexion \u00f6ver litteraturens f\u00f6rh\u00e5llande till etik och politik, en reflektion som samtidigt visar p\u00e5 n\u00f6dv\u00e4ndigheten av engagemang och den lika n\u00f6dv\u00e4ndiga ansvarsl\u00f6sheten hos poesin. Urvalet av texter f\u00f6r den svenska utg\u00e5van har gjorts av f\u00f6rfattaren.<strong><br \/>\n<\/strong><\/p>\n<p><strong>F\u00f6rfattaren<br \/>\n<\/strong><span style=\"text-decoration: underline;\">Claudio Magris<\/span> \u00e4r en av Italiens mest betydande kulturpersonligheter. Han undervisar i tysk litteratur vid universitetet i Trieste och \u00e4r ledarskribent i <em>Corriere della Sera<\/em> samt har bidragit till talrika studier f\u00f6r att i Italien sprida kunskap om den centraleuropeiska kulturen och &#8221;Habsburgmytens&#8221; litteratur: <em>Il mito absburgico nella letteratura austriaca modern<\/em>a (sv. &#8221;Den habsburgska myten i modern \u00f6sterrikisk litteratur&#8221;, 1963), <em>Itaca e oltre<\/em> (sv. &#8221;Bortom Ithaka&#8221;, 1982), <em>L&#8217;anello di Clarisse<\/em> (sv. &#8221;Clarisses ring&#8221;, 1984). Bland hans b\u00f6cker som \u00f6versatts till svenska vill vi f\u00f6rutom <em>Donau<\/em> (1990) erinra om <em>Ett annat hav<\/em> (1992), <em>Mikrokosmos<\/em> (1998), <em>Utopi och klarsyn<\/em> (2001) och <em>I blindo<\/em> 2007). Claudio Magris har nyligen tilldelats tv\u00e5 prestigefyllda internationella utm\u00e4rkelser: 2004 litteratur-priset &#8221;Pr\u00edncipe de Asturias&#8221;, samt 2009 &#8221;Friedenspreis des Deutschen Buchhandels&#8221;.<\/p>\n<p><strong>Omslaget<\/strong><br \/>\n<img loading=\"lazy\" decoding=\"async\" class=\"alignnone size-medium wp-image-14645 img-fluid\" src=\"https:\/\/iicstoccolma.esteri.it\/wp-content\/uploads\/2023\/11\/CopertineCartadItalia_usodigital_220x300px3-220x300.png\" alt=\"\" width=\"220\" height=\"300\" srcset=\"https:\/\/iicstoccolma.esteri.it\/wp-content\/uploads\/2023\/11\/CopertineCartadItalia_usodigital_220x300px3-220x300.png 220w, https:\/\/iicstoccolma.esteri.it\/wp-content\/uploads\/2023\/11\/CopertineCartadItalia_usodigital_220x300px3-751x1024.png 751w, https:\/\/iicstoccolma.esteri.it\/wp-content\/uploads\/2023\/11\/CopertineCartadItalia_usodigital_220x300px3-768x1047.png 768w, https:\/\/iicstoccolma.esteri.it\/wp-content\/uploads\/2023\/11\/CopertineCartadItalia_usodigital_220x300px3.png 917w\" sizes=\"auto, (max-width: 220px) 100vw, 220px\" \/><\/p>\n<p>&nbsp;<\/p>\n<blockquote>\n<h6><strong><em>N\u00e4r Ibsen skriver Geng\u00e5ngare (1881) kastar han ner en of\u00f6rsonligt tragisk anteckning. &#8221;All l\u00e5tsas leva &#8211; det vill s\u00e4ga leva ett autentiskt liv och utveckla sin personlighet till fullo &#8211; \u00e4r storvansinne&#8221;. Detta storhetsvansinne \u00e4r f\u00f6r honom n\u00f6dv\u00e4ndigt, men bara om man inser hur m\u00f6dosamt, avl\u00e4gset och o\u00e5tkomligt det sanna livet \u00e4r.<\/em><\/strong><br \/>\n<strong>&#8211; Citat fr\u00e5n boken<\/strong><\/h6>\n<\/blockquote>\n<p>&nbsp;<\/p>\n<hr \/>\n<p>Volymen kan k\u00f6pas p\u00e5 <strong><a href=\"https:\/\/www.adlibris.com\/se\/bok\/alfabet-essaer-om-litteratur-9789197902823\">Adlibris<\/a><\/strong> eller p\u00e5 <strong>Italienska <\/strong><strong>Kulturinstitutet<\/strong> (G\u00e4rdesgatan 14, Stockholm).<\/p>\n","protected":false},"excerpt":{"rendered":"Den tredje volymen i bokserien Cartaditalia \u00e4r Alfabet av Claudio Magris! &nbsp; Alfabet och \u00f6vers\u00e4ttningen fr\u00e5n samma \u00e5r av Lei dunque capir\u00e0 (sv. &#8221;Som ni s\u00e4kert f\u00f6rst\u00e5r&#8221;) presenterades p\u00e5 Kulturinstitutet av f\u00f6rfattaren sj\u00e4lv och journalisten Johar Bendjelloul. Beskrivning Alfabet \u00e4r en resa bland b\u00f6cker och i litteraturen &#8211; eller snarare en av tusen m\u00f6jliga resor [&hellip;]","protected":false},"author":5,"featured_media":0,"parent":281,"menu_order":20,"comment_status":"closed","ping_status":"closed","template":"","meta":{"footnotes":""},"class_list":["post-27194","page","type-page","status-publish","hentry"],"_links":{"self":[{"href":"https:\/\/iicstoccolma.esteri.it\/sv\/wp-json\/wp\/v2\/pages\/27194","targetHints":{"allow":["GET"]}}],"collection":[{"href":"https:\/\/iicstoccolma.esteri.it\/sv\/wp-json\/wp\/v2\/pages"}],"about":[{"href":"https:\/\/iicstoccolma.esteri.it\/sv\/wp-json\/wp\/v2\/types\/page"}],"author":[{"embeddable":true,"href":"https:\/\/iicstoccolma.esteri.it\/sv\/wp-json\/wp\/v2\/users\/5"}],"replies":[{"embeddable":true,"href":"https:\/\/iicstoccolma.esteri.it\/sv\/wp-json\/wp\/v2\/comments?post=27194"}],"version-history":[{"count":7,"href":"https:\/\/iicstoccolma.esteri.it\/sv\/wp-json\/wp\/v2\/pages\/27194\/revisions"}],"predecessor-version":[{"id":30615,"href":"https:\/\/iicstoccolma.esteri.it\/sv\/wp-json\/wp\/v2\/pages\/27194\/revisions\/30615"}],"up":[{"embeddable":true,"href":"https:\/\/iicstoccolma.esteri.it\/sv\/wp-json\/wp\/v2\/pages\/281"}],"wp:attachment":[{"href":"https:\/\/iicstoccolma.esteri.it\/sv\/wp-json\/wp\/v2\/media?parent=27194"}],"curies":[{"name":"wp","href":"https:\/\/api.w.org\/{rel}","templated":true}]}}