{"id":27178,"date":"2023-11-13T15:47:43","date_gmt":"2023-11-13T14:47:43","guid":{"rendered":"https:\/\/iicstoccolma.esteri.it\/lingua-e-cultura\/pubblicazioni-delliic\/cartaditalia\/italo-calvino-perche-leggere-i-classici\/"},"modified":"2024-01-12T11:39:10","modified_gmt":"2024-01-12T10:39:10","slug":"italo-calvino-perche-leggere-i-classici","status":"publish","type":"page","link":"https:\/\/iicstoccolma.esteri.it\/sv\/lingua-e-cultura\/pubblicazioni-delliic\/cartaditalia\/italo-calvino-perche-leggere-i-classici\/","title":{"rendered":"Italo Calvino, &#8221;Varf\u00f6r l\u00e4sa klassikerna&#8221;"},"content":{"rendered":"<h5><strong><em>Varf\u00f6r l\u00e4sa klassikerna?<\/em><\/strong> undrar <strong>Italo Calvino<\/strong> i sin ess\u00e4samling med samma namn, som utg\u00f6r Cartaditalias fj\u00e4rde publikation. Invigningsevenemanget h\u00f6lls p\u00e5 Italienska Kulturinstitutet 26 september 2011 med Alberto Asor Rosa (Roms Universitet \u201cLa Sapienza\u201d) och Jesper Olsson (Stockholms Universitet).<\/h5>\n<p>&nbsp;<\/p>\n<p><strong>Beskrivning<br \/>\n<\/strong>Den postumt publicerade ess\u00e4samlingen <em>Varf\u00f6r l\u00e4sa klassikerna<\/em>, h\u00e4r presenterad i urval, f\u00f6r samman n\u00e5gra av Italo Calvinos viktigaste texter om litteratur fr\u00e5n de sista femton \u00e5ren av hans liv. Men vad \u00e4r egentligen en klassiker? En bok, skriver Calvino, som aldrig upph\u00f6rt att s\u00e4ga det den har att s\u00e4ga. Och han till\u00e4gger: Man l\u00e4ser inte klassikerna av tv\u00e5ng eller av respekt, utan bara av k\u00e4rlek. K\u00e4rleken \u00e4r ocks\u00e5 genomg\u00e5ende i Calvinos m\u00f6te med klassikerna, vare sig det r\u00f6r sig om en excentrisk vetenskapsman som Gerolamo Cardano eller om en samtida poet som Francis Ponge. I texter som sp\u00e4nner fr\u00e5n Homeros till Borges \u00f6ver Ariosto och Stendhal s\u00f6ker Calvino minst av allt efter eviga v\u00e4rden, konstn\u00e4rliga eller andra, utan tv\u00e4rtom efter litteraturens sj\u00e4lva r\u00f6relse, dess f\u00f6rm\u00e5ga att alstra st\u00e4ndigt nya v\u00e4rldar.<\/p>\n<p><strong>F\u00f6rfattaren<\/strong><br \/>\n<span style=\"text-decoration: underline;\">Italo Calvino<\/span> (1923-1985) r\u00e4knas som en av efterkrigstidens fr\u00e4msta europeiska f\u00f6rfattare. Calvino f\u00f6ddes p\u00e5 Kuba av italienska f\u00f6r\u00e4ldrar, men v\u00e4xte upp i Sanremo, Italien. Han debuterade 1947 med <em>Il sentiero dei nidi di ragno<\/em>. Hans verkliga konstn\u00e4rliga och publika genombrott kom p\u00e5 femtiotalet, med romantrilogin <em>Den tudelade visconten<\/em>, <em>Kl\u00e4tterbaronen<\/em> och <em>Den obefintlige riddaren<\/em> (1952, 1957 och 1959). Andra centrala verk ur hans omfattande och m\u00e5ngfacetterade produktion \u00e4r <em>Marcovaldo ovvero Le stagioni in citt\u00e0<\/em> (1963) och <em>Kosmokomik<\/em> (1965). Fr\u00e5n 1967 till 1980 var Calvino bosatt i Paris, d\u00e4r han fick viktiga kreativa impulser av kontakten med kretsen kring OULIPO [&#8221;Verkstad f\u00f6r potentiell litteratur&#8221;]. Denna senare fas resulterade bland annat i romanerna <em>De osynliga st\u00e4derna<\/em> (1972), <em>De sammanfl\u00e4tade \u00f6denas slott<\/em> (1973),<em> Om en vinternatt en resande<\/em> (1979) och <em>Palomar<\/em> (1983). Italo Calvino dog 1985 i ett slaganfall.<\/p>\n<p><strong>Omslaget<\/strong><br \/>\n<img loading=\"lazy\" decoding=\"async\" class=\"alignnone size-medium wp-image-14647 img-fluid\" src=\"https:\/\/iicstoccolma.esteri.it\/wp-content\/uploads\/2023\/11\/CopertineCartadItalia_usodigital_220x300px4-220x300.png\" alt=\"\" width=\"220\" height=\"300\" srcset=\"https:\/\/iicstoccolma.esteri.it\/wp-content\/uploads\/2023\/11\/CopertineCartadItalia_usodigital_220x300px4-220x300.png 220w, https:\/\/iicstoccolma.esteri.it\/wp-content\/uploads\/2023\/11\/CopertineCartadItalia_usodigital_220x300px4-751x1024.png 751w, https:\/\/iicstoccolma.esteri.it\/wp-content\/uploads\/2023\/11\/CopertineCartadItalia_usodigital_220x300px4-768x1047.png 768w, https:\/\/iicstoccolma.esteri.it\/wp-content\/uploads\/2023\/11\/CopertineCartadItalia_usodigital_220x300px4.png 917w\" sizes=\"auto, (max-width: 220px) 100vw, 220px\" \/><\/p>\n<p>&nbsp;<\/p>\n<blockquote>\n<h6><em><strong>Klassiker kallas en bok som gestaltar sig som j\u00e4mb\u00f6rdig med universum, i likhet med antika talismaner.<\/strong><\/em><br \/>\n<strong>&#8211; Citat fr\u00e5n boken<\/strong><\/h6>\n<\/blockquote>\n<p>&nbsp;<\/p>\n<hr \/>\n<p>Boken kan k\u00f6pas p\u00e5 <strong><a href=\"https:\/\/www.adlibris.com\/se\/bok\/varfor-lasa-klassikerna-9789197902830\">Adlibris<\/a><\/strong> eller p\u00e5 <strong>Italienska Kulturinstitutet<\/strong>\u00a0(G\u00e4rdesgatan 14, Stockholm).<\/p>\n","protected":false},"excerpt":{"rendered":"Varf\u00f6r l\u00e4sa klassikerna? undrar Italo Calvino i sin ess\u00e4samling med samma namn, som utg\u00f6r Cartaditalias fj\u00e4rde publikation. Invigningsevenemanget h\u00f6lls p\u00e5 Italienska Kulturinstitutet 26 september 2011 med Alberto Asor Rosa (Roms Universitet \u201cLa Sapienza\u201d) och Jesper Olsson (Stockholms Universitet). &nbsp; Beskrivning Den postumt publicerade ess\u00e4samlingen Varf\u00f6r l\u00e4sa klassikerna, h\u00e4r presenterad i urval, f\u00f6r samman n\u00e5gra av [&hellip;]","protected":false},"author":5,"featured_media":0,"parent":281,"menu_order":19,"comment_status":"closed","ping_status":"closed","template":"","meta":{"footnotes":""},"class_list":["post-27178","page","type-page","status-publish","hentry"],"_links":{"self":[{"href":"https:\/\/iicstoccolma.esteri.it\/sv\/wp-json\/wp\/v2\/pages\/27178","targetHints":{"allow":["GET"]}}],"collection":[{"href":"https:\/\/iicstoccolma.esteri.it\/sv\/wp-json\/wp\/v2\/pages"}],"about":[{"href":"https:\/\/iicstoccolma.esteri.it\/sv\/wp-json\/wp\/v2\/types\/page"}],"author":[{"embeddable":true,"href":"https:\/\/iicstoccolma.esteri.it\/sv\/wp-json\/wp\/v2\/users\/5"}],"replies":[{"embeddable":true,"href":"https:\/\/iicstoccolma.esteri.it\/sv\/wp-json\/wp\/v2\/comments?post=27178"}],"version-history":[{"count":6,"href":"https:\/\/iicstoccolma.esteri.it\/sv\/wp-json\/wp\/v2\/pages\/27178\/revisions"}],"predecessor-version":[{"id":30618,"href":"https:\/\/iicstoccolma.esteri.it\/sv\/wp-json\/wp\/v2\/pages\/27178\/revisions\/30618"}],"up":[{"embeddable":true,"href":"https:\/\/iicstoccolma.esteri.it\/sv\/wp-json\/wp\/v2\/pages\/281"}],"wp:attachment":[{"href":"https:\/\/iicstoccolma.esteri.it\/sv\/wp-json\/wp\/v2\/media?parent=27178"}],"curies":[{"name":"wp","href":"https:\/\/api.w.org\/{rel}","templated":true}]}}