{"id":257,"date":"2023-10-04T15:42:47","date_gmt":"2023-10-04T13:42:47","guid":{"rendered":"https:\/\/iicstoccolma.esteri.it\/lingua-e-cultura\/borse-di-studio\/borse-fondazione-c-m-lerici\/"},"modified":"2024-04-02T15:02:43","modified_gmt":"2024-04-02T13:02:43","slug":"borse-fondazione-c-m-lerici","status":"publish","type":"page","link":"https:\/\/iicstoccolma.esteri.it\/sv\/lingua-e-cultura\/borse-di-studio\/borse-fondazione-c-m-lerici\/","title":{"rendered":"Stipendium fr\u00e5n Stiftelsen &#8221;C.M. Lerici&#8221;"},"content":{"rendered":"<p><img decoding=\"async\" class=\"alignnone size-medium wp-image-254 img-fluid\" src=\"https:\/\/iicstoccolma.esteri.it\/wp-content\/uploads\/2023\/10\/Logo-C-M-Lerici-BG-COLOR-300x104.png\" alt=\"\" width=\"100%\" srcset=\"https:\/\/iicstoccolma.esteri.it\/wp-content\/uploads\/2023\/10\/Logo-C-M-Lerici-BG-COLOR-300x104.png 300w, https:\/\/iicstoccolma.esteri.it\/wp-content\/uploads\/2023\/10\/Logo-C-M-Lerici-BG-COLOR-1024x357.png 1024w, https:\/\/iicstoccolma.esteri.it\/wp-content\/uploads\/2023\/10\/Logo-C-M-Lerici-BG-COLOR-768x268.png 768w, https:\/\/iicstoccolma.esteri.it\/wp-content\/uploads\/2023\/10\/Logo-C-M-Lerici-BG-COLOR.png 1780w\" sizes=\"(max-width: 300px) 100vw, 300px\" \/><\/p>\n<p>Stiftelsen som har f\u00e5tt sitt namn efter ingenj\u00f6ren <a href=\"https:\/\/iicstoccolma.esteri.it\/sv\/chi-siamo\/la-sede\/ponti-la-svezia-e-listituto\/carlo-maurilio-lerici\/\"><strong>Carlo Maurilio Lerici<\/strong><\/a> har som m\u00e5l att st\u00f6dja unga italienare och svenskar i deras forskning. Stiftelsen ger fyra sorters bidrag:<\/p>\n<ul>\n<li>f\u00f6r forskningsresor i Sverige och i Italien<\/li>\n<li>f\u00f6r att g\u00e5 p\u00e5 kurser i Sverige eller i Italien<\/li>\n<li>f\u00f6r att organisera workshops och kurser p\u00e5 svenska och italienska institutioner och universitet<\/li>\n<li>f\u00f6r att finansiera sk\u00f6nlitter\u00e4r \u00f6vers\u00e4ttning fr\u00e5n svenska till italienska och vice versa<\/li>\n<\/ul>\n<p>F\u00f6r ans\u00f6kningar C.M. Lericis stipendiefond h\u00e4nvisar vi till <a href=\"http:\/\/www.cmlerici.se\/\">Stiftelsens hemsida<\/a>.<\/p>\n","protected":false},"excerpt":{"rendered":"Stiftelsen som har f\u00e5tt sitt namn efter ingenj\u00f6ren Carlo Maurilio Lerici har som m\u00e5l att st\u00f6dja unga italienare och svenskar i deras forskning. Stiftelsen ger fyra sorters bidrag: f\u00f6r forskningsresor i Sverige och i Italien f\u00f6r att g\u00e5 p\u00e5 kurser i Sverige eller i Italien f\u00f6r att organisera workshops och kurser p\u00e5 svenska och italienska [&hellip;]","protected":false},"author":8,"featured_media":0,"parent":106,"menu_order":0,"comment_status":"closed","ping_status":"closed","template":"","meta":{"footnotes":""},"class_list":["post-257","page","type-page","status-publish","hentry"],"_links":{"self":[{"href":"https:\/\/iicstoccolma.esteri.it\/sv\/wp-json\/wp\/v2\/pages\/257","targetHints":{"allow":["GET"]}}],"collection":[{"href":"https:\/\/iicstoccolma.esteri.it\/sv\/wp-json\/wp\/v2\/pages"}],"about":[{"href":"https:\/\/iicstoccolma.esteri.it\/sv\/wp-json\/wp\/v2\/types\/page"}],"author":[{"embeddable":true,"href":"https:\/\/iicstoccolma.esteri.it\/sv\/wp-json\/wp\/v2\/users\/8"}],"replies":[{"embeddable":true,"href":"https:\/\/iicstoccolma.esteri.it\/sv\/wp-json\/wp\/v2\/comments?post=257"}],"version-history":[{"count":5,"href":"https:\/\/iicstoccolma.esteri.it\/sv\/wp-json\/wp\/v2\/pages\/257\/revisions"}],"predecessor-version":[{"id":35813,"href":"https:\/\/iicstoccolma.esteri.it\/sv\/wp-json\/wp\/v2\/pages\/257\/revisions\/35813"}],"up":[{"embeddable":true,"href":"https:\/\/iicstoccolma.esteri.it\/sv\/wp-json\/wp\/v2\/pages\/106"}],"wp:attachment":[{"href":"https:\/\/iicstoccolma.esteri.it\/sv\/wp-json\/wp\/v2\/media?parent=257"}],"curies":[{"name":"wp","href":"https:\/\/api.w.org\/{rel}","templated":true}]}}