{"id":245,"date":"2023-10-04T11:50:25","date_gmt":"2023-10-04T09:50:25","guid":{"rendered":"https:\/\/iicstoccolma.esteri.it\/lingua-e-cultura\/biblioteca\/catalogo-online\/"},"modified":"2024-02-14T11:17:03","modified_gmt":"2024-02-14T10:17:03","slug":"catalogo-online","status":"publish","type":"page","link":"https:\/\/iicstoccolma.esteri.it\/sv\/lingua-e-cultura\/biblioteca\/catalogo-online\/","title":{"rendered":"Onlinekatalog"},"content":{"rendered":"<p>IICs bibliotek <strong>\u201cPier Paolo Pasolini\u201d<\/strong> har som fr\u00e4msta m\u00e5l att erbjuda en stor m\u00e4ngd material om Italien och, om \u00e4n i mindre utstr\u00e4ckning, se en introduktion till Sverige f\u00f6r italienare.<br \/>\nBiblioteket har d\u00e4rf\u00f6r b\u00f6cker p\u00e5 italienska, svenska och engelska. I <strong><a href=\"http:\/\/clmr.infoteca.it\/bw5ne2\/opac.aspx?web=ICSM&amp;SRC=SBAS\">katalogen<\/a><\/strong> kan du hitta b\u00e5de b\u00f6cker och filmer som kan l\u00e5nas eller l\u00e4sas i v\u00e5r l\u00e4sesal.<\/p>\n<p>Hur s\u00f6ker man i katalogen?<br \/>\nDet finns m\u00e5nga s\u00e4tt. H\u00e4r \u00e4r en guide p\u00e5 hur man anv\u00e4nder de olika <strong>s\u00f6kf\u00e4lten<\/strong> korrekt.<\/p>\n<ul>\n<li><strong><em>Titolo<\/em><\/strong>: skriv bokens titel. Det r\u00e4cker ofta med titelns f\u00f6rsta ord, s\u00e5vida det inte \u00e4r IL, LO, LA, I, GLI, LE, THE<em>. <\/em><\/li>\n<li><strong><em>Autore<\/em><\/strong>: skriv f\u00f6rfattarens EFTERNAMN.<\/li>\n<\/ul>\n","protected":false},"excerpt":{"rendered":"IICs bibliotek \u201cPier Paolo Pasolini\u201d har som fr\u00e4msta m\u00e5l att erbjuda en stor m\u00e4ngd material om Italien och, om \u00e4n i mindre utstr\u00e4ckning, se en introduktion till Sverige f\u00f6r italienare. Biblioteket har d\u00e4rf\u00f6r b\u00f6cker p\u00e5 italienska, svenska och engelska. I katalogen kan du hitta b\u00e5de b\u00f6cker och filmer som kan l\u00e5nas eller l\u00e4sas i v\u00e5r [&hellip;]","protected":false},"author":8,"featured_media":0,"parent":122,"menu_order":3,"comment_status":"closed","ping_status":"closed","template":"","meta":{"footnotes":""},"class_list":["post-245","page","type-page","status-publish","hentry"],"_links":{"self":[{"href":"https:\/\/iicstoccolma.esteri.it\/sv\/wp-json\/wp\/v2\/pages\/245","targetHints":{"allow":["GET"]}}],"collection":[{"href":"https:\/\/iicstoccolma.esteri.it\/sv\/wp-json\/wp\/v2\/pages"}],"about":[{"href":"https:\/\/iicstoccolma.esteri.it\/sv\/wp-json\/wp\/v2\/types\/page"}],"author":[{"embeddable":true,"href":"https:\/\/iicstoccolma.esteri.it\/sv\/wp-json\/wp\/v2\/users\/8"}],"replies":[{"embeddable":true,"href":"https:\/\/iicstoccolma.esteri.it\/sv\/wp-json\/wp\/v2\/comments?post=245"}],"version-history":[{"count":3,"href":"https:\/\/iicstoccolma.esteri.it\/sv\/wp-json\/wp\/v2\/pages\/245\/revisions"}],"predecessor-version":[{"id":33663,"href":"https:\/\/iicstoccolma.esteri.it\/sv\/wp-json\/wp\/v2\/pages\/245\/revisions\/33663"}],"up":[{"embeddable":true,"href":"https:\/\/iicstoccolma.esteri.it\/sv\/wp-json\/wp\/v2\/pages\/122"}],"wp:attachment":[{"href":"https:\/\/iicstoccolma.esteri.it\/sv\/wp-json\/wp\/v2\/media?parent=245"}],"curies":[{"name":"wp","href":"https:\/\/api.w.org\/{rel}","templated":true}]}}