{"id":150,"date":"2023-04-03T20:56:11","date_gmt":"2023-04-03T18:56:11","guid":{"rendered":"https:\/\/iicstoccolma.esteri.it\/lingua-e-cultura\/certificazioni\/"},"modified":"2026-03-11T09:39:02","modified_gmt":"2026-03-11T08:39:02","slug":"certificazioni","status":"publish","type":"page","link":"https:\/\/iicstoccolma.esteri.it\/sv\/lingua-e-cultura\/certificazioni\/","title":{"rendered":"Certifieringar"},"content":{"rendered":"<h5>Italienska Kulturinstitutet i Stockholm erbjuder m\u00f6jligheten att g\u00f6ra ett prov som intygar kunskaper i det italienska spr\u00e5ket p\u00e5 niv\u00e5 B1. F\u00f6r genomf\u00f6randet av spr\u00e5kprovet i Sverige har Institutet ing\u00e5tt ett avtal med <strong>Societ\u00e0 Dante Alighieri<\/strong>\u00a0som utf\u00e4rdar <strong>PLIDA<\/strong>, ett intyg som certifierar spr\u00e5kkunskaper i italienska f\u00f6r utl\u00e4nningar.<\/h5>\n<p><strong>N\u00e4sta prov<br \/>\n<\/strong><\/p>\n<p>Italienska Kulturinstitutet i Stockholm meddelar att fr\u00e5n och med idag till och med tisdag 2 juni \u00e4r anm\u00e4lan f\u00f6r att g\u00f6ra provet f\u00f6r att erh\u00e5lla PLIDA-certifikatet f\u00f6r <strong>niv\u00e5 B1<\/strong> \u00f6ppen. Observera att vi endast erbjuder testet f\u00f6r niv\u00e5 B1 och inga andra niv\u00e5er under detta tillf\u00e4lle. Provet h\u00e5lls p\u00e5 v\u00e5rt Institut den <strong>10 juni 2026 klockan 10<\/strong>.<\/p>\n<p><strong>Provets uppl\u00e4gg<br \/>\n<\/strong>Testet omfattar fyra provdelar: h\u00f6rf\u00f6rst\u00e5else (Ascoltare), l\u00e4sf\u00f6rst\u00e5else (Leggere), skriftlig f\u00e4rdighet (Scrivere) och muntlig f\u00e4rdighet (Parlare).<\/p>\n<p><strong>Hur fungerar testet<br \/>\n<\/strong>Maxpo\u00e4ng p\u00e5 varje delprov \u00e4r 30 po\u00e4ng: f\u00f6r att bli godk\u00e4nd p\u00e5 hela provet m\u00e5ste du klara minst 18 utav 30 po\u00e4ng p\u00e5 varje delprov (h\u00f6rf\u00f6rst\u00e5else, l\u00e4sf\u00f6rst\u00e5else, skriftlig f\u00e4rdighet, muntlig f\u00e4rdighet). Det minsta po\u00e4ngresultatet f\u00e5r allts\u00e5 inte underskrida 72\/120 po\u00e4ng. 120\/120 po\u00e4ng \u00e4r det h\u00f6gsta po\u00e4ngresultatet som du kan uppn\u00e5. Om du bara klarar 1, 2 eller 3 provdelar har du m\u00f6jligheten att inom 18 m\u00e5nader g\u00f6ra om de provmoment som du inte klarat utan att g\u00f6ra om det fullst\u00e4ndiga provet och bara betala f\u00f6r de moment du inte klarat. Resultaten finns tillg\u00e4ngliga p\u00e5 Mina sidor p\u00e5 dante.global efter 60 arbetsdagar fr\u00e5n och med att proverna kommer fram till PLIDA-avdelningen p\u00e5 Societ\u00e0 Dante Alighieri i Rom.<\/p>\n<p><strong>Hur man anm\u00e4ler sig till provet<br \/>\n<\/strong><\/p>\n<p>Provet kostar 1200 sek.<\/p>\n<p>Mer information om hur man anm\u00e4ler sig kommer i maj.<\/p>\n<p><strong>Ytterligare information<br \/>\n<\/strong>&#8211; Vad \u00e4r PLIDA: v\u00e4nligen klicka <a href=\"https:\/\/plida.dante.global\/it\">h\u00e4r<\/a><br \/>\n&#8211; Provexempel PLIDA: v\u00e4nligen klicka <a href=\"https:\/\/plida.dante.global\/it\/preparati-allesame\">h\u00e4r<\/a><br \/>\n&#8211; Om du har ytterligare funderingar skicka ett mejl till <a href=\"mailto:iicstoccolma@esteri.it\">iicstoccolma@esteri.it<\/a><\/p>\n<p>&nbsp;<\/p>\n<p><img loading=\"lazy\" decoding=\"async\" class=\"alignnone size-medium wp-image-221 img-fluid\" src=\"https:\/\/iicstoccolma.esteri.it\/wp-content\/uploads\/2023\/10\/plida_logo-300x138.jpg\" alt=\"\" width=\"300\" height=\"138\" srcset=\"https:\/\/iicstoccolma.esteri.it\/wp-content\/uploads\/2023\/10\/plida_logo-300x138.jpg 300w, https:\/\/iicstoccolma.esteri.it\/wp-content\/uploads\/2023\/10\/plida_logo-768x354.jpg 768w, https:\/\/iicstoccolma.esteri.it\/wp-content\/uploads\/2023\/10\/plida_logo.jpg 1024w\" sizes=\"auto, (max-width: 300px) 100vw, 300px\" \/><\/p>\n","protected":false},"excerpt":{"rendered":"Italienska Kulturinstitutet i Stockholm erbjuder m\u00f6jligheten att g\u00f6ra ett prov som intygar kunskaper i det italienska spr\u00e5ket p\u00e5 niv\u00e5 B1. F\u00f6r genomf\u00f6randet av spr\u00e5kprovet i Sverige har Institutet ing\u00e5tt ett avtal med Societ\u00e0 Dante Alighieri\u00a0som utf\u00e4rdar PLIDA, ett intyg som certifierar spr\u00e5kkunskaper i italienska f\u00f6r utl\u00e4nningar. N\u00e4sta prov Italienska Kulturinstitutet i Stockholm meddelar att fr\u00e5n [&hellip;]","protected":false},"author":1,"featured_media":0,"parent":104,"menu_order":4,"comment_status":"closed","ping_status":"closed","template":"","meta":{"footnotes":""},"class_list":["post-150","page","type-page","status-publish","hentry"],"_links":{"self":[{"href":"https:\/\/iicstoccolma.esteri.it\/sv\/wp-json\/wp\/v2\/pages\/150","targetHints":{"allow":["GET"]}}],"collection":[{"href":"https:\/\/iicstoccolma.esteri.it\/sv\/wp-json\/wp\/v2\/pages"}],"about":[{"href":"https:\/\/iicstoccolma.esteri.it\/sv\/wp-json\/wp\/v2\/types\/page"}],"author":[{"embeddable":true,"href":"https:\/\/iicstoccolma.esteri.it\/sv\/wp-json\/wp\/v2\/users\/1"}],"replies":[{"embeddable":true,"href":"https:\/\/iicstoccolma.esteri.it\/sv\/wp-json\/wp\/v2\/comments?post=150"}],"version-history":[{"count":8,"href":"https:\/\/iicstoccolma.esteri.it\/sv\/wp-json\/wp\/v2\/pages\/150\/revisions"}],"predecessor-version":[{"id":54634,"href":"https:\/\/iicstoccolma.esteri.it\/sv\/wp-json\/wp\/v2\/pages\/150\/revisions\/54634"}],"up":[{"embeddable":true,"href":"https:\/\/iicstoccolma.esteri.it\/sv\/wp-json\/wp\/v2\/pages\/104"}],"wp:attachment":[{"href":"https:\/\/iicstoccolma.esteri.it\/sv\/wp-json\/wp\/v2\/media?parent=150"}],"curies":[{"name":"wp","href":"https:\/\/api.w.org\/{rel}","templated":true}]}}