{"id":131,"date":"2023-06-07T09:54:54","date_gmt":"2023-06-07T07:54:54","guid":{"rendered":"https:\/\/iicstoccolma.esteri.it\/amministrazione-trasparente\/consulenti-e-collaboratori\/"},"modified":"2025-12-04T15:41:45","modified_gmt":"2025-12-04T14:41:45","slug":"consulenti-e-collaboratori","status":"publish","type":"page","link":"https:\/\/iicstoccolma.esteri.it\/sv\/amministrazione-trasparente\/consulenti-e-collaboratori\/","title":{"rendered":"Konsulter och samarbetspartners"},"content":{"rendered":"<p><strong>R\u00e4kenskaps\u00e5r 2020<\/strong><br \/>\nDetta s\u00e4te har inte anst\u00e4llt konsulter och\/eller samarbetspartners.<\/p>\n<p><strong>R\u00e4kenskaps\u00e5r 2021<br \/>\n<\/strong>Detta s\u00e4te har anst\u00e4llt konsulter och\/eller samarbetspartners.<\/p>\n<ul>\n<li><a href=\"https:\/\/iicstoccolma.esteri.it\/wp-content\/uploads\/2024\/05\/tabella-Collaboratori-e-consulenze-2021-1.docx\">Tabell konsulter och samarbetspartners 2021<\/a><\/li>\n<\/ul>\n<p><strong>R\u00e4kenskaps\u00e5r 2022<br \/>\n<\/strong>Detta s\u00e4te har inte anst\u00e4llt konsulter och\/eller samarbetspartners.<\/p>\n<p><strong>R\u00e4kenskaps\u00e5r 2023<br \/>\n<\/strong>Detta s\u00e4te har inte anst\u00e4llt konsulter och\/eller samarbetspartners.<\/p>\n<p><strong>R\u00e4kenskaps\u00e5r 2024<br \/>\n<\/strong>Detta s\u00e4te har inte anst\u00e4llt konsulter och\/eller samarbetspartners.<\/p>\n<hr \/>\n<p><em>Senast uppdaterad: 4 december 2025<\/em><\/p>\n","protected":false},"excerpt":{"rendered":"R\u00e4kenskaps\u00e5r 2020 Detta s\u00e4te har inte anst\u00e4llt konsulter och\/eller samarbetspartners. R\u00e4kenskaps\u00e5r 2021 Detta s\u00e4te har anst\u00e4llt konsulter och\/eller samarbetspartners. Tabell konsulter och samarbetspartners 2021 R\u00e4kenskaps\u00e5r 2022 Detta s\u00e4te har inte anst\u00e4llt konsulter och\/eller samarbetspartners. R\u00e4kenskaps\u00e5r 2023 Detta s\u00e4te har inte anst\u00e4llt konsulter och\/eller samarbetspartners. R\u00e4kenskaps\u00e5r 2024 Detta s\u00e4te har inte anst\u00e4llt konsulter och\/eller samarbetspartners. Senast [&hellip;]","protected":false},"author":2,"featured_media":0,"parent":129,"menu_order":2,"comment_status":"closed","ping_status":"closed","template":"","meta":{"footnotes":""},"class_list":["post-131","page","type-page","status-publish","hentry"],"_links":{"self":[{"href":"https:\/\/iicstoccolma.esteri.it\/sv\/wp-json\/wp\/v2\/pages\/131","targetHints":{"allow":["GET"]}}],"collection":[{"href":"https:\/\/iicstoccolma.esteri.it\/sv\/wp-json\/wp\/v2\/pages"}],"about":[{"href":"https:\/\/iicstoccolma.esteri.it\/sv\/wp-json\/wp\/v2\/types\/page"}],"author":[{"embeddable":true,"href":"https:\/\/iicstoccolma.esteri.it\/sv\/wp-json\/wp\/v2\/users\/2"}],"replies":[{"embeddable":true,"href":"https:\/\/iicstoccolma.esteri.it\/sv\/wp-json\/wp\/v2\/comments?post=131"}],"version-history":[{"count":3,"href":"https:\/\/iicstoccolma.esteri.it\/sv\/wp-json\/wp\/v2\/pages\/131\/revisions"}],"predecessor-version":[{"id":51768,"href":"https:\/\/iicstoccolma.esteri.it\/sv\/wp-json\/wp\/v2\/pages\/131\/revisions\/51768"}],"up":[{"embeddable":true,"href":"https:\/\/iicstoccolma.esteri.it\/sv\/wp-json\/wp\/v2\/pages\/129"}],"wp:attachment":[{"href":"https:\/\/iicstoccolma.esteri.it\/sv\/wp-json\/wp\/v2\/media?parent=131"}],"curies":[{"name":"wp","href":"https:\/\/api.w.org\/{rel}","templated":true}]}}