{"id":129,"date":"2023-04-03T20:32:25","date_gmt":"2023-04-03T18:32:25","guid":{"rendered":"https:\/\/iicstoccolma.esteri.it\/amministrazione-trasparente\/"},"modified":"2025-09-08T10:19:11","modified_gmt":"2025-09-08T08:19:11","slug":"amministrazione-trasparente","status":"publish","type":"page","link":"https:\/\/iicstoccolma.esteri.it\/sv\/amministrazione-trasparente\/","title":{"rendered":"Transparent administration"},"content":{"rendered":"<p>De italienska Ambassaderna, Konsulaten och Italienska Kulturinstituten \u00e4r underordnade Italienska Utrikesdepartementet som tillg\u00e4ngligg\u00f6r sina data p\u00e5 sidan &#8221;<a href=\"https:\/\/www.esteri.it\/en\/trasparenza_comunicazioni_legali\/\">Amministrazione trasparente<\/a>&#8221; p\u00e5 <a href=\"http:\/\/www.esteri.it\/\">www.esteri.it<\/a>.<\/p>\n<p>Generellt sett leder l\u00e4nkarna p\u00e5 de Italienska Kulturinstitutens hemsidor g\u00e4llande datatransparens till de respektive sidorna p\u00e5 Utrikesdepartementets hemsida. F\u00f6r mer information, v\u00e4nligen bes\u00f6k den italienska versionen av den h\u00e4r sidan.<\/p>\n<p>F\u00f6r information g\u00e4llande antikorruption inom italienska riksdagen, v\u00e4nligen bes\u00f6k hemsidan <a href=\"https:\/\/www.anticorruzione.it\/\">ANAC<\/a> (Nationella Auktoriteten f\u00f6r Antikorruption).<\/p>\n<p>&nbsp;<\/p>\n<hr \/>\n<p><em>Senast uppdaterad: 13 november 2024<\/em><\/p>\n","protected":false},"excerpt":{"rendered":"De italienska Ambassaderna, Konsulaten och Italienska Kulturinstituten \u00e4r underordnade Italienska Utrikesdepartementet som tillg\u00e4ngligg\u00f6r sina data p\u00e5 sidan &#8221;Amministrazione trasparente&#8221; p\u00e5 www.esteri.it. Generellt sett leder l\u00e4nkarna p\u00e5 de Italienska Kulturinstitutens hemsidor g\u00e4llande datatransparens till de respektive sidorna p\u00e5 Utrikesdepartementets hemsida. F\u00f6r mer information, v\u00e4nligen bes\u00f6k den italienska versionen av den h\u00e4r sidan. F\u00f6r information g\u00e4llande antikorruption [&hellip;]","protected":false},"author":1,"featured_media":0,"parent":0,"menu_order":10,"comment_status":"closed","ping_status":"closed","template":"","meta":{"footnotes":""},"class_list":["post-129","page","type-page","status-publish","hentry"],"_links":{"self":[{"href":"https:\/\/iicstoccolma.esteri.it\/sv\/wp-json\/wp\/v2\/pages\/129","targetHints":{"allow":["GET"]}}],"collection":[{"href":"https:\/\/iicstoccolma.esteri.it\/sv\/wp-json\/wp\/v2\/pages"}],"about":[{"href":"https:\/\/iicstoccolma.esteri.it\/sv\/wp-json\/wp\/v2\/types\/page"}],"author":[{"embeddable":true,"href":"https:\/\/iicstoccolma.esteri.it\/sv\/wp-json\/wp\/v2\/users\/1"}],"replies":[{"embeddable":true,"href":"https:\/\/iicstoccolma.esteri.it\/sv\/wp-json\/wp\/v2\/comments?post=129"}],"version-history":[{"count":7,"href":"https:\/\/iicstoccolma.esteri.it\/sv\/wp-json\/wp\/v2\/pages\/129\/revisions"}],"predecessor-version":[{"id":48785,"href":"https:\/\/iicstoccolma.esteri.it\/sv\/wp-json\/wp\/v2\/pages\/129\/revisions\/48785"}],"wp:attachment":[{"href":"https:\/\/iicstoccolma.esteri.it\/sv\/wp-json\/wp\/v2\/media?parent=129"}],"curies":[{"name":"wp","href":"https:\/\/api.w.org\/{rel}","templated":true}]}}