{"id":122,"date":"2023-04-03T20:56:47","date_gmt":"2023-04-03T18:56:47","guid":{"rendered":"https:\/\/iicstoccolma.esteri.it\/lingua-e-cultura\/biblioteca\/"},"modified":"2025-10-31T17:24:55","modified_gmt":"2025-10-31T16:24:55","slug":"biblioteca","status":"publish","type":"page","link":"https:\/\/iicstoccolma.esteri.it\/sv\/lingua-e-cultura\/biblioteca\/","title":{"rendered":"Bibliotek"},"content":{"rendered":"<p>I biblioteket\u00a0<strong>&#8221;Pier Paolo Pasolini&#8221;<\/strong>\u00a0finns mer \u00e4n\u00a0<strong>25.000 b\u00f6cker<\/strong>. F\u00f6rutom en stor sektion till\u00e4gnad modern italiensk litteratur, som ocks\u00e5 inneh\u00e5ller flera \u00f6vers\u00e4ttningar p\u00e5 svenska, finns det ocks\u00e5 m\u00e5nga historieb\u00f6cker och en stor samling av konsthistorie- och konstkritikb\u00f6cker. I v\u00e5rt\u00a0<strong>videotek<\/strong>\u00a0hittar man mer \u00e4n<strong> 1.000 dvd:er<\/strong> och i l\u00e4sesalen kan man l\u00e4sa ett urval <strong>tidskrifter<\/strong>\u00a0om italiensk kultur.<\/p>\n<p>Vi vill s\u00e4rskilt uppm\u00e4rksamma <strong>b\u00f6ckerna av och om<\/strong><strong>\u00a0<a href=\"https:\/\/iicstoccolma.esteri.it\/sv\/chi-siamo\/la-sede\/ponti-la-svezia-e-listituto\/gio-ponti\/\">Gio Ponti<\/a><\/strong>, arkitekten som p\u00e5 50-talet ritade Italienska Kulturinstitutet och dess m\u00f6bler. Nedan f\u00f6ljer en lista \u00f6ver de titlar som kan l\u00e4sas i v\u00e5rt biblioteks l\u00e4sesal. F\u00f6r heml\u00e5n finns <a class=\"focus--mouse\" href=\"https:\/\/iicstoccolma.esteri.it\/it\/lingua-e-cultura\/pubblicazioni-delliic\/enchanting-architecture\/\" data-focus-mouse=\"true\"><em>Enchanting Architecture. The Italian Cultural Institute in Stockholm by Gio Ponti<\/em><\/a><span class=\"LB_DTT LB_DTT_VAL LB_DTT_VAL_Titolo\" tabindex=\"-1\"><em>\u00a0<\/em>(<\/span><span class=\"LB_DTT LB_DTT_VAL LB_DTT_VAL_Resto\" tabindex=\"-1\">Milano: Five Continents, 2021).<\/span><\/p>\n<p><strong>B\u00f6cker av Gio Ponti<\/strong><\/p>\n<ul>\n<li><em>La casa all&#8217;italiana<\/em>. Milano: Edizioni Domus, 1933<\/li>\n<li><em>Amate l&#8217;architettura. L&#8217;architettura \u00e8 un cristallo<\/em><em>.<\/em>\u00a0Genova: Vitali e Ghianda, 1957<\/li>\n<li><em>Amate l&#8217;architettura. L&#8217;architettura \u00e8 un cristallo<\/em>. Milano: Rizzoli, 2015<\/li>\n<li><em>In Praise of Architecture<\/em>. F.W. Dodge Corporation, 1960<\/li>\n<li><em>Divagazione sulle terrazze. <\/em>Milano: Edizioni Henry Beyle, 2015<\/li>\n<li><em>Otto idee per un appartamento<\/em><em>.<\/em> Milano: Edizioni Henry Beyle, 2018<\/li>\n<li><em>Una scelta capricciosa non \u00e8 mai di buon gusto. Sul collezionare<\/em>. Milano: Edizioni Henry Beyle, 2019<\/li>\n<li><em>Tutto al mondo deve essere coloratissimo.\u00a0<\/em>Milano: Edizioni Henry Beyle, 2020<\/li>\n<\/ul>\n<p><strong>B\u00f6cker om Gio Ponti<\/strong><\/p>\n<ul>\n<li>Fulvio Irace,\u00a0<em>La casa all&#8217;italiana.\u00a0<\/em>Milano: Electa, 1988<\/li>\n<li>Lisa Licitra Ponti.\u00a0<em>Gio Ponti: l&#8217;opera<\/em>. F\u00f6rord av Germano Celant. Milano: Leonardo, 1990<\/li>\n<li>Gloria Arditi och Cesare Serratto, <em>Gio Ponti: venti cristalli di architettura<\/em>. Venezia: Il Cardo, 1994<\/li>\n<li>Loris Manna, <em>Gio Ponti: le maioliche<\/em>. Milano: Biblioteca di Via Senato, 2000<\/li>\n<li>Vittoria Crespi Morbio, <em>Gio Ponti alla scala<\/em>. Torino: Allemandi, 2002<\/li>\n<li>Laura Falconi.\u00a0<em>Gio Ponti: interni, oggetti, disegni, 1920-1976<\/em>. Milano: Electa, 2004<\/li>\n<li>Fulvio Irace,\u00a0<em>Gio Ponti.<\/em> Milano: Il Sole 24 Ore, 2011<\/li>\n<li>Cattiodoro Silvia, <em>Gio Ponti: scena e design, un unico modo<\/em>. Vicenza: In edibus, 2016<\/li>\n<li><span class=\"LB_DTT LB_DTT_VAL LB_DTT_VAL_Titolo\" tabindex=\"-1\"><span class=\"LB_DTT LB_DTT_VAL LB_DTT_VAL_Resto\" tabindex=\"-1\">Lisa Licitra Ponti. <\/span><em>Gio Ponti and Milan: a guide to the works, 1920-1970<\/em>. F\u00f6rord av <\/span><span class=\"LB_DTT LB_DTT_VAL LB_DTT_VAL_Resto\" tabindex=\"-1\">Stefano Boeri. Macerata: Quodlibet, 2018<\/span><\/li>\n<li><span class=\"LB_DTT LB_DTT_VAL LB_DTT_VAL_Titolo\" tabindex=\"-1\"><span class=\"LB_DTT LB_DTT_VAL LB_DTT_VAL_Resto\" tabindex=\"-1\">Sophie Bouilhet-Dumas (redakt\u00f6r), <\/span><em>Gio Ponti archi-designer<\/em>.<\/span><span class=\"LB_DTT LB_DTT_VAL LB_DTT_VAL_Resto\" tabindex=\"-1\"> Paris: MAD, 2018<\/span><\/li>\n<li><span class=\"LB_DTT LB_DTT_VAL LB_DTT_VAL_Titolo\" tabindex=\"-1\"><span class=\"LB_DTT LB_DTT_VAL LB_DTT_VAL_Resto\" tabindex=\"-1\">Maristella Casciato och Fulvio Irace (redakt\u00f6rer). <\/span><em>Gio Ponti: amare l&#8217;architettura<\/em><\/span><span class=\"LB_DTT LB_DTT_VAL LB_DTT_VAL_Resto\" tabindex=\"-1\">. Roma-Firenze: MAXXI: Forma, 2019<\/span><\/li>\n<li><span class=\"LB_DTT LB_DTT_VAL LB_DTT_VAL_Titolo\" tabindex=\"-1\"><span class=\"LB_DTT LB_DTT_VAL LB_DTT_VAL_Resto\" tabindex=\"-1\">Salvatore Licitra (redakt\u00f6r), <\/span><\/span><em><span class=\"LB_DTT LB_DTT_VAL LB_DTT_VAL_Titolo\" tabindex=\"-1\">Gio Ponti.<\/span><\/em><span class=\"LB_DTT LB_DTT_VAL LB_DTT_VAL_Resto\" tabindex=\"-1\"> Cologne: Taschen, 2021<\/span><\/li>\n<\/ul>\n<p>Till biblioteket h\u00f6r \u00e4ven ett <a href=\"https:\/\/iicstoccolma.esteri.it\/sv\/lingua-e-cultura\/biblioteca\/archivio\/\">arkiv<\/a> med ett <strong>mycket varierat material<\/strong>, som diakroniskt ber\u00e4ttar byggnadens\u00a0<strong>historia<\/strong>, men som ocks\u00e5 inneh\u00e5ller en serie synkroniska ber\u00e4ttelser som \u00e4gde rum p\u00e5 Institutet. Det handlar s\u00e4rskilt om\u00a0<strong>dokument, brev, fotografier, teckningar och arkitektur- samt designprojekt<\/strong>\u00a0fr\u00e5n perioden mellan slutet av 1950-talet till 1990-talets andra halva.<\/p>\n<p>L\u00e5nereglerna kan l\u00e4sas genom att ladda ner PDFen <a href=\"https:\/\/iicstoccolma.esteri.it\/wp-content\/uploads\/2024\/02\/Regelverk-Biblioteket-Pier-Paolo-Pasolini.pdf\">h\u00e4r<\/a>.<\/p>\n<p>&nbsp;<\/p>\n<p><strong>Kontakta oss<br \/>\n<\/strong><a class=\"focus--mouse\" href=\"mailto:bibliotek.iicstockholm@esteri.it\" data-focus-mouse=\"true\">bibliotek.iicstockholm@esteri.it<\/a><br \/>\n+46 &#8211; (0)8 &#8211; 54 58 57 64<\/p>\n<p><strong>Bibliotekets \u00f6ppettider<br \/>\n<\/strong>M\u00e5ndag \u2013 torsdag: 10.00-13.00, 14.00-16.30<br \/>\nFredag: 10.00-13.00<br \/>\nL\u00f6rdag och s\u00f6ndag: st\u00e4ngt<\/p>\n<p><strong>Bok- och filml\u00e5n<br \/>\n<\/strong>B\u00f6cker kan bokas via Institutets <a href=\"https:\/\/clmr.infoteca.it\/bw5ne2\/opac.aspx?web=ICSM&amp;SRC=SBAS\">onlinekatalog<\/a>. L\u00e5netiden \u00e4r p\u00e5 en m\u00e5nad med m\u00f6jlighet till f\u00f6rl\u00e4ngning ytterligare en m\u00e5nad. F\u00f6r att l\u00e5na m\u00e5ste du vara medlem. Klicka <a href=\"https:\/\/iicstoccolma.esteri.it\/sv\/chi-siamo\/la-sede\/diventare-soci\/\">h\u00e4r<\/a> f\u00f6r mer information.<\/p>\n","protected":false},"excerpt":{"rendered":"I biblioteket\u00a0&#8221;Pier Paolo Pasolini&#8221;\u00a0finns mer \u00e4n\u00a025.000 b\u00f6cker. F\u00f6rutom en stor sektion till\u00e4gnad modern italiensk litteratur, som ocks\u00e5 inneh\u00e5ller flera \u00f6vers\u00e4ttningar p\u00e5 svenska, finns det ocks\u00e5 m\u00e5nga historieb\u00f6cker och en stor samling av konsthistorie- och konstkritikb\u00f6cker. I v\u00e5rt\u00a0videotek\u00a0hittar man mer \u00e4n 1.000 dvd:er och i l\u00e4sesalen kan man l\u00e4sa ett urval tidskrifter\u00a0om italiensk kultur. Vi vill [&hellip;]","protected":false},"author":1,"featured_media":0,"parent":104,"menu_order":10,"comment_status":"closed","ping_status":"closed","template":"","meta":{"footnotes":""},"class_list":["post-122","page","type-page","status-publish","hentry"],"_links":{"self":[{"href":"https:\/\/iicstoccolma.esteri.it\/sv\/wp-json\/wp\/v2\/pages\/122","targetHints":{"allow":["GET"]}}],"collection":[{"href":"https:\/\/iicstoccolma.esteri.it\/sv\/wp-json\/wp\/v2\/pages"}],"about":[{"href":"https:\/\/iicstoccolma.esteri.it\/sv\/wp-json\/wp\/v2\/types\/page"}],"author":[{"embeddable":true,"href":"https:\/\/iicstoccolma.esteri.it\/sv\/wp-json\/wp\/v2\/users\/1"}],"replies":[{"embeddable":true,"href":"https:\/\/iicstoccolma.esteri.it\/sv\/wp-json\/wp\/v2\/comments?post=122"}],"version-history":[{"count":8,"href":"https:\/\/iicstoccolma.esteri.it\/sv\/wp-json\/wp\/v2\/pages\/122\/revisions"}],"predecessor-version":[{"id":50594,"href":"https:\/\/iicstoccolma.esteri.it\/sv\/wp-json\/wp\/v2\/pages\/122\/revisions\/50594"}],"up":[{"embeddable":true,"href":"https:\/\/iicstoccolma.esteri.it\/sv\/wp-json\/wp\/v2\/pages\/104"}],"wp:attachment":[{"href":"https:\/\/iicstoccolma.esteri.it\/sv\/wp-json\/wp\/v2\/media?parent=122"}],"curies":[{"name":"wp","href":"https:\/\/api.w.org\/{rel}","templated":true}]}}