{"id":121,"date":"2023-04-03T20:56:23","date_gmt":"2023-04-03T18:56:23","guid":{"rendered":"https:\/\/iicstoccolma.esteri.it\/lingua-e-cultura\/studiare-in-italia\/"},"modified":"2026-03-04T17:35:04","modified_gmt":"2026-03-04T16:35:04","slug":"studiare-in-italia","status":"publish","type":"page","link":"https:\/\/iicstoccolma.esteri.it\/sv\/lingua-e-cultura\/studiare-in-italia\/","title":{"rendered":"Studera i Italien"},"content":{"rendered":"<p class=\"titoloNotizia\"><span class=\"titoloNotizia\">Detaljerad information\u00a0om hur man g\u00e5r tillv\u00e4ga (ans\u00f6kan, \u00f6vers\u00e4ttning av betyg, osv.) f\u00f6r att studera vid ett italienskt Universitet\u00a0ges av det Italienska Konsulatet i Stockholm.<\/span><\/p>\n<p>F\u00f6r att bes\u00f6ka Konsulatets hemsida klicka\u00a0<a href=\"https:\/\/ambstoccolma.esteri.it\/en\/servizi-consolari-e-visti\/servizi-per-il-cittadino-straniero\/dichiarazione-di-valore-per-titoli-di-studio-e-professionali\/\">h\u00e4r<\/a>,\u00a0eller kontakta dem per telefon, 08 &#8211; 545 671 00,\u00a0eller per e-post,\u00a0<a href=\"mailto:stoccolma.consolare@esteri.it\">stoccolma.consolare@esteri.it<\/a>\u00a0<span class=\"titoloCategoria\"><br \/>\n<\/span><span class=\"titoloNotizia\"><span class=\"titoloCategoria\"><br \/>\n<\/span><\/span><\/p>\n<hr \/>\n<h3 class=\"titoloNotizia\"><\/h3>\n<p class=\"titoloNotizia\"><strong><span class=\"titoloNotizia\">UNIVERSITET<\/span><\/strong><\/p>\n<p>Allm\u00e4n information om hur de italienska Universiteten fungerar finns p\u00e5 f\u00f6ljande hemsida\u00a0<a href=\"https:\/\/www.miur.gov.it\/web\/guest\/sistema_universitario\" target=\"_blank\" rel=\"noopener\">MIM<\/a><\/p>\n<p><span class=\"titoloNotizia\"><strong>Universitetsf\u00f6rteckning<\/strong><br \/>\n<\/span><br \/>\nF\u00f6rteckningar \u00f6ver de italienska Universiteten finns bla. p\u00e5 nedanst\u00e5ende hemsidor<\/p>\n<ul>\n<li><a href=\"https:\/\/www.universitaly.it\/\">UniversItaly<\/a><\/li>\n<li><a href=\"https:\/\/www.crui.it\/atenei-e-rettori-crui\/atenei-associati.html\" target=\"_blank\" rel=\"noopener\">CRUI<\/a><\/li>\n<\/ul>\n<p><span class=\"titoloNotizia\"><strong>Inskrivning f\u00f6r utl\u00e4ndska studenter<\/strong><\/span><\/p>\n<p>Information f\u00f6r utl\u00e4ndska studenter som \u00f6nskar skriva in sig p\u00e5 italienska Universitet \u00e5terfinns p\u00e5 f\u00f6ljande hemsidor:\u00a0<a href=\"https:\/\/www.universitaly.it\/first-steps\">UniversItaly<\/a>\u00a0och\u00a0<a href=\"https:\/\/www.studiare-in-italia.it\/studentistranieri\/\" target=\"_blank\" rel=\"noopener\">MUR<\/a>.<\/p>\n<p><strong>Studiebidrag<\/strong><br \/>\nEn lista med universitet som erbjuder studiebidrag f\u00f6r utl\u00e4ndska studenter kan hittas p\u00e5 denna sida: <a href=\"https:\/\/www.esteri.it\/it\/servizi-opportunita\/opportunita\/borse-di-studio\/per-cittadini-stranieri\/borse-di-studio-offerte-dalle-universita\/\">Borse di Studio offerte dalle Universit\u00e0 \u2013 MAECI<\/a><\/p>\n<p>&nbsp;<\/p>\n<p class=\"titoloNotizia\"><strong>SKOLOR<\/strong><\/p>\n<p>Allm\u00e4n information om det italienska skolsystemet \u00e5terfinns p\u00e5 hemsidan\u00a0<a href=\"https:\/\/www.miur.gov.it\/web\/guest\/scuola\" target=\"_blank\" rel=\"noopener\">MIM<\/a>.<\/p>\n<p class=\"titoloNotizia\"><strong>H\u00d6GRE KONST- OCH MUSIKUTBILDNINGAR<\/strong><\/p>\n<p>Komplett lista finns p\u00e5 f\u00f6ljande hemsida\u00a0<a href=\"https:\/\/www.mur.gov.it\/it\/aree-tematiche\/afam\/gli-istituti\" target=\"_blank\" rel=\"noopener\">(MUR)<\/a><\/p>\n<p><strong><span class=\"titoloNotizia\">HUR MAN BLIR L\u00c4RARE I ITALIENSKA SOM FR\u00c4MMANDE SPR\u00c5K<\/span><\/strong><\/p>\n<ul>\n<li><a href=\"https:\/\/www.itals.it\/\" target=\"_blank\" rel=\"noopener\">ITALS-projektet<\/a>\u00a0&#8211; Institutionen f\u00f6r Spr\u00e5kvetenskap vid Univeristetet\u00a0Ca&#8217; Foscari i Venedig<\/li>\n<li><a href=\"https:\/\/ditals.unistrasi.it\/home.asp\" target=\"_blank\" rel=\"noopener\">DITALS<\/a>\u00a0&#8211; Beh\u00f6righetsintyg i\u00a0<em>Undervisning i italienska f\u00f6r utl\u00e4nningar<\/em>\u00a0&#8211;\u00a0Universit\u00e0 per Stranieri di Siena (Universitetet f\u00f6r Utl\u00e4nningar i Siena)<\/li>\n<li><a href=\"https:\/\/www.unistrapg.it\/it\/studiare-in-un-ateneo-internazionale\/corsi-di-laurea-e-laurea-magistrale\/italiano-per-l-insegnamento-a-stranieri-itas\" target=\"_blank\" rel=\"noopener\" data-mce-tmp=\"1\">Examen i undervisning i det italienska spr\u00e5ket och kulturen f\u00f6r utl\u00e4nningar<\/a>\u00a0&#8211; Universit\u00e0 per Stranieri di Perugia (Universitetet f\u00f6r Utl\u00e4nningar i Perugia)<\/li>\n<\/ul>\n<p><span class=\"titoloNotizia\"><br \/>\n<strong>BOENDE UNDER STUDIETIDEN<\/strong><\/span><\/p>\n<p>Vanligtvis kan m\u00e5nga av de italienska universiteten (de st\u00f6rre) hj\u00e4lpa till att hitta boende p\u00e5 sina respektive capumsomr\u00e5de. Skulle det universitet som du t\u00e4nkt dig att studera vid inte ha m\u00f6jlighet till detta kan vi \u00e4ven tipsa om f\u00f6ljande boendealternativ:<\/p>\n<ul>\n<li><a href=\"http:\/\/www.collegiuniversitari.it\/\">www.collegiuniversitari.it<\/a><\/li>\n<li><a href=\"http:\/\/www.fondazionerui.it\/\">www.fondazionerui.it<\/a><\/li>\n<li><a href=\"http:\/\/www.camplus.it\/\">www.camplus.it<\/a><\/li>\n<\/ul>\n<p>(Italienska Kulturinstitutet och Italienska Utrikesdepartementet kan ej h\u00e5llas ansvariga f\u00f6r eventuella fel och brister vid ovanst\u00e5ende boenden.)<\/p>\n<p>&nbsp;<\/p>\n<p><strong>STUDERA ITALIENSKA I ITALIEN<\/strong><\/p>\n<p>Italienska Kulturinstitutet i Stockholm har avtal med ett antal spr\u00e5kskolor i Italien som g\u00f6r det m\u00f6jligt f\u00f6r oss att erbjuda billigare kursavgifter. V\u00e4nligen se <a href=\"https:\/\/iicstoccolma.esteri.it\/sv\/lingua-e-cultura\/borse-di-studio\/\">sidan till\u00e4gnad detta<\/a> p\u00e5 v\u00e5r hemsida.<\/p>\n","protected":false},"excerpt":{"rendered":"Detaljerad information\u00a0om hur man g\u00e5r tillv\u00e4ga (ans\u00f6kan, \u00f6vers\u00e4ttning av betyg, osv.) f\u00f6r att studera vid ett italienskt Universitet\u00a0ges av det Italienska Konsulatet i Stockholm. F\u00f6r att bes\u00f6ka Konsulatets hemsida klicka\u00a0h\u00e4r,\u00a0eller kontakta dem per telefon, 08 &#8211; 545 671 00,\u00a0eller per e-post,\u00a0stoccolma.consolare@esteri.it\u00a0 UNIVERSITET Allm\u00e4n information om hur de italienska Universiteten fungerar finns p\u00e5 f\u00f6ljande hemsida\u00a0MIM Universitetsf\u00f6rteckning [&hellip;]","protected":false},"author":1,"featured_media":0,"parent":104,"menu_order":8,"comment_status":"closed","ping_status":"closed","template":"","meta":{"footnotes":""},"class_list":["post-121","page","type-page","status-publish","hentry"],"_links":{"self":[{"href":"https:\/\/iicstoccolma.esteri.it\/sv\/wp-json\/wp\/v2\/pages\/121","targetHints":{"allow":["GET"]}}],"collection":[{"href":"https:\/\/iicstoccolma.esteri.it\/sv\/wp-json\/wp\/v2\/pages"}],"about":[{"href":"https:\/\/iicstoccolma.esteri.it\/sv\/wp-json\/wp\/v2\/types\/page"}],"author":[{"embeddable":true,"href":"https:\/\/iicstoccolma.esteri.it\/sv\/wp-json\/wp\/v2\/users\/1"}],"replies":[{"embeddable":true,"href":"https:\/\/iicstoccolma.esteri.it\/sv\/wp-json\/wp\/v2\/comments?post=121"}],"version-history":[{"count":6,"href":"https:\/\/iicstoccolma.esteri.it\/sv\/wp-json\/wp\/v2\/pages\/121\/revisions"}],"predecessor-version":[{"id":54512,"href":"https:\/\/iicstoccolma.esteri.it\/sv\/wp-json\/wp\/v2\/pages\/121\/revisions\/54512"}],"up":[{"embeddable":true,"href":"https:\/\/iicstoccolma.esteri.it\/sv\/wp-json\/wp\/v2\/pages\/104"}],"wp:attachment":[{"href":"https:\/\/iicstoccolma.esteri.it\/sv\/wp-json\/wp\/v2\/media?parent=121"}],"curies":[{"name":"wp","href":"https:\/\/api.w.org\/{rel}","templated":true}]}}