{"id":106,"date":"2023-04-03T20:55:55","date_gmt":"2023-04-03T18:55:55","guid":{"rendered":"https:\/\/iicstoccolma.esteri.it\/lingua-e-cultura\/borse-di-studio\/"},"modified":"2026-03-06T13:02:37","modified_gmt":"2026-03-06T12:02:37","slug":"borse-di-studio","status":"publish","type":"page","link":"https:\/\/iicstoccolma.esteri.it\/sv\/lingua-e-cultura\/borse-di-studio\/","title":{"rendered":"Stipendier"},"content":{"rendered":"<p>Ett antal stipendier erbjuds varje \u00e5r av privata spr\u00e5kskolor i Italien f\u00f6r att helt eller delvis t\u00e4cka kurskostnaden. Stipendiaten f\u00e5r sj\u00e4lv bekosta resa, mat och logi. V\u00e4rt att notera \u00e4r att m\u00e5nga skolor kr\u00e4ver att s\u00f6kanden betalar en mindre anm\u00e4lningsavgift.\u00a0Utbetalning av stipendier sker ej i form av pengar och \u00e4r inte retroaktiv.<\/p>\n<p>F\u00f6r att se de skolor som erbjuder studiebidrag till studenter som ans\u00f6ker via v\u00e5rt Institut, v\u00e4nligen se filen l\u00e4nkad nedan:<\/p>\n<p><a href=\"https:\/\/iicstoccolma.esteri.it\/wp-content\/uploads\/2026\/03\/Italienskaskolor-i-Italien-2026.xlsx\">Italienskaskolor i Italien 2026<\/a><\/p>\n<p>Ytterligare information kan f\u00e5s via mejl p\u00e5 <strong><a href=\"mailto:stockholm.segreteria@esteri.it\">stockholm.segreteria@esteri.it<\/a><\/strong>.<\/p>\n<p>M\u00e5nga skolor \u00e4r \u00e4ven CSN-ber\u00e4ttigade.<\/p>\n<hr \/>\n<p><em>OBS! H\u00e4nvisning till samtliga skolor g\u00f6rs enbart i informationssyfte. Italienska Kulturinstitutet kan d\u00e4rmed ej h\u00e5llas ansvarigt f\u00f6r eventuellt bristande kvalitet eller andra tillkortakommanden hos dessa skolor.<\/em><\/p>\n","protected":false},"excerpt":{"rendered":"Ett antal stipendier erbjuds varje \u00e5r av privata spr\u00e5kskolor i Italien f\u00f6r att helt eller delvis t\u00e4cka kurskostnaden. Stipendiaten f\u00e5r sj\u00e4lv bekosta resa, mat och logi. V\u00e4rt att notera \u00e4r att m\u00e5nga skolor kr\u00e4ver att s\u00f6kanden betalar en mindre anm\u00e4lningsavgift.\u00a0Utbetalning av stipendier sker ej i form av pengar och \u00e4r inte retroaktiv. F\u00f6r att se [&hellip;]","protected":false},"author":1,"featured_media":0,"parent":104,"menu_order":2,"comment_status":"closed","ping_status":"closed","template":"","meta":{"footnotes":""},"class_list":["post-106","page","type-page","status-publish","hentry"],"_links":{"self":[{"href":"https:\/\/iicstoccolma.esteri.it\/sv\/wp-json\/wp\/v2\/pages\/106","targetHints":{"allow":["GET"]}}],"collection":[{"href":"https:\/\/iicstoccolma.esteri.it\/sv\/wp-json\/wp\/v2\/pages"}],"about":[{"href":"https:\/\/iicstoccolma.esteri.it\/sv\/wp-json\/wp\/v2\/types\/page"}],"author":[{"embeddable":true,"href":"https:\/\/iicstoccolma.esteri.it\/sv\/wp-json\/wp\/v2\/users\/1"}],"replies":[{"embeddable":true,"href":"https:\/\/iicstoccolma.esteri.it\/sv\/wp-json\/wp\/v2\/comments?post=106"}],"version-history":[{"count":8,"href":"https:\/\/iicstoccolma.esteri.it\/sv\/wp-json\/wp\/v2\/pages\/106\/revisions"}],"predecessor-version":[{"id":54566,"href":"https:\/\/iicstoccolma.esteri.it\/sv\/wp-json\/wp\/v2\/pages\/106\/revisions\/54566"}],"up":[{"embeddable":true,"href":"https:\/\/iicstoccolma.esteri.it\/sv\/wp-json\/wp\/v2\/pages\/104"}],"wp:attachment":[{"href":"https:\/\/iicstoccolma.esteri.it\/sv\/wp-json\/wp\/v2\/media?parent=106"}],"curies":[{"name":"wp","href":"https:\/\/api.w.org\/{rel}","templated":true}]}}