{"id":105,"date":"2023-04-03T20:55:37","date_gmt":"2023-04-03T18:55:37","guid":{"rendered":"https:\/\/iicstoccolma.esteri.it\/lingua-e-cultura\/i-corsi-di-lingua\/"},"modified":"2023-10-03T16:11:09","modified_gmt":"2023-10-03T14:11:09","slug":"i-corsi-di-lingua","status":"publish","type":"page","link":"https:\/\/iicstoccolma.esteri.it\/sv\/lingua-e-cultura\/i-corsi-di-lingua\/","title":{"rendered":"Spr\u00e5kkurser"},"content":{"rendered":"<p><strong>Spr\u00e5kkurserna<\/strong>\u00a0p\u00e5\u00a0<strong>Italienska Kulturinstitutet<\/strong> organiseras i samarbete med spr\u00e5kskolan\u00a0<strong>Folkuniversitetet<\/strong>. I kursutbudet finns allt fr\u00e5n nyb\u00f6rjarkurser till avancerade kurser och konversationskurser, baserat p\u00e5 den europeiska referensramen f\u00f6r spr\u00e5k. Lektionerna h\u00e5lls vanligen mellan m\u00e5ndag och onsdag, b\u00e5de p\u00e5 dagtid och p\u00e5 kv\u00e4llstid. I anm\u00e4lan ing\u00e5r tillg\u00e5ng till v\u00e5rt bibliotek, d\u00e4r studenterna kan hitta sk\u00f6nlitter\u00e4ra b\u00f6cker, barnlitteratur och l\u00e4ttl\u00e4st litteratur.<\/p>\n<p>L\u00e4rarna, som har valts av Folkuniversitetet, \u00e4r modersm\u00e5lstalare och har l\u00e4rarerfarenhet och vanligen en akademisk utbildning inom lingvistik och italianistik.<\/p>\n<p>F\u00f6r mer information, v\u00e4nligen bes\u00f6k Folkuniversitets hemsida genom att klicka\u00a0<a href=\"https:\/\/www.folkuniversitetet.se\/kurser-utbildningar\/sprak\/italienska\/\">h\u00e4r<\/a>.<\/p>\n<p><img loading=\"lazy\" decoding=\"async\" class=\"alignnone size-medium wp-image-202 img-fluid\" src=\"https:\/\/iicstoccolma.esteri.it\/wp-content\/uploads\/2023\/10\/F-rossonero-300x72.png\" alt=\"\" width=\"300\" height=\"72\" srcset=\"https:\/\/iicstoccolma.esteri.it\/wp-content\/uploads\/2023\/10\/F-rossonero-300x72.png 300w, https:\/\/iicstoccolma.esteri.it\/wp-content\/uploads\/2023\/10\/F-rossonero.png 358w\" sizes=\"auto, (max-width: 300px) 100vw, 300px\" \/><\/p>\n","protected":false},"excerpt":{"rendered":"Spr\u00e5kkurserna\u00a0p\u00e5\u00a0Italienska Kulturinstitutet organiseras i samarbete med spr\u00e5kskolan\u00a0Folkuniversitetet. I kursutbudet finns allt fr\u00e5n nyb\u00f6rjarkurser till avancerade kurser och konversationskurser, baserat p\u00e5 den europeiska referensramen f\u00f6r spr\u00e5k. Lektionerna h\u00e5lls vanligen mellan m\u00e5ndag och onsdag, b\u00e5de p\u00e5 dagtid och p\u00e5 kv\u00e4llstid. I anm\u00e4lan ing\u00e5r tillg\u00e5ng till v\u00e5rt bibliotek, d\u00e4r studenterna kan hitta sk\u00f6nlitter\u00e4ra b\u00f6cker, barnlitteratur och l\u00e4ttl\u00e4st litteratur. [&hellip;]","protected":false},"author":1,"featured_media":0,"parent":104,"menu_order":0,"comment_status":"closed","ping_status":"closed","template":"","meta":{"footnotes":""},"class_list":["post-105","page","type-page","status-publish","hentry"],"_links":{"self":[{"href":"https:\/\/iicstoccolma.esteri.it\/sv\/wp-json\/wp\/v2\/pages\/105","targetHints":{"allow":["GET"]}}],"collection":[{"href":"https:\/\/iicstoccolma.esteri.it\/sv\/wp-json\/wp\/v2\/pages"}],"about":[{"href":"https:\/\/iicstoccolma.esteri.it\/sv\/wp-json\/wp\/v2\/types\/page"}],"author":[{"embeddable":true,"href":"https:\/\/iicstoccolma.esteri.it\/sv\/wp-json\/wp\/v2\/users\/1"}],"replies":[{"embeddable":true,"href":"https:\/\/iicstoccolma.esteri.it\/sv\/wp-json\/wp\/v2\/comments?post=105"}],"version-history":[{"count":3,"href":"https:\/\/iicstoccolma.esteri.it\/sv\/wp-json\/wp\/v2\/pages\/105\/revisions"}],"predecessor-version":[{"id":207,"href":"https:\/\/iicstoccolma.esteri.it\/sv\/wp-json\/wp\/v2\/pages\/105\/revisions\/207"}],"up":[{"embeddable":true,"href":"https:\/\/iicstoccolma.esteri.it\/sv\/wp-json\/wp\/v2\/pages\/104"}],"wp:attachment":[{"href":"https:\/\/iicstoccolma.esteri.it\/sv\/wp-json\/wp\/v2\/media?parent=105"}],"curies":[{"name":"wp","href":"https:\/\/api.w.org\/{rel}","templated":true}]}}