{"id":104,"date":"2023-04-03T20:30:34","date_gmt":"2023-04-03T18:30:34","guid":{"rendered":"https:\/\/iicstoccolma.esteri.it\/lingua-e-cultura\/"},"modified":"2024-02-09T14:39:03","modified_gmt":"2024-02-09T13:39:03","slug":"lingua-e-cultura","status":"publish","type":"page","link":"https:\/\/iicstoccolma.esteri.it\/sv\/lingua-e-cultura\/","title":{"rendered":"Spr\u00e5k och kultur"},"content":{"rendered":"<h5>Varje \u00e5r g\u00e5r\u00a0en halv miljon personer v\u00e4rlden \u00f6ver en kurs i italienska.<\/h5>\n<p>&nbsp;<\/p>\n<p><strong><em>VARF\u00d6R G\u00d6R DE DET?<\/em><\/strong><\/p>\n<p><strong>Italienskan \u00e4r kulturens spr\u00e5k<\/strong>. Att beh\u00e4rska den ger s\u00e5ledes tillg\u00e5ng till ett oumb\u00e4rligt\u00a0litter\u00e4rt arv vad betr\u00e4ffar\u00a0den europeiska historien,\u00a0till v\u00e4rdefulla\u00a0humanistiska och vetenskapliga texter, till teater, musik, opera, film.<\/p>\n<p><strong>Italienskan \u00e4r\u00a0ett studiespr\u00e5k<\/strong>. Ett otal personer v\u00e4ljer varje \u00e5r att studera vid italienska skolor, universitet, h\u00f6gskolor och l\u00e4roverk.<\/p>\n<p><strong>Italienskan \u00e4r ett<\/strong> <strong>arbetsspr\u00e5k.<\/strong> Aff\u00e4rsm\u00e4n, investerare, tekniker, och arbetare kommer alla i kontakt med den italienska industrin, hantverket och tj\u00e4nstesektorn som str\u00e4cker sig l\u00e5ngt utanf\u00f6r Italiens gr\u00e4nser.<\/p>\n<p>Talar man italienska\u00a0blir det ocks\u00e5 mer njutningsfullt att bes\u00f6ka Italien med dess kulturst\u00e4der och m\u00e5nga\u00a0sev\u00e4rdheter.<\/p>\n","protected":false},"excerpt":{"rendered":"Varje \u00e5r g\u00e5r\u00a0en halv miljon personer v\u00e4rlden \u00f6ver en kurs i italienska. &nbsp; VARF\u00d6R G\u00d6R DE DET? Italienskan \u00e4r kulturens spr\u00e5k. Att beh\u00e4rska den ger s\u00e5ledes tillg\u00e5ng till ett oumb\u00e4rligt\u00a0litter\u00e4rt arv vad betr\u00e4ffar\u00a0den europeiska historien,\u00a0till v\u00e4rdefulla\u00a0humanistiska och vetenskapliga texter, till teater, musik, opera, film. Italienskan \u00e4r\u00a0ett studiespr\u00e5k. Ett otal personer v\u00e4ljer varje \u00e5r att studera [&hellip;]","protected":false},"author":1,"featured_media":0,"parent":0,"menu_order":4,"comment_status":"closed","ping_status":"closed","template":"","meta":{"footnotes":""},"class_list":["post-104","page","type-page","status-publish","hentry"],"_links":{"self":[{"href":"https:\/\/iicstoccolma.esteri.it\/sv\/wp-json\/wp\/v2\/pages\/104","targetHints":{"allow":["GET"]}}],"collection":[{"href":"https:\/\/iicstoccolma.esteri.it\/sv\/wp-json\/wp\/v2\/pages"}],"about":[{"href":"https:\/\/iicstoccolma.esteri.it\/sv\/wp-json\/wp\/v2\/types\/page"}],"author":[{"embeddable":true,"href":"https:\/\/iicstoccolma.esteri.it\/sv\/wp-json\/wp\/v2\/users\/1"}],"replies":[{"embeddable":true,"href":"https:\/\/iicstoccolma.esteri.it\/sv\/wp-json\/wp\/v2\/comments?post=104"}],"version-history":[{"count":6,"href":"https:\/\/iicstoccolma.esteri.it\/sv\/wp-json\/wp\/v2\/pages\/104\/revisions"}],"predecessor-version":[{"id":33337,"href":"https:\/\/iicstoccolma.esteri.it\/sv\/wp-json\/wp\/v2\/pages\/104\/revisions\/33337"}],"wp:attachment":[{"href":"https:\/\/iicstoccolma.esteri.it\/sv\/wp-json\/wp\/v2\/media?parent=104"}],"curies":[{"name":"wp","href":"https:\/\/api.w.org\/{rel}","templated":true}]}}