{"id":103,"date":"2023-04-03T20:55:21","date_gmt":"2023-04-03T18:55:21","guid":{"rendered":"https:\/\/iicstoccolma.esteri.it\/chi-siamo\/contatti\/"},"modified":"2026-01-27T14:36:45","modified_gmt":"2026-01-27T13:36:45","slug":"contatti","status":"publish","type":"page","link":"https:\/\/iicstoccolma.esteri.it\/sv\/chi-siamo\/contatti\/","title":{"rendered":"Kontakt"},"content":{"rendered":"<h5><span class=\"titoloRosso\">Italienska Kulturinstitutet &#8221;C.M. Lerici&#8221;<\/span><br \/>\nG\u00e4rdesgatan 14, 115 27 Stockholm<br \/>\n+46 (0)8 &#8211; 54 58 57 63<\/h5>\n<p>&nbsp;<\/p>\n<p><strong>Allm\u00e4nna fr\u00e5gor:<\/strong> <a href=\"mailto:iicstoccolma@esteri.it\">iicstoccolma@esteri.it<\/a><\/p>\n<p><strong>Sekretariat:<\/strong> <a href=\"mailto:stockholm.segreteria@esteri.it\">stockholm.segreteria@esteri.it<\/a><\/p>\n<p><a href=\"https:\/\/iicstoccolma.esteri.it\/sv\/chi-siamo\/contatti\/proposte-culturali\/\"><strong>Eventf\u00f6rslag<\/strong><\/a>: <a href=\"mailto:stockholm.proposte@esteri.it\">stockholm.proposte@esteri.it<\/a><\/p>\n<p><a href=\"https:\/\/iicstoccolma.esteri.it\/sv\/lingua-e-cultura\/biblioteca\/\"><strong>Bibliotek<\/strong><\/a>: <a class=\"focus--mouse\" href=\"mailto:bibliotek.iicstockholm@esteri.it\" data-focus-mouse=\"true\">bibliotek.iicstockholm@esteri.it<\/a><\/p>\n<p>&nbsp;<\/p>\n<p><strong>Institutets \u00f6ppettider<\/strong><\/p>\n<ul>\n<li>M\u00e5ndag: 9:30-13:00 &amp; 14:00-16:30<\/li>\n<li>Tisdag: 9:30-13:00 &amp; 14:00-16:30<\/li>\n<li>Onsdag: 9:30-13:00 &amp; 14:00-16:30<\/li>\n<li>Torsdag: 9:30-13:00 &amp; 14:00-16:30<\/li>\n<li>Fredag 9:30-13:00<\/li>\n<li>L\u00f6rdag: st\u00e4ngt<\/li>\n<li>S\u00f6ndag: st\u00e4ngt<\/li>\n<\/ul>\n<p><strong>Hitta till Institutet<\/strong><\/p>\n<ul>\n<li>Buss 69: h\u00e5llplats Ambassaderna<\/li>\n<li>Buss 72: h\u00e5llplats Hakberget<\/li>\n<li>Buss 4: h\u00e5llplats Radiohuset<\/li>\n<li>Tunnelbana: r\u00f6da linjen 13, station Karlaplan<\/li>\n<\/ul>\n<p><strong><span class=\"titoloRosso\">Helgst\u00e4ngt 2026<\/span><\/strong><\/p>\n<div class=\"col-lg-8\">\n<article id=\"post-719\" class=\"post-719 page type-page status-publish hentry\">\n<div class=\"entry-content\">\n<ul>\n<li>01 januari<i>\u00a0<\/i>\u2013 NY\u00c5RSDAGEN<\/li>\n<li>06 januari<i>\u00a0<\/i>\u2013 TRETTONDAGEN<\/li>\n<li>03 april<i>\u00a0<\/i>\u2013 L\u00c5NGFREDAGEN<\/li>\n<li>06 april<i>\u00a0<\/i>\u2013 ANNANDAG P\u00c5SK<\/li>\n<li>25 april<em>\u00a0<\/em>\u2013 ITALIENS BEFRIELSEDAG<\/li>\n<li>01 maj<i>\u00a0<\/i>\u2013 F\u00d6RSTA MAJ<\/li>\n<li>02 juni<i>\u00a0<\/i>\u2013 ITALIENSKA REPUBLIKENS DAG<\/li>\n<li>06 juni<i>\u00a0<\/i>\u2013 SVERIGES NATIONALDAG<\/li>\n<li>04 oktober &#8211; SANKT FRANCISKUS<\/li>\n<li>24 december<i>\u00a0<\/i>\u2013 JULAFTON<\/li>\n<li>25 december<em>\u00a0<\/em>\u2013 JULDAGEN<\/li>\n<li>26 december<i>\u00a0<\/i>\u2013 ANNANDAG JUL<\/li>\n<\/ul>\n<div class=\"col-lg-8\">\n<article id=\"post-719\" class=\"post-719 page type-page status-publish hentry\">\n<div class=\"entry-content\">\n<p><strong>Bli medlem<\/strong><\/p>\n<p>F\u00f6r att bli\u00a0<strong>medlem<\/strong> i Italienska Kulturinstitutet \u201dC.M. Lerici\u201d skall man betala in medlemsavgiften p\u00e5 350 kr f\u00f6r vuxna eller 150 kr f\u00f6r pension\u00e4rer (gratis f\u00f6r studerande). Mer information om registrering <a href=\"https:\/\/iicstoccolma.esteri.it\/sv\/lingua-e-cultura\/biblioteca\/diventare-soci\/\">h\u00e4r<\/a>.<\/p>\n<\/div>\n<\/article>\n<\/div>\n<div class=\"entry-content\">\n<p>Medlemskapet g\u00e4ller sedan i\u00a0<strong>12 m\u00e5nader<\/strong>\u00a0from inbetalningsdatumet och ber\u00e4ttigar till f\u00f6ljande:<\/p>\n<ul>\n<li><a href=\"https:\/\/iicstoccolma.esteri.it\/sv\/lingua-e-cultura\/biblioteca\/\">biblioteksl\u00e5n<\/a>;<\/li>\n<li>fritt intr\u00e4de till n\u00e5gra evenemang som institutet arrangerar i samarbete med andra kulturinstitutioner;<\/li>\n<li>fribiljetter till f\u00f6rhandsvisningar av nya filmer.<\/li>\n<\/ul>\n<\/div>\n<\/div>\n<\/article>\n<\/div>\n<p>&nbsp;<\/p>\n<hr \/>\n<p><strong>F\u00f6lj oss p\u00e5 v\u00e5ra sociala medier!<\/strong><\/p>\n<p><b>IG: @iicstoccolma <\/b><img loading=\"lazy\" decoding=\"async\" class=\" img-fluid alignnone wp-image-29384\" src=\"https:\/\/iicstoccolma.esteri.it\/wp-content\/uploads\/2023\/12\/IG.png\" alt=\"\" width=\"68\" height=\"68\" srcset=\"https:\/\/iicstoccolma.esteri.it\/wp-content\/uploads\/2023\/12\/IG.png 1023w, https:\/\/iicstoccolma.esteri.it\/wp-content\/uploads\/2023\/12\/IG-300x300.png 300w, https:\/\/iicstoccolma.esteri.it\/wp-content\/uploads\/2023\/12\/IG-150x150.png 150w, https:\/\/iicstoccolma.esteri.it\/wp-content\/uploads\/2023\/12\/IG-768x768.png 768w\" sizes=\"auto, (max-width: 68px) 100vw, 68px\" \/> <b>FB:<\/b>\u00a0<b><\/b><img loading=\"lazy\" decoding=\"async\" class=\" img-fluid alignnone wp-image-29382\" src=\"https:\/\/iicstoccolma.esteri.it\/wp-content\/uploads\/2023\/12\/FB.png\" alt=\"\" width=\"68\" height=\"68\" srcset=\"https:\/\/iicstoccolma.esteri.it\/wp-content\/uploads\/2023\/12\/FB.png 1015w, https:\/\/iicstoccolma.esteri.it\/wp-content\/uploads\/2023\/12\/FB-300x300.png 300w, https:\/\/iicstoccolma.esteri.it\/wp-content\/uploads\/2023\/12\/FB-150x150.png 150w, https:\/\/iicstoccolma.esteri.it\/wp-content\/uploads\/2023\/12\/FB-768x768.png 768w\" sizes=\"auto, (max-width: 68px) 100vw, 68px\" \/><\/p>\n","protected":false},"excerpt":{"rendered":"Italienska Kulturinstitutet &#8221;C.M. Lerici&#8221; G\u00e4rdesgatan 14, 115 27 Stockholm +46 (0)8 &#8211; 54 58 57 63 &nbsp; Allm\u00e4nna fr\u00e5gor: iicstoccolma@esteri.it Sekretariat: stockholm.segreteria@esteri.it Eventf\u00f6rslag: stockholm.proposte@esteri.it Bibliotek: bibliotek.iicstockholm@esteri.it &nbsp; Institutets \u00f6ppettider M\u00e5ndag: 9:30-13:00 &amp; 14:00-16:30 Tisdag: 9:30-13:00 &amp; 14:00-16:30 Onsdag: 9:30-13:00 &amp; 14:00-16:30 Torsdag: 9:30-13:00 &amp; 14:00-16:30 Fredag 9:30-13:00 L\u00f6rdag: st\u00e4ngt S\u00f6ndag: st\u00e4ngt Hitta till Institutet Buss [&hellip;]","protected":false},"author":1,"featured_media":0,"parent":99,"menu_order":4,"comment_status":"closed","ping_status":"closed","template":"","meta":{"footnotes":""},"class_list":["post-103","page","type-page","status-publish","hentry"],"_links":{"self":[{"href":"https:\/\/iicstoccolma.esteri.it\/sv\/wp-json\/wp\/v2\/pages\/103","targetHints":{"allow":["GET"]}}],"collection":[{"href":"https:\/\/iicstoccolma.esteri.it\/sv\/wp-json\/wp\/v2\/pages"}],"about":[{"href":"https:\/\/iicstoccolma.esteri.it\/sv\/wp-json\/wp\/v2\/types\/page"}],"author":[{"embeddable":true,"href":"https:\/\/iicstoccolma.esteri.it\/sv\/wp-json\/wp\/v2\/users\/1"}],"replies":[{"embeddable":true,"href":"https:\/\/iicstoccolma.esteri.it\/sv\/wp-json\/wp\/v2\/comments?post=103"}],"version-history":[{"count":10,"href":"https:\/\/iicstoccolma.esteri.it\/sv\/wp-json\/wp\/v2\/pages\/103\/revisions"}],"predecessor-version":[{"id":53011,"href":"https:\/\/iicstoccolma.esteri.it\/sv\/wp-json\/wp\/v2\/pages\/103\/revisions\/53011"}],"up":[{"embeddable":true,"href":"https:\/\/iicstoccolma.esteri.it\/sv\/wp-json\/wp\/v2\/pages\/99"}],"wp:attachment":[{"href":"https:\/\/iicstoccolma.esteri.it\/sv\/wp-json\/wp\/v2\/media?parent=103"}],"curies":[{"name":"wp","href":"https:\/\/api.w.org\/{rel}","templated":true}]}}