{"id":101,"date":"2023-04-03T20:54:50","date_gmt":"2023-04-03T18:54:50","guid":{"rendered":"https:\/\/iicstoccolma.esteri.it\/chi-siamo\/il-personale\/"},"modified":"2025-10-20T10:35:05","modified_gmt":"2025-10-20T08:35:05","slug":"il-personale","status":"publish","type":"page","link":"https:\/\/iicstoccolma.esteri.it\/sv\/chi-siamo\/il-personale\/","title":{"rendered":"Personal"},"content":{"rendered":"<p><strong>Direkt\u00f6r och Kulturattach\u00e9<br \/>\n<\/strong>Francesco Di Lella<em><br \/>\n<\/em><\/p>\n<p><strong>Vicedirekt\u00f6r<\/strong><br \/>\nCarlo Biason<\/p>\n<p><strong>Reception<br \/>\n<\/strong>Adele Sala Danna<br \/>\n<a href=\"mailto:iicstoccolma@esteri.it\">iicstoccolma@esteri.it<\/a><br \/>\ntel. +46 &#8211; (0)8 &#8211; 54 58 57 63<\/p>\n<p><strong>Kommunikation och Assistans till Direkt\u00f6ren<\/strong><br \/>\nIda Malmberg<br \/>\n<a href=\"mailto:stockholm.segreteria@esteri.it\">stockholm.segreteria@esteri.it<\/a><br \/>\ntel. +46 &#8211; (0)8 &#8211; 54 58 57 64<\/p>\n<p><strong>Redovisning och Evenemangsplanering<br \/>\n<\/strong>Alessandro Bassini<br \/>\n<a href=\"mailto:administration.iicstockholm@esteri.it\">administration.iicstockholm@esteri.it<\/a><br \/>\ntel. +46 &#8211; (0) 8 &#8211; 54 58 57 62<\/p>\n<p><strong>Redovisning och Evenemangsplanering<br \/>\n<\/strong>Patrizia Coggiola<br \/>\n<a href=\"mailto:iicstockholm.administration2@esteri.it\">iicstockholm.administration2@esteri.it<\/a><br \/>\ntel. +46 &#8211; (0) 8 &#8211; 54 58 57 65<\/p>\n","protected":false},"excerpt":{"rendered":"Direkt\u00f6r och Kulturattach\u00e9 Francesco Di Lella Vicedirekt\u00f6r Carlo Biason Reception Adele Sala Danna iicstoccolma@esteri.it tel. +46 &#8211; (0)8 &#8211; 54 58 57 63 Kommunikation och Assistans till Direkt\u00f6ren Ida Malmberg stockholm.segreteria@esteri.it tel. +46 &#8211; (0)8 &#8211; 54 58 57 64 Redovisning och Evenemangsplanering Alessandro Bassini administration.iicstockholm@esteri.it tel. +46 &#8211; (0) 8 &#8211; 54 58 57 [&hellip;]","protected":false},"author":1,"featured_media":0,"parent":99,"menu_order":0,"comment_status":"closed","ping_status":"closed","template":"","meta":{"footnotes":""},"class_list":["post-101","page","type-page","status-publish","hentry"],"_links":{"self":[{"href":"https:\/\/iicstoccolma.esteri.it\/sv\/wp-json\/wp\/v2\/pages\/101","targetHints":{"allow":["GET"]}}],"collection":[{"href":"https:\/\/iicstoccolma.esteri.it\/sv\/wp-json\/wp\/v2\/pages"}],"about":[{"href":"https:\/\/iicstoccolma.esteri.it\/sv\/wp-json\/wp\/v2\/types\/page"}],"author":[{"embeddable":true,"href":"https:\/\/iicstoccolma.esteri.it\/sv\/wp-json\/wp\/v2\/users\/1"}],"replies":[{"embeddable":true,"href":"https:\/\/iicstoccolma.esteri.it\/sv\/wp-json\/wp\/v2\/comments?post=101"}],"version-history":[{"count":7,"href":"https:\/\/iicstoccolma.esteri.it\/sv\/wp-json\/wp\/v2\/pages\/101\/revisions"}],"predecessor-version":[{"id":49812,"href":"https:\/\/iicstoccolma.esteri.it\/sv\/wp-json\/wp\/v2\/pages\/101\/revisions\/49812"}],"up":[{"embeddable":true,"href":"https:\/\/iicstoccolma.esteri.it\/sv\/wp-json\/wp\/v2\/pages\/99"}],"wp:attachment":[{"href":"https:\/\/iicstoccolma.esteri.it\/sv\/wp-json\/wp\/v2\/media?parent=101"}],"curies":[{"name":"wp","href":"https:\/\/api.w.org\/{rel}","templated":true}]}}