{"id":637,"date":"2023-10-12T16:21:18","date_gmt":"2023-10-12T14:21:18","guid":{"rendered":"https:\/\/iicstoccolma.esteri.it\/?page_id=637"},"modified":"2023-12-15T12:18:16","modified_gmt":"2023-12-15T11:18:16","slug":"pilade","status":"publish","type":"page","link":"https:\/\/iicstoccolma.esteri.it\/it\/lingua-e-cultura\/pubblicazioni-delliic\/cartaditalia\/pilade\/","title":{"rendered":"Pier Paolo Pasolini, &#8220;Pilade&#8221;"},"content":{"rendered":"<h5><strong><em>Pilade\u00a0<\/em><\/strong>di <strong>Pier Paolo Pasolini<\/strong>, secondo libro dello scrittore pubblicato in svedese dall&#8217;Istituto Italiano di Cultura, \u00e8 il decimo volume della collana Cartaditalia!<\/h5>\n<p>&nbsp;<\/p>\n<p><i><b>Pilade<\/b><\/i> \u00e8 una delle sei tragedie scritte da Pasolini. L&#8217;opera teatrale fu concepita dallo scrittore nel 1966 e pubblicata l&#8217;anno successivo sulla rivista letteraria romana <i>Nuovi Argomenti<\/i>\u00a0dopo aver completato la traduzione dell&#8217;<i>Orestea<\/i>\u00a0di\u00a0Eschilo, di cui\u00a0<i>Pilade<\/i> rappresenta un <i>sequel<\/i> ideologico. Fu messa in scena per la prima volta nel 1969, al Teatro antico di Taormina.<\/p>\n<p><strong>La trama<br \/>\n<\/strong>Oreste torna trionfalmente nella citt\u00e0 di Argo, dove istituisce il culto di Atena come ringraziamento per l&#8217;aiuto ricevuto durante il processo che lo vedeva imputato per l&#8217;omicidio di Egisto e Clitennestra, a loro volta assassini del padre. Tramite politiche eccessivamente votate al progresso e al futuro e non condivise dalla sorella Elettra e dall&#8217;amico Pilade, il protagonista trasforma l&#8217;economia di Argo in un&#8217;economia capitalista. Pilade non ritiene saggia la decisione di Oreste di ignorare il passato e i suoi preziosi insegnamenti. Errori commessi in precedenza non tardano a riproporsi consentendo a Pilade di smascherare il progetto dell&#8217;amico: gli acclamati cambiamenti introdotti in citt\u00e0 non sono che misure superficiali che non alterano in alcun modo l&#8217;ordine precostituito. Accecato dal potere, il protagonista vede la critica di Pilade come un attacco alla sua autorit\u00e0 e al vecchio amico non resta che l&#8217;esilio. Pilade lascia quindi Argo e si incammina alla ricerca della sua rivoluzione irrealizzabile.<\/p>\n<p><strong>L&#8217;autore<br \/>\n<\/strong><span style=\"text-decoration: underline;\">Pier Paolo Pasolini<\/span> nasce a Bologna nel 1922. Fin da giovane dimostra il suo interesse per la\u00a0cultura popolare e i dialetti italiani, che culmina con la fondazione dell\u2019Academiuta de lenga friulana. Nel 1945, anno in cui viene ucciso il fratello Guido, si laurea in lettere a Bologna. Nel 1954 pubblica una raccolta di poesie in friulano, <em>La meglio giovent\u00f9<\/em>, che gli vale il premio \u201cGiosu\u00e8 Carducci\u201d. Nello stesso anno collabora alla sceneggiatura del film <em>La donna del fiume<\/em>, avvicinandosi cos\u00ec al cinema. L&#8217;anno successivo esce <em>Ragazzi di vita<\/em>, romanzo sulla vita dei ragazzi delle borgate romane, dove nel frattempo si \u00e8 trasferito con la madre. Il libro ottiene un grande successo di pubblico, ma viene anche accusato di oscenit\u00e0, per aver trattato la prostituzione maschile. Pasolini subisce persino un processo, da cui verr\u00e0 tuttavia assolto. Negli anni &#8217;60 fa il suo esordio alla regia con il film <em>Accattone<\/em> (1961), per poi proseguire con <em>Mamma Roma<\/em>\u00a0(1962),\u00a0<em>Il vangelo secondo Matteo<\/em>\u00a0(1964),\u00a0<em>Uccellacci e uccellini<\/em>\u00a0(1965),\u00a0<em>Edipo re<\/em>\u00a0(1967),\u00a0<em>Teorema<\/em>\u00a0(1968) e\u00a0<em>Medea<\/em> (1969). Nei primi anni \u201870 Pasolini si dedica al progetto cinematografico, chiamato \u201ctrittico della vita\u201d, che comprende tre film: <em>Il Decameron<\/em> (1971),\u00a0<em>I racconti di Canterbury<\/em> (1972),\u00a0<em>Il fiore delle Mille e una notte<\/em> (1974). Nel 1975 realizza il suo ultimo e pi\u00f9 discusso film, <em>Sal\u00f2 o le 120 giornate di Sodoma<\/em>, prima di essere assassinato in circostanze non ancora del tutto chiarite a Ostia, vicino Roma.<\/p>\n<p><strong>La copertina<br \/>\n<img loading=\"lazy\" decoding=\"async\" class=\"alignnone size-medium wp-image-27202 img-fluid\" src=\"https:\/\/iicstoccolma.esteri.it\/wp-content\/uploads\/2023\/11\/CopertineCartadItalia_usodigital_220x300px_e3-220x300.png\" alt=\"\" width=\"220\" height=\"300\" srcset=\"https:\/\/iicstoccolma.esteri.it\/wp-content\/uploads\/2023\/11\/CopertineCartadItalia_usodigital_220x300px_e3-220x300.png 220w, https:\/\/iicstoccolma.esteri.it\/wp-content\/uploads\/2023\/11\/CopertineCartadItalia_usodigital_220x300px_e3-751x1024.png 751w, https:\/\/iicstoccolma.esteri.it\/wp-content\/uploads\/2023\/11\/CopertineCartadItalia_usodigital_220x300px_e3-768x1047.png 768w, https:\/\/iicstoccolma.esteri.it\/wp-content\/uploads\/2023\/11\/CopertineCartadItalia_usodigital_220x300px_e3.png 917w\" sizes=\"auto, (max-width: 220px) 100vw, 220px\" \/><br \/>\n<\/strong><\/p>\n<p>&nbsp;<\/p>\n<hr \/>\n<p>Il volume \u00e8 in vendita su <strong><a href=\"https:\/\/www.adlibris.com\/se\/bok\/pylades-9789198030907\">Adlibris<\/a><\/strong> e presso il nostro <strong>Istituto<\/strong> (G\u00e4rdesgatan 14, Stockholm).<\/p>\n","protected":false},"excerpt":{"rendered":"Pilade\u00a0di Pier Paolo Pasolini, secondo libro dello scrittore pubblicato in svedese dall&#8217;Istituto Italiano di Cultura, \u00e8 il decimo volume della collana Cartaditalia! &nbsp; Pilade \u00e8 una delle sei tragedie scritte da Pasolini. L&#8217;opera teatrale fu concepita dallo scrittore nel 1966 e pubblicata l&#8217;anno successivo sulla rivista letteraria romana Nuovi Argomenti\u00a0dopo aver completato la traduzione dell&#8217;Orestea\u00a0di\u00a0Eschilo, [&hellip;]","protected":false},"author":5,"featured_media":0,"parent":276,"menu_order":13,"comment_status":"closed","ping_status":"closed","template":"","meta":{"footnotes":""},"class_list":["post-637","page","type-page","status-publish","hentry"],"_links":{"self":[{"href":"https:\/\/iicstoccolma.esteri.it\/it\/wp-json\/wp\/v2\/pages\/637","targetHints":{"allow":["GET"]}}],"collection":[{"href":"https:\/\/iicstoccolma.esteri.it\/it\/wp-json\/wp\/v2\/pages"}],"about":[{"href":"https:\/\/iicstoccolma.esteri.it\/it\/wp-json\/wp\/v2\/types\/page"}],"author":[{"embeddable":true,"href":"https:\/\/iicstoccolma.esteri.it\/it\/wp-json\/wp\/v2\/users\/5"}],"replies":[{"embeddable":true,"href":"https:\/\/iicstoccolma.esteri.it\/it\/wp-json\/wp\/v2\/comments?post=637"}],"version-history":[{"count":6,"href":"https:\/\/iicstoccolma.esteri.it\/it\/wp-json\/wp\/v2\/pages\/637\/revisions"}],"predecessor-version":[{"id":28158,"href":"https:\/\/iicstoccolma.esteri.it\/it\/wp-json\/wp\/v2\/pages\/637\/revisions\/28158"}],"up":[{"embeddable":true,"href":"https:\/\/iicstoccolma.esteri.it\/it\/wp-json\/wp\/v2\/pages\/276"}],"wp:attachment":[{"href":"https:\/\/iicstoccolma.esteri.it\/it\/wp-json\/wp\/v2\/media?parent=637"}],"curies":[{"name":"wp","href":"https:\/\/api.w.org\/{rel}","templated":true}]}}