{"id":552,"date":"2023-10-11T18:24:36","date_gmt":"2023-10-11T16:24:36","guid":{"rendered":"https:\/\/iicstoccolma.esteri.it\/?page_id=552"},"modified":"2023-12-15T12:16:22","modified_gmt":"2023-12-15T11:16:22","slug":"ferito-a-morte","status":"publish","type":"page","link":"https:\/\/iicstoccolma.esteri.it\/it\/lingua-e-cultura\/pubblicazioni-delliic\/cartaditalia\/ferito-a-morte\/","title":{"rendered":"Raffaele La Capria, &#8220;Ferito a morte&#8221;"},"content":{"rendered":"<h5>Nell\u2019anniversario dei <strong>60 anni<\/strong> dalla vittoria al\u00a0<strong>Premio Strega<\/strong> di Raffaele La Capria e poche settimane dopo il compimento dei 99 anni del suo autore, l\u2019Istituto Italiano di Cultura di Stoccolma ha deciso di dedicare la sua dodicesima pubblicazione della collana <strong>Cartaditalia<\/strong> alla traduzione in svedese di <strong><em>Ferito a morte<\/em><\/strong>, capolavoro della letteratura contemporanea che ha saputo tratteggiare un ritratto della citt\u00e0 di <strong>Napoli<\/strong>\u00a0e dello spirito che la anima i\u00a0quali risultano, ancora oggi, impareggiabili.<\/h5>\n<p>&nbsp;<\/p>\n<p><strong>La trama<\/strong><br \/>\n<span style=\"font-weight: 400;\"><em>Ferito a morte<\/em> racconta di una bella mattina d\u2019estate di Massimo, giovane ragazzo di Napoli che, nel 1954, si prepara a lasciare la sua citt\u00e0 per trasferirsi a Roma. La scrittura di La Capria segue i pensieri di Massimo, muovendosi tra ricordi, impressioni, fantasie, rimpianti, e ci restituisce il ritratto di uomo che sta per lasciare la spensieratezza della giovent\u00f9.<\/span><\/p>\n<blockquote>\n<h6><em>All\u2019ultimo per un solo voto vinse la Capria; la Cialente e Arpino rimasero indietro di un passo. Sebbene il titolo del premio spettasse a La Capria, si poteva dire che i vincitori erano stati tre [\u2026]. Nuovo di tendenza e di linguaggio, <\/em>Ferito a morte<em>\u00a0era il pi\u00f9 difficile per la lettura del pubblico fra i tre libri. Nelle avventure del pescatore subacqueo napoletano si appassivano le fragranze marine esalate dal racconto: e la scrittura a cadenza frammentate e rifrangenti rifletteva il modo di vivere di una societ\u00e0 toccata da un dolore di pigrizia che diventava disfacimento.<\/em><br \/>\n&#8211; Maria Bellonci<\/h6>\n<\/blockquote>\n<p><strong>L&#8217;autore<br \/>\n<\/strong><span style=\"text-decoration: underline;\">Raffaele la Capria<\/span> nasce a Napoli nel 1922. Trent&#8217;anni dopo, in seguito al conseguimento della laurea in giurisprudenza, esordisce col romanzo <em>Un giorno d\u2019impazienza<\/em>, a cui seguono <em>Ferito a morte\u00a0<\/em>(1961) e\u00a0<em>Amore e psiche<\/em> (1973), trilogia che verr\u00e0 poi raccolta nel volume <em>Tre romanzi di una giornata<\/em> (1982). La produzione successiva, a met\u00e0 tra letteratura e saggistica, \u00e8 quasi sempre ambientata a Napoli. Il mestiere dello scrittore \u00e8 invece l\u2019oggetto di\u00a0<em>Letteratura e salti mortali<\/em>\u00a0(1990) e\u00a0<em>L\u2019apprendista scrittore<\/em> (1996). Nei suoi saggi pi\u00f9 recenti, <em>America 1957, a sentimental journey<\/em> (2009) e <em>La bellezza di Roma<\/em> (2014), si focalizza invece rispettivamente sulla societ\u00e0 statunitense del dopoguerra e su Roma, sua citt\u00e0 di adozione. Oltre a comporre letteratura e saggistica La Capria \u00e8 co-sceneggiatore di alcuni film di Francesco Rosi e collaboratore con la RAI per la realizzazione di radiodrammi. Nel 2001 riceve il Premio Campiello alla carriera. Muore a Roma nel 2022.<\/p>\n<p><strong>La copertina<br \/>\n<img loading=\"lazy\" decoding=\"async\" class=\"alignnone size-medium wp-image-5727 img-fluid\" src=\"https:\/\/iicstoccolma.esteri.it\/wp-content\/uploads\/2023\/11\/CopertineCartadItalia_usodigital_220x300px11-1-220x300.png\" alt=\"\" width=\"220\" height=\"300\" srcset=\"https:\/\/iicstoccolma.esteri.it\/wp-content\/uploads\/2023\/11\/CopertineCartadItalia_usodigital_220x300px11-1-220x300.png 220w, https:\/\/iicstoccolma.esteri.it\/wp-content\/uploads\/2023\/11\/CopertineCartadItalia_usodigital_220x300px11-1-751x1024.png 751w, https:\/\/iicstoccolma.esteri.it\/wp-content\/uploads\/2023\/11\/CopertineCartadItalia_usodigital_220x300px11-1-768x1047.png 768w, https:\/\/iicstoccolma.esteri.it\/wp-content\/uploads\/2023\/11\/CopertineCartadItalia_usodigital_220x300px11-1.png 917w\" sizes=\"auto, (max-width: 220px) 100vw, 220px\" \/><br \/>\n<\/strong><\/p>\n<p>&nbsp;<\/p>\n<hr \/>\n<p>Il volume in vendita su <strong><a href=\"https:\/\/www.adlibris.com\/se\/bok\/dodligt-sarad-9789152706213\">Adlibris,<\/a> <a href=\"https:\/\/www.bokus.com\/bok\/9789152706213\/dodligt-sarad\/\">Bokus,<\/a> <a href=\"https:\/\/www.amazon.se\/D%C3%B6dligt-s%C3%A5rad-Raffaele-Capria\/dp\/9152706214\/ref=sr_1_1?crid=31VBK3D8KYCUR&amp;keywords=d%C3%B6dligt+s%C3%A5rad&amp;qid=1697106371&amp;sprefix=d%C3%B6%2Caps%2C2981&amp;sr=8-1\">Amazon<\/a><\/strong> e presso il nostro <strong>Istituto\u00a0<\/strong>(G\u00e4rdesgatan 14, Stockholm).<\/p>\n","protected":false},"excerpt":{"rendered":"Nell\u2019anniversario dei 60 anni dalla vittoria al\u00a0Premio Strega di Raffaele La Capria e poche settimane dopo il compimento dei 99 anni del suo autore, l\u2019Istituto Italiano di Cultura di Stoccolma ha deciso di dedicare la sua dodicesima pubblicazione della collana Cartaditalia alla traduzione in svedese di Ferito a morte, capolavoro della letteratura contemporanea che ha [&hellip;]","protected":false},"author":5,"featured_media":0,"parent":276,"menu_order":11,"comment_status":"closed","ping_status":"closed","template":"","meta":{"footnotes":""},"class_list":["post-552","page","type-page","status-publish","hentry"],"_links":{"self":[{"href":"https:\/\/iicstoccolma.esteri.it\/it\/wp-json\/wp\/v2\/pages\/552","targetHints":{"allow":["GET"]}}],"collection":[{"href":"https:\/\/iicstoccolma.esteri.it\/it\/wp-json\/wp\/v2\/pages"}],"about":[{"href":"https:\/\/iicstoccolma.esteri.it\/it\/wp-json\/wp\/v2\/types\/page"}],"author":[{"embeddable":true,"href":"https:\/\/iicstoccolma.esteri.it\/it\/wp-json\/wp\/v2\/users\/5"}],"replies":[{"embeddable":true,"href":"https:\/\/iicstoccolma.esteri.it\/it\/wp-json\/wp\/v2\/comments?post=552"}],"version-history":[{"count":6,"href":"https:\/\/iicstoccolma.esteri.it\/it\/wp-json\/wp\/v2\/pages\/552\/revisions"}],"predecessor-version":[{"id":28153,"href":"https:\/\/iicstoccolma.esteri.it\/it\/wp-json\/wp\/v2\/pages\/552\/revisions\/28153"}],"up":[{"embeddable":true,"href":"https:\/\/iicstoccolma.esteri.it\/it\/wp-json\/wp\/v2\/pages\/276"}],"wp:attachment":[{"href":"https:\/\/iicstoccolma.esteri.it\/it\/wp-json\/wp\/v2\/media?parent=552"}],"curies":[{"name":"wp","href":"https:\/\/api.w.org\/{rel}","templated":true}]}}