{"id":46406,"date":"2025-04-08T14:59:11","date_gmt":"2025-04-08T12:59:11","guid":{"rendered":"https:\/\/iicstoccolma.esteri.it\/?page_id=46406"},"modified":"2025-09-05T11:14:32","modified_gmt":"2025-09-05T09:14:32","slug":"edizione-2024","status":"publish","type":"page","link":"https:\/\/iicstoccolma.esteri.it\/it\/lingua-e-cultura\/borse-di-studio\/premio-stoccolma\/edizione-2024\/","title":{"rendered":"Seconda edizione \u2013 2024\/2025"},"content":{"rendered":"<p>Il Premio Stoccolma, che ha la finalit\u00e0 di promuovere nuovi modelli sostenibili per la produzione e il consumo di moda, \u00e8 stato assegnato nel mese di settembre 2024 da una giuria composta da esperti del settore moda, sia italiano che svedese<\/p>\n<p><strong><br \/>\n<\/strong>Sono risultati vincitori della seconda edizione del Premio,\u00a0<strong>Salvatore Vignola<\/strong> e\u00a0<strong>Carla Car\u00eca<\/strong>. I due fashion designer hanno cos\u00ec ottenuto l\u2019opportunit\u00e0 di trascorrere sei mesi in Svezia per un\u2019esperienza formativa e professionale presso organizzazioni, istituzioni e aziende all\u2019avanguardia dislocate sul territorio svedese, e approfondire i temi del fashion design sostenibile, dal riuso e riciclo dei materiali ai tessuti intelligenti, dai modelli di economia circolare alle tecnologie applicate.<\/p>\n<p>Le due residenze sono iniziate a febbraio 2025 consentendo ai vincitori di collaborare con due aziende svedesi d\u2019eccellenza, <strong>Deadwood<\/strong>\u00a0(Salvatore Vignola) e\u00a0<strong>Tiger of Sweden\u00a0<\/strong>(Carla Car\u00eca).<\/p>\n<p>Il focus sulle sfide urgenti della sostenibilit\u00e0 e dell\u2019eco-innovazione nel settore della moda hanno dato luogo a momenti di presentazione dei risultati durante due eventi nel corso della primavera 2025. <a href=\"https:\/\/iicstoccolma.esteri.it\/it\/gli_eventi\/calendario\/threading-a-sustainable-future-how-wool-is-shaping-fashion-between-italy-and-sweden\/\">Il 6 maggio<\/a> si \u00e8 organizzato un evento sulle possibilit\u00e0 della lana, dove \u00e8 stato presentato il lavoro di un workshop tenuto dai vincitori. Il lavoro della residenza \u00e8 inoltre stato presentato per il pubblico di settore durante la Stockholm Fashion Week, <a href=\"https:\/\/iicstoccolma.esteri.it\/it\/news\/dall_istituto\/2025\/06\/il-premio-stoccolma-2024-protagonista-alla-stockholm-fashion-week\/\">il 5 giugno<\/a>.<\/p>\n<hr \/>\n<p>Il Premio Stoccolma viene assegnato dalla Direzione Generale per la Creativit\u00e0 Contemporanea (Ministero della Cultura), la Direzione Generale per la Diplomazia Pubblica e Culturale (Ministero degli Affari Esteri e della Cooperazione Internazionale) e l\u2019Istituto Italiano di Cultura di Stoccolma, in collaborazione con\u00a0<a href=\"https:\/\/si.se\/en\/\"><strong>Swedish Institute<\/strong><\/a>\u00a0e\u00a0<a href=\"https:\/\/www.asfb.se\/\"><strong>Swedish Fashion Association<\/strong><\/a>, partner scientifici del progetto.<\/p>\n","protected":false},"excerpt":{"rendered":"Il Premio Stoccolma, che ha la finalit\u00e0 di promuovere nuovi modelli sostenibili per la produzione e il consumo di moda, \u00e8 stato assegnato nel mese di settembre 2024 da una giuria composta da esperti del settore moda, sia italiano che svedese Sono risultati vincitori della seconda edizione del Premio,\u00a0Salvatore Vignola e\u00a0Carla Car\u00eca. I due fashion [&hellip;]","protected":false},"author":8,"featured_media":0,"parent":301,"menu_order":4,"comment_status":"closed","ping_status":"closed","template":"","meta":{"footnotes":""},"class_list":["post-46406","page","type-page","status-publish","hentry"],"_links":{"self":[{"href":"https:\/\/iicstoccolma.esteri.it\/it\/wp-json\/wp\/v2\/pages\/46406","targetHints":{"allow":["GET"]}}],"collection":[{"href":"https:\/\/iicstoccolma.esteri.it\/it\/wp-json\/wp\/v2\/pages"}],"about":[{"href":"https:\/\/iicstoccolma.esteri.it\/it\/wp-json\/wp\/v2\/types\/page"}],"author":[{"embeddable":true,"href":"https:\/\/iicstoccolma.esteri.it\/it\/wp-json\/wp\/v2\/users\/8"}],"replies":[{"embeddable":true,"href":"https:\/\/iicstoccolma.esteri.it\/it\/wp-json\/wp\/v2\/comments?post=46406"}],"version-history":[{"count":4,"href":"https:\/\/iicstoccolma.esteri.it\/it\/wp-json\/wp\/v2\/pages\/46406\/revisions"}],"predecessor-version":[{"id":48743,"href":"https:\/\/iicstoccolma.esteri.it\/it\/wp-json\/wp\/v2\/pages\/46406\/revisions\/48743"}],"up":[{"embeddable":true,"href":"https:\/\/iicstoccolma.esteri.it\/it\/wp-json\/wp\/v2\/pages\/301"}],"wp:attachment":[{"href":"https:\/\/iicstoccolma.esteri.it\/it\/wp-json\/wp\/v2\/media?parent=46406"}],"curies":[{"name":"wp","href":"https:\/\/api.w.org\/{rel}","templated":true}]}}