{"id":41,"date":"2023-04-03T20:55:21","date_gmt":"2023-04-03T18:55:21","guid":{"rendered":"https:\/\/istitutobuenosaires.esteri.it\/?page_id=41"},"modified":"2026-01-27T14:36:37","modified_gmt":"2026-01-27T13:36:37","slug":"contatti","status":"publish","type":"page","link":"https:\/\/iicstoccolma.esteri.it\/it\/chi-siamo\/contatti\/","title":{"rendered":"Contatti"},"content":{"rendered":"<h5><span class=\"titoloRosso\">Istituto Italiano di Cultura &#8220;C.M. Lerici&#8221;<\/span><br \/>\nG\u00e4rdesgatan 14, 115 27 Stockholm<br \/>\n+46 (0)8 &#8211; 54 58 57 63<\/h5>\n<p>&nbsp;<\/p>\n<p><strong>Richieste generali<\/strong>: <a href=\"mailto:iicstoccolma@esteri.it\">iicstoccolma@esteri.it<\/a><\/p>\n<p><strong>Segreteria<\/strong>: <a href=\"mailto:stockholm.segreteria@esteri.it\">stockholm.segreteria@esteri.it<\/a><\/p>\n<p><a href=\"https:\/\/iicstoccolma.esteri.it\/it\/chi-siamo\/contatti\/proposte-culturali\/\"><strong>Proposte culturali<\/strong><\/a>: <a href=\"mailto:stockholm.proposte@esteri.it\">stockholm.proposte@esteri.it<\/a><\/p>\n<p><a href=\"https:\/\/iicstoccolma.esteri.it\/it\/lingua-e-cultura\/biblioteca\/\"><strong>Biblioteca<\/strong><\/a>: <a class=\"focus--mouse\" href=\"mailto:bibliotek.iicstockholm@esteri.it\" data-focus-mouse=\"true\">bibliotek.iicstockholm@esteri.it<\/a><\/p>\n<p>&nbsp;<\/p>\n<p><span class=\"titoloRosso\"><strong>Orario di apertura al pubblico<\/strong><\/span><\/p>\n<ul>\n<li>Luned\u00ec: 9:30 &#8211; 13:00 &amp; 14:00 &#8211; 16:30<\/li>\n<li>Marted\u00ec: 9:30 &#8211; 13:00 &amp; 14:00 &#8211; 16:30<\/li>\n<li>Mercoled\u00ec: 9:30 &#8211; 13:00 &amp; 14:00 &#8211; 16:30<\/li>\n<li>Gioved\u00ec: 9:30 &#8211; 13:00 &amp; 14:00 &#8211; 16:30<\/li>\n<li>Venerd\u00ec: 9:30 &#8211; 13:00<\/li>\n<li>Sabato: chiuso<\/li>\n<li>Domenica: chiuso<\/li>\n<\/ul>\n<p><strong>Come raggiungere l&#8217;Istituto<\/strong><\/p>\n<ul>\n<li>Bus 69: fermata Ambassaderna<\/li>\n<li>Bus 72: fermata Hakberget<\/li>\n<li>Bus 4: fermata Radiohuset<\/li>\n<li>Metro: linea rossa 13, fermata Karlaplan<\/li>\n<\/ul>\n<p><strong>Giorni di chiusura 2026<\/strong><\/p>\n<div class=\"col-lg-8\">\n<article id=\"post-719\" class=\"post-719 page type-page status-publish hentry\">\n<div class=\"entry-content\">\n<ul>\n<li>01 gennaio<i>\u00a0<\/i>\u2013 CAPODANNO<\/li>\n<li>06 gennaio<i>\u00a0<\/i>\u2013 EPIFANIA<\/li>\n<li>03 aprile \u2013 VENERD\u00cc SANTO<\/li>\n<li>06 aprile \u2013 LUNED\u00cc DELL\u2019ANGELO<\/li>\n<li>25 aprile \u2013 FESTA DELLA LIBERAZIONE<\/li>\n<li>01 maggio\u00a0\u2013 FESTA DEL LAVORO<\/li>\n<li>02 giugno<i>\u00a0<\/i>\u2013 FESTA DELLA REPUBBLICA ITALIANA<\/li>\n<li>06 giugno\u00a0\u2013 FESTA NAZIONALE SVEDESE<\/li>\n<li>04 ottobre &#8211; FESTA DI SAN FRANCESCO<\/li>\n<li>24 dicembre \u2013 VIGILIA DI NATALE<\/li>\n<li>25 dicembre<em>\u00a0<\/em>\u2013 NATALE<\/li>\n<li>26 dicembre \u2013 SANTO STEFANO<\/li>\n<\/ul>\n<p><strong>Diventare soci<\/strong><\/p>\n<p>\u00c8 possibile diventare <strong>soci<\/strong> dell\u2019Istituto Italiano di Cultura \u201cC.M. Lerici\u201d versando una quota associativa di 350 corone svedesi (150 corone per pensionati e pensionate, gratis per studenti e studentesse). Per istruzioni sull&#8217;iscrizione, visita la pagina <a href=\"https:\/\/iicstoccolma.esteri.it\/it\/lingua-e-cultura\/biblioteca\/diventare-soci\/\">&#8220;Diventare soci&#8221;<\/a><\/p>\n<\/div>\n<\/article>\n<\/div>\n<div class=\"entry-content\">\n<p>L\u2019iscrizione, valida\u00a0<strong>12 mesi<\/strong>\u00a0a partire dalla data di pagamento, d\u00e0 diritto a:<\/p>\n<ul>\n<li><a href=\"https:\/\/iicstoccolma.esteri.it\/it\/lingua-e-cultura\/biblioteca\/\">prestito bibliotecario<\/a>;<\/li>\n<li>ingresso gratuito ad alcune manifestazioni che l\u2019Istituto svolge in collaborazione con altri enti culturali;<\/li>\n<li>biglietti omaggio ad anteprime cinematografiche.<\/li>\n<\/ul>\n<\/div>\n<hr \/>\n<p><strong>Seguici sui nostri canali social!<\/strong><\/p>\n<p><b>IG: @iicstoccolma <\/b><img loading=\"lazy\" decoding=\"async\" class=\" img-fluid alignnone wp-image-29384\" src=\"https:\/\/iicstoccolma.esteri.it\/wp-content\/uploads\/2023\/12\/IG.png\" alt=\"\" width=\"68\" height=\"68\" srcset=\"https:\/\/iicstoccolma.esteri.it\/wp-content\/uploads\/2023\/12\/IG.png 1023w, https:\/\/iicstoccolma.esteri.it\/wp-content\/uploads\/2023\/12\/IG-300x300.png 300w, https:\/\/iicstoccolma.esteri.it\/wp-content\/uploads\/2023\/12\/IG-150x150.png 150w, https:\/\/iicstoccolma.esteri.it\/wp-content\/uploads\/2023\/12\/IG-768x768.png 768w\" sizes=\"auto, (max-width: 68px) 100vw, 68px\" \/> <b>FB:<\/b>\u00a0<b><\/b><img loading=\"lazy\" decoding=\"async\" class=\" img-fluid alignnone wp-image-29382\" src=\"https:\/\/iicstoccolma.esteri.it\/wp-content\/uploads\/2023\/12\/FB.png\" alt=\"\" width=\"68\" height=\"68\" srcset=\"https:\/\/iicstoccolma.esteri.it\/wp-content\/uploads\/2023\/12\/FB.png 1015w, https:\/\/iicstoccolma.esteri.it\/wp-content\/uploads\/2023\/12\/FB-300x300.png 300w, https:\/\/iicstoccolma.esteri.it\/wp-content\/uploads\/2023\/12\/FB-150x150.png 150w, https:\/\/iicstoccolma.esteri.it\/wp-content\/uploads\/2023\/12\/FB-768x768.png 768w\" sizes=\"auto, (max-width: 68px) 100vw, 68px\" \/><\/p>\n<aside id=\"secondary\" class=\"widget-area col-lg-4 ps-3 d-none d-lg-block d-xl-block affix-parent\"><\/aside>\n","protected":false},"excerpt":{"rendered":"Istituto Italiano di Cultura &#8220;C.M. Lerici&#8221; G\u00e4rdesgatan 14, 115 27 Stockholm +46 (0)8 &#8211; 54 58 57 63 &nbsp; Richieste generali: iicstoccolma@esteri.it Segreteria: stockholm.segreteria@esteri.it Proposte culturali: stockholm.proposte@esteri.it Biblioteca: bibliotek.iicstockholm@esteri.it &nbsp; Orario di apertura al pubblico Luned\u00ec: 9:30 &#8211; 13:00 &amp; 14:00 &#8211; 16:30 Marted\u00ec: 9:30 &#8211; 13:00 &amp; 14:00 &#8211; 16:30 Mercoled\u00ec: 9:30 &#8211; 13:00 [&hellip;]","protected":false},"author":1,"featured_media":0,"parent":15,"menu_order":4,"comment_status":"closed","ping_status":"closed","template":"","meta":{"footnotes":""},"class_list":["post-41","page","type-page","status-publish","hentry"],"_links":{"self":[{"href":"https:\/\/iicstoccolma.esteri.it\/it\/wp-json\/wp\/v2\/pages\/41","targetHints":{"allow":["GET"]}}],"collection":[{"href":"https:\/\/iicstoccolma.esteri.it\/it\/wp-json\/wp\/v2\/pages"}],"about":[{"href":"https:\/\/iicstoccolma.esteri.it\/it\/wp-json\/wp\/v2\/types\/page"}],"author":[{"embeddable":true,"href":"https:\/\/iicstoccolma.esteri.it\/it\/wp-json\/wp\/v2\/users\/1"}],"replies":[{"embeddable":true,"href":"https:\/\/iicstoccolma.esteri.it\/it\/wp-json\/wp\/v2\/comments?post=41"}],"version-history":[{"count":8,"href":"https:\/\/iicstoccolma.esteri.it\/it\/wp-json\/wp\/v2\/pages\/41\/revisions"}],"predecessor-version":[{"id":53008,"href":"https:\/\/iicstoccolma.esteri.it\/it\/wp-json\/wp\/v2\/pages\/41\/revisions\/53008"}],"up":[{"embeddable":true,"href":"https:\/\/iicstoccolma.esteri.it\/it\/wp-json\/wp\/v2\/pages\/15"}],"wp:attachment":[{"href":"https:\/\/iicstoccolma.esteri.it\/it\/wp-json\/wp\/v2\/media?parent=41"}],"curies":[{"name":"wp","href":"https:\/\/api.w.org\/{rel}","templated":true}]}}