{"id":403,"date":"2023-10-10T15:33:44","date_gmt":"2023-10-10T13:33:44","guid":{"rendered":"https:\/\/iicstoccolma.esteri.it\/?page_id=403"},"modified":"2023-11-27T11:56:42","modified_gmt":"2023-11-27T10:56:42","slug":"comete","status":"publish","type":"page","link":"https:\/\/iicstoccolma.esteri.it\/it\/lingua-e-cultura\/pubblicazioni-delliic\/comete\/","title":{"rendered":"Comete"},"content":{"rendered":"<h5>La poesia rappresenta uno dei fenomeni letterari pi\u00f9 complessi e variegati della letteratura Italiana del Novecento.<\/h5>\n<p>&nbsp;<\/p>\n<p>Se alcune personalit\u00e0 sono gi\u00e0 entrate nel canone della Storia della Letteratura e alcuni movimenti sono stati ormai codificati dalla critica letteraria, fornendo una periodizzazione che aiuta a orientarsi nella vastissima produzione lirica novecentesca, un\u2019analisi pi\u00f9 approfondita da una prospettiva di genere \u2013 quella femminile \u2013 \u00e8 ancora materia di dibattito e in fase di elaborazione.<\/p>\n<p>Per questa ragione, l\u2019<strong>Istituto Italiano di Cultura<\/strong>\u00a0ha avviato nel 2020 una nuova collana della serie di pubblicazioni\u00a0<strong>\u201cCartaditalia\u201d<\/strong>\u00a0dal titolo\u00a0<strong>\u201cComete\u201d<\/strong>, dedicata alle poetesse Italiane attive dall\u2019inizio del secolo scorso fino ad oggi.<\/p>\n<p>La prima antologia, intitolata <strong><em>Dieci indomite fiamme<\/em><\/strong>, a cura di\u00a0<strong>Claudio Pozzani<\/strong>, intende fornire una panoramica delle poetesse non pi\u00f9 in vita, la cui produzione letteraria ha segnato in maniera indelebile la poesia Italiana del Novecento. Partendo dalle figure \u201cstoriche\u201d, quali\u00a0<strong>Ada Negri<\/strong>\u00a0e\u00a0<strong>Sibilla Aleramo<\/strong>, passando per<strong>\u00a0Antonia Pozzi<\/strong>,\u00a0<strong>Elsa Morante<\/strong>,\u00a0<strong>Amalia Rosselli<\/strong>\u00a0e\u00a0<strong>Cristina Campo<\/strong>, l\u2019antologia giunge fino a\u00a0<strong>Jolanda Insana<\/strong>,\u00a0<strong>Alda Merini<\/strong>\u00a0e\u00a0<strong>Maria Luisa Spaziani<\/strong>, e si conclude con la breve e folgorante parabola umana e letteraria di\u00a0<strong>Patrizia Vicinelli<\/strong>.<\/p>\n<p>La seconda antologia, pubblicata alla fine del 2022 e curata da\u00a0<strong>Daniela Marcheschi<\/strong>, si intitola <strong><em>La pungente grazia<\/em><\/strong>\u00a0e mira a fornire un\u2019analisi di cinque figure che ben rappresentano, ciascuna con la propria storia e la propria specificit\u00e0, il quadro della poesia italiana degli ultimi decenni:\u00a0<strong>Anna Cascella Luciani<\/strong>,\u00a0<strong>Cristina Annino<\/strong>,\u00a0<strong>Maura Del Serra<\/strong>,\u00a0<strong>Margherita Rimi<\/strong>\u00a0e\u00a0<strong>Chiara Carminati.<\/strong><\/p>\n<p>&nbsp;<\/p>\n<hr \/>\n<p>I due volumi sono in vendita su\u00a0<strong>Adlibris<\/strong>,\u00a0<strong>Bokus<\/strong>, <strong>Amazon<\/strong>, e presso\u00a0l&#8217;<strong>Istituto<\/strong> (G\u00e4rdesgatan 14, Stoccolma).<\/p>\n","protected":false},"excerpt":{"rendered":"La poesia rappresenta uno dei fenomeni letterari pi\u00f9 complessi e variegati della letteratura Italiana del Novecento. &nbsp; Se alcune personalit\u00e0 sono gi\u00e0 entrate nel canone della Storia della Letteratura e alcuni movimenti sono stati ormai codificati dalla critica letteraria, fornendo una periodizzazione che aiuta a orientarsi nella vastissima produzione lirica novecentesca, un\u2019analisi pi\u00f9 approfondita da [&hellip;]","protected":false},"author":5,"featured_media":0,"parent":182,"menu_order":3,"comment_status":"closed","ping_status":"closed","template":"","meta":{"footnotes":""},"class_list":["post-403","page","type-page","status-publish","hentry"],"_links":{"self":[{"href":"https:\/\/iicstoccolma.esteri.it\/it\/wp-json\/wp\/v2\/pages\/403","targetHints":{"allow":["GET"]}}],"collection":[{"href":"https:\/\/iicstoccolma.esteri.it\/it\/wp-json\/wp\/v2\/pages"}],"about":[{"href":"https:\/\/iicstoccolma.esteri.it\/it\/wp-json\/wp\/v2\/types\/page"}],"author":[{"embeddable":true,"href":"https:\/\/iicstoccolma.esteri.it\/it\/wp-json\/wp\/v2\/users\/5"}],"replies":[{"embeddable":true,"href":"https:\/\/iicstoccolma.esteri.it\/it\/wp-json\/wp\/v2\/comments?post=403"}],"version-history":[{"count":6,"href":"https:\/\/iicstoccolma.esteri.it\/it\/wp-json\/wp\/v2\/pages\/403\/revisions"}],"predecessor-version":[{"id":28244,"href":"https:\/\/iicstoccolma.esteri.it\/it\/wp-json\/wp\/v2\/pages\/403\/revisions\/28244"}],"up":[{"embeddable":true,"href":"https:\/\/iicstoccolma.esteri.it\/it\/wp-json\/wp\/v2\/pages\/182"}],"wp:attachment":[{"href":"https:\/\/iicstoccolma.esteri.it\/it\/wp-json\/wp\/v2\/media?parent=403"}],"curies":[{"name":"wp","href":"https:\/\/api.w.org\/{rel}","templated":true}]}}