{"id":361,"date":"2023-10-10T12:27:11","date_gmt":"2023-10-10T10:27:11","guid":{"rendered":"https:\/\/iicstoccolma.esteri.it\/?page_id=361"},"modified":"2024-01-12T11:30:46","modified_gmt":"2024-01-12T10:30:46","slug":"la-pungente-grazia-cinque-poetesse","status":"publish","type":"page","link":"https:\/\/iicstoccolma.esteri.it\/it\/lingua-e-cultura\/pubblicazioni-delliic\/comete\/la-pungente-grazia-cinque-poetesse\/","title":{"rendered":"La pungente grazia: cinque poetesse"},"content":{"rendered":"<h5>Con <strong><em>La pungente grazia<\/em><\/strong>\u00a0prosegue la collana\u00a0<strong>\u201cComete\u201d<\/strong>, dedicata a promuovere la poesia italiana contemporanea.<\/h5>\n<blockquote>\n<h6><em>C\u2019\u00e8 bisogno di una attivit\u00e0 critica motivate, e di \u201cresistenza\u201d come quella di una antologia, contro i conformismi e le logiche estranee al merito, che premiano Spesso gli uomini e le donne gradite a un ambiente talvolta chiuso in gruppi e circoli autoreferenziali. (\u2026) Per questo motive abbiamo scelto di presentare al pubblico svedese cinque poetesse di rango, il cui lavoro presenta a nostro avviso caratteri di originalit\u00e0 sul piano internazionale: Anna Cascella Luciani, Cristina Annino, Maura Del Serra, Margherita Rimi, Chiara Carminati.<br \/>\n<\/em>&#8211; Daniela Marcheschi<\/h6>\n<\/blockquote>\n<p>Questa nuova selezione, curata da\u00a0<strong>Daniela Marcheschi<\/strong>, arriva fino ai nostri giorni e propone cinque tra le autrici pi\u00f9 significative degli ultimi decenni, secondo una prospettiva che, oltre al dato di genere, ruota attorno a un modo comune di intendere la poesia.<\/p>\n<p>Oggi pi\u00f9 che mai la parola scritta ha un ruolo centrale nella nostra vita quotidiana, avendo conquistato, grazie ai social network, spazi che fino a un tempo soltanto recente erano riservati all\u2019oralit\u00e0. In questo contesto, la scelta poetica assume un valore speciale perch\u00e9 rivendica per lo scritto la possibilit\u00e0 di aprire un altrove, di veicolare interrogativi, di proporre giochi non ovvi, di ingaggiare il lettore in una lotta ermeneutica che gli sottragga la possibilit\u00e0 dell\u2019interpretazione pi\u00f9 comoda. Pi\u00f9 che spazio della verit\u00e0, la poesia \u00e8 spazio per la domanda sulla verit\u00e0.<\/p>\n<p>Se, da una parte, i componimenti di\u00a0<strong>Anna Cascella Luciani<\/strong>,\u00a0<strong>Cristina Annino<\/strong>,\u00a0<strong>Maura Del Serra<\/strong>,\u00a0<strong>Margherita Rimi<\/strong>\u00a0e\u00a0<strong>Chiara Carminati<\/strong>\u00a0sono espressione di una ricerca esistenziale e soggettiva che muove i suoi passi dalla specificit\u00e0 di un sentire femminile, dall\u2019altra le cinque autrici si servono della poesia per superare il dato biografico e occasionale trasfigurandolo, ciascuna con propri accenti, nella dimensione corporea e insieme immaginifica della scrittura, protesa in s\u00e9 stessa, e quasi per forza, verso l\u2019atemporalit\u00e0.<\/p>\n<p><strong>La copertina<br \/>\n<img loading=\"lazy\" decoding=\"async\" class=\"alignnone size-medium wp-image-27199 img-fluid\" src=\"https:\/\/iicstoccolma.esteri.it\/wp-content\/uploads\/2023\/11\/CopertineCartadItalia_usodigital_220x300px_e2-220x300.png\" alt=\"\" width=\"220\" height=\"300\" srcset=\"https:\/\/iicstoccolma.esteri.it\/wp-content\/uploads\/2023\/11\/CopertineCartadItalia_usodigital_220x300px_e2-220x300.png 220w, https:\/\/iicstoccolma.esteri.it\/wp-content\/uploads\/2023\/11\/CopertineCartadItalia_usodigital_220x300px_e2-751x1024.png 751w, https:\/\/iicstoccolma.esteri.it\/wp-content\/uploads\/2023\/11\/CopertineCartadItalia_usodigital_220x300px_e2-768x1047.png 768w, https:\/\/iicstoccolma.esteri.it\/wp-content\/uploads\/2023\/11\/CopertineCartadItalia_usodigital_220x300px_e2.png 917w\" sizes=\"auto, (max-width: 220px) 100vw, 220px\" \/><br \/>\n<\/strong><\/p>\n<p>&nbsp;<\/p>\n<hr \/>\n<p><em>La pungente grazia<\/em> \u00e8 in vendita su <strong><a href=\"https:\/\/www.adlibris.com\/se\/bok\/den-skarpa-naden-fem-kvinnliga-poeter-9789152706220\">Adlibris<\/a>, <a href=\"https:\/\/www.amazon.se\/Den-skarpa-n%C3%A5den-kvinnliga-poeter\/dp\/9152706222\/ref=sr_1_1?keywords=skarpa+n%C3%A5den&amp;qid=1670255001&amp;sr=8-1\">Amazon<\/a><\/strong> e presso l&#8217;<strong>Istituto<\/strong> (G\u00e4rdesgatan 14, Stoccolma).<\/p>\n","protected":false},"excerpt":{"rendered":"Con La pungente grazia\u00a0prosegue la collana\u00a0\u201cComete\u201d, dedicata a promuovere la poesia italiana contemporanea. C\u2019\u00e8 bisogno di una attivit\u00e0 critica motivate, e di \u201cresistenza\u201d come quella di una antologia, contro i conformismi e le logiche estranee al merito, che premiano Spesso gli uomini e le donne gradite a un ambiente talvolta chiuso in gruppi e circoli [&hellip;]","protected":false},"author":5,"featured_media":0,"parent":403,"menu_order":1,"comment_status":"closed","ping_status":"closed","template":"","meta":{"footnotes":""},"class_list":["post-361","page","type-page","status-publish","hentry"],"_links":{"self":[{"href":"https:\/\/iicstoccolma.esteri.it\/it\/wp-json\/wp\/v2\/pages\/361","targetHints":{"allow":["GET"]}}],"collection":[{"href":"https:\/\/iicstoccolma.esteri.it\/it\/wp-json\/wp\/v2\/pages"}],"about":[{"href":"https:\/\/iicstoccolma.esteri.it\/it\/wp-json\/wp\/v2\/types\/page"}],"author":[{"embeddable":true,"href":"https:\/\/iicstoccolma.esteri.it\/it\/wp-json\/wp\/v2\/users\/5"}],"replies":[{"embeddable":true,"href":"https:\/\/iicstoccolma.esteri.it\/it\/wp-json\/wp\/v2\/comments?post=361"}],"version-history":[{"count":6,"href":"https:\/\/iicstoccolma.esteri.it\/it\/wp-json\/wp\/v2\/pages\/361\/revisions"}],"predecessor-version":[{"id":30599,"href":"https:\/\/iicstoccolma.esteri.it\/it\/wp-json\/wp\/v2\/pages\/361\/revisions\/30599"}],"up":[{"embeddable":true,"href":"https:\/\/iicstoccolma.esteri.it\/it\/wp-json\/wp\/v2\/pages\/403"}],"wp:attachment":[{"href":"https:\/\/iicstoccolma.esteri.it\/it\/wp-json\/wp\/v2\/media?parent=361"}],"curies":[{"name":"wp","href":"https:\/\/api.w.org\/{rel}","templated":true}]}}