{"id":35816,"date":"2024-04-02T15:09:38","date_gmt":"2024-04-02T13:09:38","guid":{"rendered":"https:\/\/iicstoccolma.esteri.it\/?page_id=35816"},"modified":"2025-09-05T11:13:39","modified_gmt":"2025-09-05T09:13:39","slug":"edizione-2023","status":"publish","type":"page","link":"https:\/\/iicstoccolma.esteri.it\/it\/lingua-e-cultura\/borse-di-studio\/premio-stoccolma\/edizione-2023\/","title":{"rendered":"Prima edizione \u2013 2023\/2024"},"content":{"rendered":"<h5>Il Premio, che ha la finalit\u00e0 di promuovere nuovi modelli sostenibili per la produzione e il consumo di moda, \u00e8 stato assegnato nel mese di settembre 2023 da una giuria composta da esperti del settore moda, sia italiano che svedese<\/h5>\n<p><strong><br \/>\n<\/strong>Sono risultate vincitrici della prima edizione del Premio, <strong>Giulia Ciola<\/strong>, fashion designer e ricercatrice della Naba con specializzazione in design rigenerativo e circolarit\u00e0 dei materiali moda, e\u00a0<strong>Clizia Moradei<\/strong>, dottoranda in moda sostenibile all\u2019Universit\u00e0 Iuav di Venezia con una ricerca che indaga il rapporto tra funghi e moda. Le due ricercatrici hanno cos\u00ec ottenuto l\u2019opportunit\u00e0 di trascorrere sei mesi in Svezia per un\u2019esperienza formativa e professionale presso organizzazioni, istituzioni e aziende all\u2019avanguardia dislocate sul territorio svedese, e approfondire i temi del fashion design sostenibile, dal riuso e riciclo dei materiali ai tessuti intelligenti, dai modelli di economia circolare alle tecnologie applicate.<\/p>\n<p>Le due residenze sono iniziate a febbraio 2024 consentendo alle vincitrici di collaborare con due aziende svedesi d\u2019eccellenza, <strong>Houdini<\/strong> (Giulia Ciola) e <strong>Tiger of Sweden <\/strong>(Clizia Moradei), oltre che con la facolt\u00e0 di\u00a0<strong>Fashion Studies della Stockholm University<\/strong>.<\/p>\n<blockquote>\n<h6><em>Intraprendere questa residenza di design insieme al team di Houdini Sportswear \u00e8 stata un\u2019esperienza arricchente e stimolante fin dal primo giorno. L\u2019azienda svedese di outdoor mi ha accolto calorosamente e ha mostrato grande interesse e sostegno nei confronti del mio tema di ricerca. Studiando le alghe e la canapa da una prospettiva sia sperimentale che scientifica, sto esplorando pratiche di design rigenerativo per l\u2019industria tessile e della moda. Houdini Sportswear si spinge sempre oltre i confini dell\u2019innovazione dei materiali per perseguire approcci alternativi alla produzione di fibre e capi d\u2019abbigliamento. Questa visione e la passione che condividiamo saranno al centro di emozionanti scambi di conoscenze e di idee creative durante la residenza.<br \/>\n<\/em>&#8211; Giulia Ciola<\/h6>\n<\/blockquote>\n<blockquote>\n<h6><em>Immergermi nella realt\u00e0 di Tiger of Sweden non \u00e8 solo l\u2019occasione per osservare dall\u2019interno il lavoro di un marchio storico della moda svedese, ma anche per interagire col suo team impegnato sui fronti di sostenibilit\u00e0, sviluppo prodotto e design per discutere insieme del suo futuro. In un contesto ampio e strutturato come questo, parlare di sostenibilit\u00e0 mette in moto sfide sempre pi\u00f9 difficili dettate dai numerosi dialoghi che si sovrappongono e frammentano nel tracciare fedelmente la filiera. Inoltre, per affrontare il tema della sostenibilit\u00e0 \u2013 e mi riferisco prima di tutto alla sostenibilit\u00e0 culturale \u2013 \u00e8 necessario stabilire collettivamente un insieme coeso di valori. La mia sfida qui \u00e8 innescare un dialogo sinergico con l\u2019obiettivo di aggiornare, secondo una metodologia interattiva e condivisa, la \u2018future fiber roadmap\u2019 e riflettere su come sistematizzare una visione di sostenibilit\u00e0 e di design per la circolarit\u00e0 in cui ciascuno giochi un ruolo pi\u00f9 consapevole, attivo e condiviso.<br \/>\n<\/em>&#8211; Clizia Moradei<\/h6>\n<\/blockquote>\n<p>Il focus sulle sfide urgenti della sostenibilit\u00e0 e dell\u2019eco-innovazione nel settore della moda hanno dato luogo a momenti di presentazione dei risultati durante l\u2019autunno 2024.<\/p>\n<p>&nbsp;<\/p>\n<hr \/>\n<p>In collaborazione con <a href=\"https:\/\/si.se\/en\/\"><strong>Swedish Institute<\/strong><\/a> e <a href=\"https:\/\/www.asfb.se\/\"><strong>Swedish Fashion Association<\/strong><\/a>, partner scientifici del progetto.<\/p>\n","protected":false},"excerpt":{"rendered":"Il Premio, che ha la finalit\u00e0 di promuovere nuovi modelli sostenibili per la produzione e il consumo di moda, \u00e8 stato assegnato nel mese di settembre 2023 da una giuria composta da esperti del settore moda, sia italiano che svedese Sono risultate vincitrici della prima edizione del Premio, Giulia Ciola, fashion designer e ricercatrice della [&hellip;]","protected":false},"author":5,"featured_media":0,"parent":301,"menu_order":3,"comment_status":"closed","ping_status":"closed","template":"","meta":{"footnotes":""},"class_list":["post-35816","page","type-page","status-publish","hentry"],"_links":{"self":[{"href":"https:\/\/iicstoccolma.esteri.it\/it\/wp-json\/wp\/v2\/pages\/35816","targetHints":{"allow":["GET"]}}],"collection":[{"href":"https:\/\/iicstoccolma.esteri.it\/it\/wp-json\/wp\/v2\/pages"}],"about":[{"href":"https:\/\/iicstoccolma.esteri.it\/it\/wp-json\/wp\/v2\/types\/page"}],"author":[{"embeddable":true,"href":"https:\/\/iicstoccolma.esteri.it\/it\/wp-json\/wp\/v2\/users\/5"}],"replies":[{"embeddable":true,"href":"https:\/\/iicstoccolma.esteri.it\/it\/wp-json\/wp\/v2\/comments?post=35816"}],"version-history":[{"count":7,"href":"https:\/\/iicstoccolma.esteri.it\/it\/wp-json\/wp\/v2\/pages\/35816\/revisions"}],"predecessor-version":[{"id":48741,"href":"https:\/\/iicstoccolma.esteri.it\/it\/wp-json\/wp\/v2\/pages\/35816\/revisions\/48741"}],"up":[{"embeddable":true,"href":"https:\/\/iicstoccolma.esteri.it\/it\/wp-json\/wp\/v2\/pages\/301"}],"wp:attachment":[{"href":"https:\/\/iicstoccolma.esteri.it\/it\/wp-json\/wp\/v2\/media?parent=35816"}],"curies":[{"name":"wp","href":"https:\/\/api.w.org\/{rel}","templated":true}]}}